{"id":75,"date":"2022-11-04T14:17:08","date_gmt":"2022-11-04T13:17:08","guid":{"rendered":"https:\/\/ready4crisis.eu\/?page_id=75"},"modified":"2025-10-10T16:27:03","modified_gmt":"2025-10-10T14:27:03","slug":"partners","status":"publish","type":"page","link":"https:\/\/ready4crisis.eu\/pl\/partners\/","title":{"rendered":"Partnerzy"},"content":{"rendered":"<div data-elementor-type=\"wp-page\" data-elementor-id=\"75\" class=\"elementor elementor-75\">\n\t\t\t\t\t\t<section class=\"elementor-section elementor-top-section elementor-element elementor-element-4a345f4 elementor-section-stretched partners-cl elementor-section-boxed elementor-section-height-default elementor-section-height-default\" data-id=\"4a345f4\" data-element_type=\"section\" data-e-type=\"section\" data-settings=\"{&quot;stretch_section&quot;:&quot;section-stretched&quot;,&quot;background_background&quot;:&quot;classic&quot;}\">\n\t\t\t\t\t\t<div class=\"elementor-container elementor-column-gap-default\">\n\t\t\t\t\t<div class=\"elementor-column elementor-col-25 elementor-top-column elementor-element elementor-element-fdf2a7d\" data-id=\"fdf2a7d\" data-element_type=\"column\" data-e-type=\"column\">\n\t\t\t<div class=\"elementor-widget-wrap elementor-element-populated\">\n\t\t\t\t\t\t<div class=\"elementor-element elementor-element-ee8890c elementor-widget elementor-widget-image\" data-id=\"ee8890c\" data-element_type=\"widget\" data-e-type=\"widget\" data-widget_type=\"image.default\">\n\t\t\t\t<div class=\"elementor-widget-container\">\n\t\t\t\t\t\t\t\t\t\t\t\t\t\t\t\t<a href=\"https:\/\/www.regiovision-schwerin.de\/en\/%20\" target=\"_blank\">\n\t\t\t\t\t\t\t<img decoding=\"async\" width=\"250\" height=\"150\" src=\"https:\/\/ready4crisis.eu\/wp-content\/uploads\/2023\/06\/p3.png\" class=\"attachment-large size-large wp-image-220\" alt=\"p3\" srcset=\"https:\/\/ready4crisis.eu\/wp-content\/uploads\/2023\/06\/p3.png 250w, https:\/\/ready4crisis.eu\/wp-content\/uploads\/2023\/06\/p3-200x120.png 200w\" sizes=\"(max-width: 250px) 100vw, 250px\" \/>\t\t\t\t\t\t\t\t<\/a>\n\t\t\t\t\t\t\t\t\t\t\t\t\t\t\t<\/div>\n\t\t\t\t<\/div>\n\t\t\t\t<div class=\"elementor-element elementor-element-5405682 elementor-widget elementor-widget-text-editor\" data-id=\"5405682\" data-element_type=\"widget\" data-e-type=\"widget\" data-widget_type=\"text-editor.default\">\n\t\t\t\t<div class=\"elementor-widget-container\">\n\t\t\t\t\t\t\t\t\t<p><a href=\"https:\/\/www.regiovision-schwerin.de\/en\/\" target=\"_blank\" rel=\"noopener\">RegioVision GmbH Schwerin, Germany<\/a><\/p>\t\t\t\t\t\t\t\t<\/div>\n\t\t\t\t<\/div>\n\t\t\t\t\t<\/div>\n\t\t<\/div>\n\t\t\t\t<div class=\"elementor-column elementor-col-25 elementor-top-column elementor-element elementor-element-2f6cc61\" data-id=\"2f6cc61\" data-element_type=\"column\" data-e-type=\"column\">\n\t\t\t<div class=\"elementor-widget-wrap elementor-element-populated\">\n\t\t\t\t\t\t<div class=\"elementor-element elementor-element-655c625 elementor-widget elementor-widget-image\" data-id=\"655c625\" data-element_type=\"widget\" data-e-type=\"widget\" data-widget_type=\"image.default\">\n\t\t\t\t<div class=\"elementor-widget-container\">\n\t\t\t\t\t\t\t\t\t\t\t\t\t\t\t<img decoding=\"async\" width=\"150\" height=\"150\" src=\"https:\/\/ready4crisis.eu\/wp-content\/uploads\/2025\/06\/SIAL-logo-150x150.jpg\" class=\"attachment-thumbnail size-thumbnail wp-image-1812\" alt=\"SIAL logo\" srcset=\"https:\/\/ready4crisis.eu\/wp-content\/uploads\/2025\/06\/SIAL-logo-150x150.jpg 150w, https:\/\/ready4crisis.eu\/wp-content\/uploads\/2025\/06\/SIAL-logo-11x12.jpg 11w\" sizes=\"(max-width: 150px) 100vw, 150px\" \/>\t\t\t\t\t\t\t\t\t\t\t\t\t\t\t<\/div>\n\t\t\t\t<\/div>\n\t\t\t\t<div class=\"elementor-element elementor-element-6e787b2 elementor-widget elementor-widget-text-editor\" data-id=\"6e787b2\" data-element_type=\"widget\" data-e-type=\"widget\" data-widget_type=\"text-editor.default\">\n\t\t\t\t<div class=\"elementor-widget-container\">\n\t\t\t\t\t\t\t\t\t<p><a href=\"https:\/\/www.sialsicurezza.it\/\" target=\"_blank\" rel=\"noopener\">Sial S.a.s. Sicurezza e lavoro<\/a><\/p>\t\t\t\t\t\t\t\t<\/div>\n\t\t\t\t<\/div>\n\t\t\t\t\t<\/div>\n\t\t<\/div>\n\t\t\t\t<div class=\"elementor-column elementor-col-25 elementor-top-column elementor-element elementor-element-3a4387a\" data-id=\"3a4387a\" data-element_type=\"column\" data-e-type=\"column\">\n\t\t\t<div class=\"elementor-widget-wrap elementor-element-populated\">\n\t\t\t\t\t\t<div class=\"elementor-element elementor-element-7122124 elementor-widget elementor-widget-image\" data-id=\"7122124\" data-element_type=\"widget\" data-e-type=\"widget\" data-widget_type=\"image.default\">\n\t\t\t\t<div class=\"elementor-widget-container\">\n\t\t\t\t\t\t\t\t\t\t\t\t\t\t\t\t<a href=\"https:\/\/www.i2000.cz\/%20\" target=\"_blank\">\n\t\t\t\t\t\t\t<img decoding=\"async\" width=\"250\" height=\"150\" src=\"https:\/\/ready4crisis.eu\/wp-content\/uploads\/2023\/06\/p1.png\" class=\"attachment-large size-large wp-image-222\" alt=\"p1\" srcset=\"https:\/\/ready4crisis.eu\/wp-content\/uploads\/2023\/06\/p1.png 250w, https:\/\/ready4crisis.eu\/wp-content\/uploads\/2023\/06\/p1-200x120.png 200w\" sizes=\"(max-width: 250px) 100vw, 250px\" \/>\t\t\t\t\t\t\t\t<\/a>\n\t\t\t\t\t\t\t\t\t\t\t\t\t\t\t<\/div>\n\t\t\t\t<\/div>\n\t\t\t\t<div class=\"elementor-element elementor-element-5ff1720 elementor-widget elementor-widget-text-editor\" data-id=\"5ff1720\" data-element_type=\"widget\" data-e-type=\"widget\" data-widget_type=\"text-editor.default\">\n\t\t\t\t<div class=\"elementor-widget-container\">\n\t\t\t\t\t\t\t\t\t<p><a href=\"https:\/\/www.i2000.cz\/\" target=\"_blank\" rel=\"noopener\">INSTITUT INPRO ,Prague, Czech Republic<\/a><\/p>\t\t\t\t\t\t\t\t<\/div>\n\t\t\t\t<\/div>\n\t\t\t\t\t<\/div>\n\t\t<\/div>\n\t\t\t\t<div class=\"elementor-column elementor-col-25 elementor-top-column elementor-element elementor-element-ca040ad\" data-id=\"ca040ad\" data-element_type=\"column\" data-e-type=\"column\">\n\t\t\t<div class=\"elementor-widget-wrap elementor-element-populated\">\n\t\t\t\t\t\t<div class=\"elementor-element elementor-element-afe2063 elementor-widget elementor-widget-image\" data-id=\"afe2063\" data-element_type=\"widget\" data-e-type=\"widget\" data-widget_type=\"image.default\">\n\t\t\t\t<div class=\"elementor-widget-container\">\n\t\t\t\t\t\t\t\t\t\t\t\t\t\t\t\t<a href=\"https:\/\/dscaslav.cz\/%20\" target=\"_blank\">\n\t\t\t\t\t\t\t<img loading=\"lazy\" decoding=\"async\" width=\"250\" height=\"150\" src=\"https:\/\/ready4crisis.eu\/wp-content\/uploads\/2023\/06\/p8.png\" class=\"attachment-large size-large wp-image-215\" alt=\"p8\" srcset=\"https:\/\/ready4crisis.eu\/wp-content\/uploads\/2023\/06\/p8.png 250w, https:\/\/ready4crisis.eu\/wp-content\/uploads\/2023\/06\/p8-200x120.png 200w\" sizes=\"(max-width: 250px) 100vw, 250px\" \/>\t\t\t\t\t\t\t\t<\/a>\n\t\t\t\t\t\t\t\t\t\t\t\t\t\t\t<\/div>\n\t\t\t\t<\/div>\n\t\t\t\t<div class=\"elementor-element elementor-element-b5ca5a9 elementor-widget elementor-widget-text-editor\" data-id=\"b5ca5a9\" data-element_type=\"widget\" data-e-type=\"widget\" data-widget_type=\"text-editor.default\">\n\t\t\t\t<div class=\"elementor-widget-container\">\n\t\t\t\t\t\t\t\t\t<a href=\"https:\/\/dscaslav.cz\/\" target=\"_blank\" rel=\"noopener\">St\u0159edn\u00ed odborn\u00e1 \u0161kola a St\u0159edn\u00ed odborn\u00e9 u\u010dili\u0161t\u011b dopravn\u00ed \u010c\u00e1slav, Czech Republic<\/a>\t\t\t\t\t\t\t\t<\/div>\n\t\t\t\t<\/div>\n\t\t\t\t\t<\/div>\n\t\t<\/div>\n\t\t\t\t\t<\/div>\n\t\t<\/section>\n\t\t\t\t<section class=\"elementor-section elementor-top-section elementor-element elementor-element-a350348 partners-cl elementor-section-boxed elementor-section-height-default elementor-section-height-default\" data-id=\"a350348\" data-element_type=\"section\" data-e-type=\"section\">\n\t\t\t\t\t\t<div class=\"elementor-container elementor-column-gap-default\">\n\t\t\t\t\t<div class=\"elementor-column elementor-col-25 elementor-top-column elementor-element elementor-element-ac432cb\" data-id=\"ac432cb\" data-element_type=\"column\" data-e-type=\"column\">\n\t\t\t<div class=\"elementor-widget-wrap elementor-element-populated\">\n\t\t\t\t\t\t<div class=\"elementor-element elementor-element-9610633 elementor-widget elementor-widget-image\" data-id=\"9610633\" data-element_type=\"widget\" data-e-type=\"widget\" data-widget_type=\"image.default\">\n\t\t\t\t<div class=\"elementor-widget-container\">\n\t\t\t\t\t\t\t\t\t\t\t\t\t\t\t\t<a href=\"https:\/\/www.regiovision-schwerin.de\/en\/%20\" target=\"_blank\">\n\t\t\t\t\t\t\t<img loading=\"lazy\" decoding=\"async\" width=\"250\" height=\"150\" src=\"https:\/\/ready4crisis.eu\/wp-content\/uploads\/2023\/06\/p2.png\" class=\"attachment-large size-large wp-image-221\" alt=\"p2\" srcset=\"https:\/\/ready4crisis.eu\/wp-content\/uploads\/2023\/06\/p2.png 250w, https:\/\/ready4crisis.eu\/wp-content\/uploads\/2023\/06\/p2-200x120.png 200w\" sizes=\"(max-width: 250px) 100vw, 250px\" \/>\t\t\t\t\t\t\t\t<\/a>\n\t\t\t\t\t\t\t\t\t\t\t\t\t\t\t<\/div>\n\t\t\t\t<\/div>\n\t\t\t\t<div class=\"elementor-element elementor-element-7be8528 elementor-widget elementor-widget-text-editor\" data-id=\"7be8528\" data-element_type=\"widget\" data-e-type=\"widget\" data-widget_type=\"text-editor.default\">\n\t\t\t\t<div class=\"elementor-widget-container\">\n\t\t\t\t\t\t\t\t\t<p><a href=\"https:\/\/pl.linkedin.com\/company\/life-project-joanna-zwoli%C5%84ska\" target=\"_blank\" rel=\"noopener\">LIFE-PROJECT, Karwodrza, Poland<\/a><\/p>\t\t\t\t\t\t\t\t<\/div>\n\t\t\t\t<\/div>\n\t\t\t\t\t<\/div>\n\t\t<\/div>\n\t\t\t\t<div class=\"elementor-column elementor-col-25 elementor-top-column elementor-element elementor-element-4c99254\" data-id=\"4c99254\" data-element_type=\"column\" data-e-type=\"column\">\n\t\t\t<div class=\"elementor-widget-wrap elementor-element-populated\">\n\t\t\t\t\t\t<div class=\"elementor-element elementor-element-1e02705 elementor-widget elementor-widget-image\" data-id=\"1e02705\" data-element_type=\"widget\" data-e-type=\"widget\" data-widget_type=\"image.default\">\n\t\t\t\t<div class=\"elementor-widget-container\">\n\t\t\t\t\t\t\t\t\t\t\t\t\t\t\t\t<a href=\"https:\/\/www.zspkrosno.edu.pl\/%20%20\" target=\"_blank\">\n\t\t\t\t\t\t\t<img loading=\"lazy\" decoding=\"async\" width=\"250\" height=\"150\" src=\"https:\/\/ready4crisis.eu\/wp-content\/uploads\/2023\/06\/p4.png\" class=\"attachment-large size-large wp-image-216\" alt=\"p4\" srcset=\"https:\/\/ready4crisis.eu\/wp-content\/uploads\/2023\/06\/p4.png 250w, https:\/\/ready4crisis.eu\/wp-content\/uploads\/2023\/06\/p4-200x120.png 200w\" sizes=\"(max-width: 250px) 100vw, 250px\" \/>\t\t\t\t\t\t\t\t<\/a>\n\t\t\t\t\t\t\t\t\t\t\t\t\t\t\t<\/div>\n\t\t\t\t<\/div>\n\t\t\t\t<div class=\"elementor-element elementor-element-2d251af elementor-widget__width-initial elementor-widget elementor-widget-text-editor\" data-id=\"2d251af\" data-element_type=\"widget\" data-e-type=\"widget\" data-widget_type=\"text-editor.default\">\n\t\t\t\t<div class=\"elementor-widget-container\">\n\t\t\t\t\t\t\t\t\t<p><span style=\"color: #242424; font-family: 'Segoe UI Web (Greek)', 'Segoe UI', -apple-system, BlinkMacSystemFont, Roboto, 'Helvetica Neue', sans-serif; font-size: 15px; text-align: start;\"><a href=\"https:\/\/zspg1.krosno.pl\/\">\u00a0<\/a><\/span><a href=\"https:\/\/zspg1.krosno.pl\/\" target=\"_blank\" rel=\"noopener\">Zesp\u00f3\u0142 Szk\u00f3\u0142 Ponadpodstawowych nr\u00a01 im. Jana Szczepanika w Kro\u015bnie<\/a><a style=\"background-color: #ffffff; font-size: var(--bs-body-font-size);\" href=\"https:\/\/zspg1.krosno.pl\/\" target=\"_blank\" rel=\"noopener\">\u00a0<\/a><\/p>\t\t\t\t\t\t\t\t<\/div>\n\t\t\t\t<\/div>\n\t\t\t\t\t<\/div>\n\t\t<\/div>\n\t\t\t\t<div class=\"elementor-column elementor-col-25 elementor-top-column elementor-element elementor-element-e5f2a7a\" data-id=\"e5f2a7a\" data-element_type=\"column\" data-e-type=\"column\">\n\t\t\t<div class=\"elementor-widget-wrap elementor-element-populated\">\n\t\t\t\t\t\t<div class=\"elementor-element elementor-element-2414ffd elementor-widget elementor-widget-image\" data-id=\"2414ffd\" data-element_type=\"widget\" data-e-type=\"widget\" data-widget_type=\"image.default\">\n\t\t\t\t<div class=\"elementor-widget-container\">\n\t\t\t\t\t\t\t\t\t\t\t\t\t\t\t\t<a href=\"https:\/\/read-lab.eu\/%20\" target=\"_blank\">\n\t\t\t\t\t\t\t<img loading=\"lazy\" decoding=\"async\" width=\"250\" height=\"150\" src=\"https:\/\/ready4crisis.eu\/wp-content\/uploads\/2023\/06\/p7.png\" class=\"attachment-large size-large wp-image-217\" alt=\"p7\" srcset=\"https:\/\/ready4crisis.eu\/wp-content\/uploads\/2023\/06\/p7.png 250w, https:\/\/ready4crisis.eu\/wp-content\/uploads\/2023\/06\/p7-200x120.png 200w\" sizes=\"(max-width: 250px) 100vw, 250px\" \/>\t\t\t\t\t\t\t\t<\/a>\n\t\t\t\t\t\t\t\t\t\t\t\t\t\t\t<\/div>\n\t\t\t\t<\/div>\n\t\t\t\t<div class=\"elementor-element elementor-element-9d77f6b elementor-widget elementor-widget-text-editor\" data-id=\"9d77f6b\" data-element_type=\"widget\" data-e-type=\"widget\" data-widget_type=\"text-editor.default\">\n\t\t\t\t<div class=\"elementor-widget-container\">\n\t\t\t\t\t\t\t\t\t<p><a href=\"https:\/\/read-lab.eu\/\" target=\"_blank\" rel=\"noopener\">RESEARCH INNOVATION AND DEVELOPMENT LAB, Trikala &amp; Athens, Greece<\/a><\/p>\t\t\t\t\t\t\t\t<\/div>\n\t\t\t\t<\/div>\n\t\t\t\t\t<\/div>\n\t\t<\/div>\n\t\t\t\t<div class=\"elementor-column elementor-col-25 elementor-top-column elementor-element elementor-element-94e9fe5\" data-id=\"94e9fe5\" data-element_type=\"column\" data-e-type=\"column\">\n\t\t\t<div class=\"elementor-widget-wrap elementor-element-populated\">\n\t\t\t\t\t\t<div class=\"elementor-element elementor-element-2a68ce6 elementor-widget elementor-widget-image\" data-id=\"2a68ce6\" data-element_type=\"widget\" data-e-type=\"widget\" data-widget_type=\"image.default\">\n\t\t\t\t<div class=\"elementor-widget-container\">\n\t\t\t\t\t\t\t\t\t\t\t\t\t\t\t\t<a href=\"https:\/\/crisis.med.uoa.gr\/%20\" target=\"_blank\">\n\t\t\t\t\t\t\t<img loading=\"lazy\" decoding=\"async\" width=\"1024\" height=\"296\" src=\"https:\/\/ready4crisis.eu\/wp-content\/uploads\/2025\/10\/NKUA-cyan-left-eng-1-1-1024x296.jpg\" class=\"attachment-large size-large wp-image-1875\" alt=\"cyan left eng\" srcset=\"https:\/\/ready4crisis.eu\/wp-content\/uploads\/2025\/10\/NKUA-cyan-left-eng-1-1-1024x296.jpg 1024w, https:\/\/ready4crisis.eu\/wp-content\/uploads\/2025\/10\/NKUA-cyan-left-eng-1-1-300x87.jpg 300w, https:\/\/ready4crisis.eu\/wp-content\/uploads\/2025\/10\/NKUA-cyan-left-eng-1-1-768x222.jpg 768w, https:\/\/ready4crisis.eu\/wp-content\/uploads\/2025\/10\/NKUA-cyan-left-eng-1-1-1536x444.jpg 1536w, https:\/\/ready4crisis.eu\/wp-content\/uploads\/2025\/10\/NKUA-cyan-left-eng-1-1-2048x591.jpg 2048w, https:\/\/ready4crisis.eu\/wp-content\/uploads\/2025\/10\/NKUA-cyan-left-eng-1-1-18x5.jpg 18w, https:\/\/ready4crisis.eu\/wp-content\/uploads\/2025\/10\/NKUA-cyan-left-eng-1-1-200x58.jpg 200w, https:\/\/ready4crisis.eu\/wp-content\/uploads\/2025\/10\/NKUA-cyan-left-eng-1-1-350x100.jpg 350w\" sizes=\"(max-width: 1024px) 100vw, 1024px\" \/>\t\t\t\t\t\t\t\t<\/a>\n\t\t\t\t\t\t\t\t\t\t\t\t\t\t\t<\/div>\n\t\t\t\t<\/div>\n\t\t\t\t<div class=\"elementor-element elementor-element-2454545 elementor-widget elementor-widget-image\" data-id=\"2454545\" data-element_type=\"widget\" data-e-type=\"widget\" data-widget_type=\"image.default\">\n\t\t\t\t<div class=\"elementor-widget-container\">\n\t\t\t\t\t\t\t\t\t\t\t\t\t\t\t\t<a href=\"https:\/\/crisis.med.uoa.gr\/%20\" target=\"_blank\">\n\t\t\t\t\t\t\t<img loading=\"lazy\" decoding=\"async\" width=\"1024\" height=\"475\" src=\"https:\/\/ready4crisis.eu\/wp-content\/uploads\/2025\/10\/NKUA-MSc-color-logo-1-1024x475.jpg\" class=\"attachment-large size-large wp-image-1874\" alt=\"NKUA MSc color logo (1)\" srcset=\"https:\/\/ready4crisis.eu\/wp-content\/uploads\/2025\/10\/NKUA-MSc-color-logo-1-1024x475.jpg 1024w, https:\/\/ready4crisis.eu\/wp-content\/uploads\/2025\/10\/NKUA-MSc-color-logo-1-300x139.jpg 300w, https:\/\/ready4crisis.eu\/wp-content\/uploads\/2025\/10\/NKUA-MSc-color-logo-1-768x356.jpg 768w, https:\/\/ready4crisis.eu\/wp-content\/uploads\/2025\/10\/NKUA-MSc-color-logo-1-1536x712.jpg 1536w, https:\/\/ready4crisis.eu\/wp-content\/uploads\/2025\/10\/NKUA-MSc-color-logo-1-18x8.jpg 18w, https:\/\/ready4crisis.eu\/wp-content\/uploads\/2025\/10\/NKUA-MSc-color-logo-1-200x93.jpg 200w, https:\/\/ready4crisis.eu\/wp-content\/uploads\/2025\/10\/NKUA-MSc-color-logo-1.jpg 1654w\" sizes=\"(max-width: 1024px) 100vw, 1024px\" \/>\t\t\t\t\t\t\t\t<\/a>\n\t\t\t\t\t\t\t\t\t\t\t\t\t\t\t<\/div>\n\t\t\t\t<\/div>\n\t\t\t\t<div class=\"elementor-element elementor-element-cc659ef elementor-widget elementor-widget-text-editor\" data-id=\"cc659ef\" data-element_type=\"widget\" data-e-type=\"widget\" data-widget_type=\"text-editor.default\">\n\t\t\t\t<div class=\"elementor-widget-container\">\n\t\t\t\t\t\t\t\t\t<p><a href=\"https:\/\/crisis.med.uoa.gr\/\" target=\"_blank\" rel=\"noopener\">MSc. Global Health &#8211; Disaster medicine, Medical School, NKUA, Athens, Greece<\/a><\/p>\t\t\t\t\t\t\t\t<\/div>\n\t\t\t\t<\/div>\n\t\t\t\t\t<\/div>\n\t\t<\/div>\n\t\t\t\t\t<\/div>\n\t\t<\/section>\n\t\t\t\t<\/div>","protected":false},"excerpt":{"rendered":"<p>RegioVision GmbH Schwerin, Germany Sial S.a.s. Sicurezza<\/p>","protected":false},"author":1,"featured_media":0,"parent":0,"menu_order":0,"comment_status":"closed","ping_status":"closed","template":"","meta":{"footnotes":""},"class_list":["post-75","page","type-page","status-publish","hentry"],"_links":{"self":[{"href":"https:\/\/ready4crisis.eu\/pl\/wp-json\/wp\/v2\/pages\/75","targetHints":{"allow":["GET"]}}],"collection":[{"href":"https:\/\/ready4crisis.eu\/pl\/wp-json\/wp\/v2\/pages"}],"about":[{"href":"https:\/\/ready4crisis.eu\/pl\/wp-json\/wp\/v2\/types\/page"}],"author":[{"embeddable":true,"href":"https:\/\/ready4crisis.eu\/pl\/wp-json\/wp\/v2\/users\/1"}],"replies":[{"embeddable":true,"href":"https:\/\/ready4crisis.eu\/pl\/wp-json\/wp\/v2\/comments?post=75"}],"version-history":[{"count":18,"href":"https:\/\/ready4crisis.eu\/pl\/wp-json\/wp\/v2\/pages\/75\/revisions"}],"predecessor-version":[{"id":1890,"href":"https:\/\/ready4crisis.eu\/pl\/wp-json\/wp\/v2\/pages\/75\/revisions\/1890"}],"wp:attachment":[{"href":"https:\/\/ready4crisis.eu\/pl\/wp-json\/wp\/v2\/media?parent=75"}],"curies":[{"name":"wp","href":"https:\/\/api.w.org\/{rel}","templated":true}]}}