{"id":67,"date":"2022-11-04T14:15:36","date_gmt":"2022-11-04T13:15:36","guid":{"rendered":"https:\/\/ready4crisis.eu\/?page_id=67"},"modified":"2025-07-16T15:30:32","modified_gmt":"2025-07-16T13:30:32","slug":"results","status":"publish","type":"page","link":"https:\/\/ready4crisis.eu\/pl\/results\/","title":{"rendered":"Rezultaty"},"content":{"rendered":"<div data-elementor-type=\"wp-page\" data-elementor-id=\"67\" class=\"elementor elementor-67\">\n\t\t\t\t\t\t<section class=\"elementor-section elementor-top-section elementor-element elementor-element-3f7a8a5 elementor-section-boxed elementor-section-height-default elementor-section-height-default\" data-id=\"3f7a8a5\" data-element_type=\"section\" data-e-type=\"section\">\n\t\t\t\t\t\t<div class=\"elementor-container elementor-column-gap-default\">\n\t\t\t\t\t<div class=\"elementor-column elementor-col-100 elementor-top-column elementor-element elementor-element-b15a667\" data-id=\"b15a667\" data-element_type=\"column\" data-e-type=\"column\">\n\t\t\t<div class=\"elementor-widget-wrap elementor-element-populated\">\n\t\t\t\t\t\t<div class=\"elementor-element elementor-element-f774117 elementor-widget elementor-widget-text-editor\" data-id=\"f774117\" data-element_type=\"widget\" data-e-type=\"widget\" data-widget_type=\"text-editor.default\">\n\t\t\t\t<div class=\"elementor-widget-container\">\n\t\t\t\t\t\t\t\t\t<p><strong>Inspiruj\u0105cy przewodnik dla nauczycieli edukacji zawodowej<\/strong><\/p>\t\t\t\t\t\t\t\t<\/div>\n\t\t\t\t<\/div>\n\t\t\t\t\t<\/div>\n\t\t<\/div>\n\t\t\t\t\t<\/div>\n\t\t<\/section>\n\t\t\t\t<section class=\"elementor-section elementor-top-section elementor-element elementor-element-b5c39f1 elementor-section-boxed elementor-section-height-default elementor-section-height-default\" data-id=\"b5c39f1\" data-element_type=\"section\" data-e-type=\"section\">\n\t\t\t\t\t\t<div class=\"elementor-container elementor-column-gap-default\">\n\t\t\t\t\t<div class=\"elementor-column elementor-col-100 elementor-top-column elementor-element elementor-element-2fbc273\" data-id=\"2fbc273\" data-element_type=\"column\" data-e-type=\"column\">\n\t\t\t<div class=\"elementor-widget-wrap elementor-element-populated\">\n\t\t\t\t\t\t<div class=\"elementor-element elementor-element-261973a elementor-widget elementor-widget-accordion\" data-id=\"261973a\" data-element_type=\"widget\" data-e-type=\"widget\" data-widget_type=\"accordion.default\">\n\t\t\t\t<div class=\"elementor-widget-container\">\n\t\t\t\t\t\t\t<div class=\"elementor-accordion\">\n\t\t\t\t\t\t\t<div class=\"elementor-accordion-item\">\n\t\t\t\t\t<div id=\"elementor-tab-title-3991\" class=\"elementor-tab-title\" data-tab=\"1\" role=\"button\" aria-controls=\"elementor-tab-content-3991\" aria-expanded=\"false\">\n\t\t\t\t\t\t\t\t\t\t\t\t\t<span class=\"elementor-accordion-icon elementor-accordion-icon-left\" aria-hidden=\"true\">\n\t\t\t\t\t\t\t\t\t\t\t\t\t\t\t<span class=\"elementor-accordion-icon-closed\"><i class=\"fas fa-plus\"><\/i><\/span>\n\t\t\t\t\t\t\t\t<span class=\"elementor-accordion-icon-opened\"><i class=\"fas fa-minus\"><\/i><\/span>\n\t\t\t\t\t\t\t\t\t\t\t\t\t\t<\/span>\n\t\t\t\t\t\t\t\t\t\t\t\t<a class=\"elementor-accordion-title\" tabindex=\"0\">Inspiruj\u0105cy przewodnik dla nauczycieli edukacji zawodowej<\/a>\n\t\t\t\t\t<\/div>\n\t\t\t\t\t<div id=\"elementor-tab-content-3991\" class=\"elementor-tab-content elementor-clearfix\" data-tab=\"1\" role=\"region\" aria-labelledby=\"elementor-tab-title-3991\"><p class=\"translation-block\">Inspiruj\u0105ce  <a href=\"https:\/\/ready4crisis.eu\/pl\/guidelines\/\" target=\"_self\" role=\"link\">wytyczne edukacyjne<\/a> dla nauczycieli i wychowawc\u00f3w kszta\u0142cenia i szkolenia zawodowego zapewni\u0105 grupie docelowej rozwi\u0105zania pozwalaj\u0105ce przezwyci\u0119\u017cy\u0107 istniej\u0105c\u0105 obecnie luk\u0119 mi\u0119dzy praktycznym szkoleniem przysz\u0142ych pokole\u0144 stra\u017cak\u00f3w a teori\u0105 i przepisami prawnymi zwi\u0105zanymi z tym zawodem.<\/p><\/div>\n\t\t\t\t<\/div>\n\t\t\t\t\t\t\t<div class=\"elementor-accordion-item\">\n\t\t\t\t\t<div id=\"elementor-tab-title-3992\" class=\"elementor-tab-title\" data-tab=\"2\" role=\"button\" aria-controls=\"elementor-tab-content-3992\" aria-expanded=\"false\">\n\t\t\t\t\t\t\t\t\t\t\t\t\t<span class=\"elementor-accordion-icon elementor-accordion-icon-left\" aria-hidden=\"true\">\n\t\t\t\t\t\t\t\t\t\t\t\t\t\t\t<span class=\"elementor-accordion-icon-closed\"><i class=\"fas fa-plus\"><\/i><\/span>\n\t\t\t\t\t\t\t\t<span class=\"elementor-accordion-icon-opened\"><i class=\"fas fa-minus\"><\/i><\/span>\n\t\t\t\t\t\t\t\t\t\t\t\t\t\t<\/span>\n\t\t\t\t\t\t\t\t\t\t\t\t<a class=\"elementor-accordion-title\" tabindex=\"0\">32 przyk\u0142ady dobrych praktyk<\/a>\n\t\t\t\t\t<\/div>\n\t\t\t\t\t<div id=\"elementor-tab-content-3992\" class=\"elementor-tab-content elementor-clearfix\" data-tab=\"2\" role=\"region\" aria-labelledby=\"elementor-tab-title-3992\"><p class=\"translation-block\">Zbi\u00f3r 32 przyk\u0142ad\u00f3w <a href=\"https:\/\/ready4crisis.eu\/pl\/best-practices\/\" target=\"_self\" role=\"link\">Najlepsze praktyki<\/a> ze wszystkich kraj\u00f3w partnerskich projektu dostarczy grupie docelowej nowej wiedzy na temat innowacyjnych rozwi\u0105za\u0144 w zakresie zarz\u0105dzania kryzysowego i monitorowania stosowanych w odniesieniu do aktualnych rodzaj\u00f3w kryzys\u00f3w i zagro\u017ce\u0144 naturalnych pojawiaj\u0105cych si\u0119 w Europie w wyniku zmian \u015brodowiskowych i innych nowych sytuacji zwi\u0105zanych z bezpiecze\u0144stwem.<\/p><\/div>\n\t\t\t\t<\/div>\n\t\t\t\t\t\t\t<div class=\"elementor-accordion-item\">\n\t\t\t\t\t<div id=\"elementor-tab-title-3993\" class=\"elementor-tab-title\" data-tab=\"3\" role=\"button\" aria-controls=\"elementor-tab-content-3993\" aria-expanded=\"false\">\n\t\t\t\t\t\t\t\t\t\t\t\t\t<span class=\"elementor-accordion-icon elementor-accordion-icon-left\" aria-hidden=\"true\">\n\t\t\t\t\t\t\t\t\t\t\t\t\t\t\t<span class=\"elementor-accordion-icon-closed\"><i class=\"fas fa-plus\"><\/i><\/span>\n\t\t\t\t\t\t\t\t<span class=\"elementor-accordion-icon-opened\"><i class=\"fas fa-minus\"><\/i><\/span>\n\t\t\t\t\t\t\t\t\t\t\t\t\t\t<\/span>\n\t\t\t\t\t\t\t\t\t\t\t\t<a class=\"elementor-accordion-title\" tabindex=\"0\">Filmiki instrukta\u017cowe<\/a>\n\t\t\t\t\t<\/div>\n\t\t\t\t\t<div id=\"elementor-tab-content-3993\" class=\"elementor-tab-content elementor-clearfix\" data-tab=\"3\" role=\"region\" aria-labelledby=\"elementor-tab-title-3993\"><p>24 <a href=\"https:\/\/ready4crisis.eu\/pl\/videos\/\">Modu\u0142y mikro-nauczania<\/a> w formie kr\u00f3tkich film\u00f3w edukacyjnych zapewni\u0105 one grupie docelowej now\u0105 wiedz\u0119 na temat innowacyjnych rozwi\u0105za\u0144 w zakresie zarz\u0105dzania kryzysowego i monitorowania praktyk stosowanych w odniesieniu do aktualnych rodzaj\u00f3w kryzys\u00f3w i zagro\u017ce\u0144 naturalnych pojawiaj\u0105cych si\u0119 w Europie w wyniku zmian \u015brodowiskowych. Jednostki mikro-nauczania zostan\u0105 opracowane w formie film\u00f3w animowanych przedstawiaj\u0105cych konkretne sytuacje, w kt\u00f3rych mog\u0105 znale\u017a\u0107 si\u0119 stra\u017cacy, oraz sposoby podej\u015bcia do nich i radzenia sobie z nimi.<\/p><\/div>\n\t\t\t\t<\/div>\n\t\t\t\t\t\t\t<div class=\"elementor-accordion-item\">\n\t\t\t\t\t<div id=\"elementor-tab-title-3994\" class=\"elementor-tab-title\" data-tab=\"4\" role=\"button\" aria-controls=\"elementor-tab-content-3994\" aria-expanded=\"false\">\n\t\t\t\t\t\t\t\t\t\t\t\t\t<span class=\"elementor-accordion-icon elementor-accordion-icon-left\" aria-hidden=\"true\">\n\t\t\t\t\t\t\t\t\t\t\t\t\t\t\t<span class=\"elementor-accordion-icon-closed\"><i class=\"fas fa-plus\"><\/i><\/span>\n\t\t\t\t\t\t\t\t<span class=\"elementor-accordion-icon-opened\"><i class=\"fas fa-minus\"><\/i><\/span>\n\t\t\t\t\t\t\t\t\t\t\t\t\t\t<\/span>\n\t\t\t\t\t\t\t\t\t\t\t\t<a class=\"elementor-accordion-title\" tabindex=\"0\">Platforma edukacyjna <\/a>\n\t\t\t\t\t<\/div>\n\t\t\t\t\t<div id=\"elementor-tab-content-3994\" class=\"elementor-tab-content elementor-clearfix\" data-tab=\"4\" role=\"region\" aria-labelledby=\"elementor-tab-title-3994\"><p>Platforma edukacyjna to strona internetowa, na kt\u00f3rej jeste\u015b :) Jest to jeden z naszych rezultat\u00f3w, poprzez kt\u00f3ry udost\u0119pniamy wsyzstkie przygotowane zasoby edukacyjne.<\/p><\/div>\n\t\t\t\t<\/div>\n\t\t\t\t\t\t\t\t<\/div>\n\t\t\t\t\t\t<\/div>\n\t\t\t\t<\/div>\n\t\t\t\t\t<\/div>\n\t\t<\/div>\n\t\t\t\t\t<\/div>\n\t\t<\/section>\n\t\t\t\t<\/div>","protected":false},"excerpt":{"rendered":"<p>Our project aims at creating the following<\/p>","protected":false},"author":1,"featured_media":0,"parent":0,"menu_order":0,"comment_status":"closed","ping_status":"closed","template":"","meta":{"footnotes":""},"class_list":["post-67","page","type-page","status-publish","hentry"],"_links":{"self":[{"href":"https:\/\/ready4crisis.eu\/pl\/wp-json\/wp\/v2\/pages\/67","targetHints":{"allow":["GET"]}}],"collection":[{"href":"https:\/\/ready4crisis.eu\/pl\/wp-json\/wp\/v2\/pages"}],"about":[{"href":"https:\/\/ready4crisis.eu\/pl\/wp-json\/wp\/v2\/types\/page"}],"author":[{"embeddable":true,"href":"https:\/\/ready4crisis.eu\/pl\/wp-json\/wp\/v2\/users\/1"}],"replies":[{"embeddable":true,"href":"https:\/\/ready4crisis.eu\/pl\/wp-json\/wp\/v2\/comments?post=67"}],"version-history":[{"count":3,"href":"https:\/\/ready4crisis.eu\/pl\/wp-json\/wp\/v2\/pages\/67\/revisions"}],"predecessor-version":[{"id":1842,"href":"https:\/\/ready4crisis.eu\/pl\/wp-json\/wp\/v2\/pages\/67\/revisions\/1842"}],"wp:attachment":[{"href":"https:\/\/ready4crisis.eu\/pl\/wp-json\/wp\/v2\/media?parent=67"}],"curies":[{"name":"wp","href":"https:\/\/api.w.org\/{rel}","templated":true}]}}