{"id":31,"date":"2022-11-04T14:03:59","date_gmt":"2022-11-04T13:03:59","guid":{"rendered":"https:\/\/ready4crisis.eu\/?page_id=31"},"modified":"2023-09-05T16:03:58","modified_gmt":"2023-09-05T14:03:58","slug":"project","status":"publish","type":"page","link":"https:\/\/ready4crisis.eu\/pl\/project\/","title":{"rendered":"Projekt"},"content":{"rendered":"<p>Witamy na oficjalnej stronie projektu Erasmus+ \u201eReady4Crisis\u201d. Nasz projekt jest wsp\u00f3lnym wysi\u0142kiem o\u015bmiu partner\u00f3w z pi\u0119ciu kraj\u00f3w: Polski, Grecji, Czech, Niemiec i W\u0142och. Naszym celem jest opracowanie innowacyjnych i najnowocze\u015bniejszych materia\u0142\u00f3w edukacyjnych, kt\u00f3re usprawni\u0105 szkolenie ratownik\u00f3w w zintegrowanym systemie ratownictwa. Nasz projekt potrwa ponad trzy lata, od listopada 2022 r. do pa\u017adziernika 2025 r., i jeste\u015bmy zobowi\u0105zani do wsp\u00f3\u0142pracy na rzecz wsp\u00f3lnego celu. <\/p>\n\n\n\n<p>Nasz cel\nCelem projektu jest opracowanie innowacyjnych i nowoczesnych materia\u0142\u00f3w edukacyjnych, kt\u00f3re usprawni\u0105 szkolenie m\u0142odzie\u017cy przygotowuj\u0105cej si\u0119 do pracy w s\u0142u\u017cbach zintegrowanego systemie ratownictwa, w szko\u0142ach o profilach zawodowych.                                                                                                                                                                        \n\nW projekcie wykorzystujemy najnowsze badania i techniki w dziedzinie ratownictwa, aby tworzy\u0107 materia\u0142y szkoleniowe, kt\u00f3re b\u0119d\u0105 zar\u00f3wno kompleksowe a jednocze\u015bnie anga\u017cuj\u0105ce. <\/p>\n\n\n\n<p>Koncentrujemy si\u0119 na opracowaniu tre\u015bci obejmuj\u0105cych szeroki zakres temat\u00f3w, w tym m.in. dzia\u0142ania poszukiwawcze i ratownictwo, ratownictwo medyczne oraz reagowanie na po\u017cary, materia\u0142y niebezpieczne, katastrofy naturalne itp. \n\nDlaczego? \nZale\u017cy nam na poprawie jako\u015bci kszta\u0142cenia zawodowego dla przysz\u0142ych pracownik\u00f3w s\u0142u\u017cb integrowanego systemu ratownictwa. Wierzymy, \u017ce dzi\u0119ki wsparciu nauczycieli i po\u015brednio uczni\u00f3w przygotowuj\u0105cych si\u0119 do zawodu, przyczynimy si\u0119 do skuteczniejszego i wydajniejszego reagowania w sytuacjach kryzysowych.<\/p>\n\n\n\n<hr class=\"wp-block-separator has-alpha-channel-opacity\"\/>","protected":false},"excerpt":{"rendered":"<p>Welcome to the official website of the<\/p>","protected":false},"author":1,"featured_media":0,"parent":0,"menu_order":0,"comment_status":"closed","ping_status":"closed","template":"","meta":{"footnotes":""},"class_list":["post-31","page","type-page","status-publish","hentry"],"_links":{"self":[{"href":"https:\/\/ready4crisis.eu\/pl\/wp-json\/wp\/v2\/pages\/31","targetHints":{"allow":["GET"]}}],"collection":[{"href":"https:\/\/ready4crisis.eu\/pl\/wp-json\/wp\/v2\/pages"}],"about":[{"href":"https:\/\/ready4crisis.eu\/pl\/wp-json\/wp\/v2\/types\/page"}],"author":[{"embeddable":true,"href":"https:\/\/ready4crisis.eu\/pl\/wp-json\/wp\/v2\/users\/1"}],"replies":[{"embeddable":true,"href":"https:\/\/ready4crisis.eu\/pl\/wp-json\/wp\/v2\/comments?post=31"}],"version-history":[{"count":0,"href":"https:\/\/ready4crisis.eu\/pl\/wp-json\/wp\/v2\/pages\/31\/revisions"}],"wp:attachment":[{"href":"https:\/\/ready4crisis.eu\/pl\/wp-json\/wp\/v2\/media?parent=31"}],"curies":[{"name":"wp","href":"https:\/\/api.w.org\/{rel}","templated":true}]}}