{"id":306,"date":"2023-06-30T16:04:51","date_gmt":"2023-06-30T14:04:51","guid":{"rendered":"https:\/\/ready4crisis.eu\/?page_id=306"},"modified":"2023-06-30T16:04:51","modified_gmt":"2023-06-30T14:04:51","slug":"terms-of-use","status":"publish","type":"page","link":"https:\/\/ready4crisis.eu\/pl\/terms-of-use\/","title":{"rendered":"Warunki u\u017cytkowania"},"content":{"rendered":"<p>Niniejszy Regulamin okre\u015bla zasady korzystania ze strony internetowej Ready4Crisis, kt\u00f3rej w\u0142a\u015bcicielem i operatorem s\u0105 cz\u0142onkowie Konsorcjum projektu READY4CRISIS (zwani dalej \"Partnerami\"). Nie nale\u017cy wchodzi\u0107 na t\u0119 stron\u0119 internetow\u0105 ani z niej korzysta\u0107, dop\u00f3ki nie przeczytasz uwa\u017cnie i nie wyrazisz na ni\u0105 zgody.<\/p>\n\n\n\n<p><strong>Korzystanie ze strony internetowej<\/strong><\/p>\n\n\n\n<p>Uzyskuj\u0105c dost\u0119p do tej witryny, u\u017cytkownik potwierdza, \u017ce zapozna\u0142 si\u0119 z niniejszymi warunkami i wyra\u017ca zgod\u0119 na ich przestrzeganie i przestrzeganie. Je\u015bli nie zgadzasz si\u0119 na przestrzeganie tych warunk\u00f3w, prosimy o niezw\u0142oczne opuszczenie strony internetowej. Cz\u0142onkowie zastrzegaj\u0105 sobie prawo do zmiany niniejszych warunk\u00f3w w dowolnym momencie i opublikuj\u0105 powiadomienie o wszelkich zmianach on-line na tej stronie internetowej. Kontynuuj\u0105c korzystanie z tej witryny internetowej po opublikowaniu powiadomienia o takich zmianach, wyra\u017casz zgod\u0119 na ich przestrzeganie.<\/p>\n\n\n\n<p><strong>Odpowiedzialno\u015b\u0107 za tre\u015bci<\/strong><\/p>\n\n\n\n<p>Jako dostawca us\u0142ug jeste\u015bmy odpowiedzialni za w\u0142asne tre\u015bci na tych stronach zgodnie z obowi\u0105zuj\u0105cymi przepisami prawa. Nie monitorujemy przekazywanych ani przechowywanych informacji od os\u00f3b trzecich ani nie badamy okoliczno\u015bci, kt\u00f3re wskazuj\u0105 na nielegaln\u0105 dzia\u0142alno\u015b\u0107.<\/p>\n\n\n\n<p>Zawarto\u015b\u0107 tej strony internetowej nale\u017cy do projektu READY4CRISIS i jego partner\u00f3w, chyba \u017ce zaznaczono inaczej.<\/p>\n\n\n\n<p><strong>Odpowiedzialno\u015b\u0107 za linki<\/strong><\/p>\n\n\n\n<p>Nasza strona zawiera linki do zewn\u0119trznych stron internetowych os\u00f3b trzecich, na kt\u00f3rych tre\u015b\u0107 nie mamy wp\u0142ywu. Z tego powodu nie ponosimy \u017cadnej odpowiedzialno\u015bci za te tre\u015bci zewn\u0119trzne. Za tre\u015b\u0107 stron, do kt\u00f3rych prowadz\u0105 linki, odpowiada zawsze dany dostawca lub operator stron. Strony, do kt\u00f3rych prowadz\u0105 linki, zosta\u0142y sprawdzone pod k\u0105tem ewentualnych narusze\u0144 prawa w momencie tworzenia linku. W momencie tworzenia linku nie stwierdzono \u017cadnych nielegalnych tre\u015bci.<\/p>\n\n\n\n<p>Sta\u0142a kontrola tre\u015bci stron, do kt\u00f3rych prowadz\u0105 linki, nie jest uzasadniona bez konkretnych dowod\u00f3w naruszenia prawa. Gdy tylko dowiemy si\u0119 o naruszeniu prawa, natychmiast usuniemy takie linki.<\/p>\n\n\n\n<p><strong>Prawo autorskie<\/strong><\/p>\n\n\n\n<p>Tre\u015bci i dzie\u0142a na tych stronach, stworzone przez operatora strony, podlegaj\u0105 niemieckiemu prawu autorskiemu. Powielanie, przetwarzanie, rozpowszechnianie i wszelkiego rodzaju wykorzystywanie wykraczaj\u0105ce poza granice prawa autorskiego wymaga pisemnej zgody danego autora lub tw\u00f3rcy. Pobieranie i kopiowanie tej strony jest dozwolone wy\u0142\u0105cznie do prywatnego, niekomercyjnego u\u017cytku.<\/p>\n\n\n\n<p>O ile tre\u015bci na tej stronie nie zosta\u0142y stworzone przez operatora, przestrzegane s\u0105 prawa autorskie os\u00f3b trzecich. W szczeg\u00f3lno\u015bci tre\u015bci os\u00f3b trzecich s\u0105 oznaczone jako takie. Je\u015bli mimo to dowiesz si\u0119 o naruszeniu praw autorskich, poinformuj nas o tym. Gdy tylko dowiemy si\u0119 o naruszeniu prawa, natychmiast usuniemy takie tre\u015bci.<\/p>\n\n\n\n<p><strong>Dane osobowe<\/strong><\/p>\n\n\n\n<p>Strona internetowa zawiera dane osobowe partner\u00f3w. Informacje te s\u0105 udost\u0119pniane wy\u0142\u0105cznie na potrzeby tego projektu i w \u017cadnym wypadku nie powinny by\u0107 wykorzystywane do \u017cadnych innych cel\u00f3w.<\/p>\n\n\n\n<p>Aby uzyska\u0107 wi\u0119cej informacji na temat przetwarzania danych osobowych za po\u015brednictwem tej strony internetowej lub projektu, prosimy o kontakt z RegioVision GmbH Schwerin, Niemcy. W\u0142a\u015bciwym kierownikiem projektu jest Pan Thomas Blum i mo\u017cna si\u0119 z nim skontaktowa\u0107 pod adresem <a href=\"mailto:blum@regiovision-sn.de\">blum@regiovision-sn.de<\/a> Adres pocztowy RegioVision GmbH Schwerin to Am Margaretenhof 28, 19057 Schwerin, Niemcy, do Pa\u0144stwa Thomasa Bluma.<\/p>\n\n\n\n<p><strong>Zasady post\u0119powania w Internecie&nbsp;<\/strong><\/p>\n\n\n\n<p>U\u017cytkownik wyra\u017ca zgod\u0119 na korzystanie ze strony internetowej zgodnie ze wszystkimi obowi\u0105zuj\u0105cymi przepisami prawa. Ponadto u\u017cytkownik zobowi\u0105zuje si\u0119, \u017ce nie b\u0119dzie wysy\u0142a\u0142 wiadomo\u015bci e-mail ani publikowa\u0142 z\u0142o\u015bliwych lub szkodliwych tre\u015bci w \u017cadnym miejscu na stronie internetowej, w tym mi\u0119dzy innymi:<\/p>\n\n\n\n<ul class=\"wp-block-list\">\n<li>Tre\u015bci, kt\u00f3re znies\u0142awiaj\u0105 inne osoby lub gro\u017c\u0105 im;<\/li>\n\n\n\n<li>Napastliwe wypowiedzi lub tre\u015bci, kt\u00f3re naruszaj\u0105 prawo federalne lub stanowe;<\/li>\n\n\n\n<li>Tre\u015bci, kt\u00f3re omawiaj\u0105 nielegalne dzia\u0142ania z zamiarem ich pope\u0142nienia;<\/li>\n\n\n\n<li>Tre\u015bci, kt\u00f3re nie s\u0105 Twoj\u0105 w\u0142asno\u015bci\u0105 lub naruszaj\u0105 w\u0142asno\u015b\u0107 intelektualn\u0105 innych os\u00f3b, w tym mi\u0119dzy innymi prawa autorskie, znaki towarowe lub tajemnice handlowe;<\/li>\n\n\n\n<li>Tre\u015bci zwi\u0105zane z partyjn\u0105 dzia\u0142alno\u015bci\u0105 polityczn\u0105;<\/li>\n\n\n\n<li>Materia\u0142y zawieraj\u0105ce obsceniczny (np. pornograficzny) j\u0119zyk lub obrazy;<\/li>\n\n\n\n<li>Reklama lub jakakolwiek forma komercyjnego nak\u0142aniania lub promocji, w tym linki do innych stron internetowych;<\/li>\n\n\n\n<li>Tre\u015bci, kt\u00f3re s\u0105 w inny spos\u00f3b niezgodne z prawem;<\/li>\n\n\n\n<li>Celowo niekompletne, wprowadzaj\u0105ce w b\u0142\u0105d lub niedok\u0142adne tre\u015bci.<\/li>\n<\/ul>","protected":false},"excerpt":{"rendered":"<p>These Terms of Service govern the Ready4Crisis<\/p>","protected":false},"author":3,"featured_media":0,"parent":0,"menu_order":0,"comment_status":"closed","ping_status":"closed","template":"page.php","meta":{"footnotes":""},"class_list":["post-306","page","type-page","status-publish","hentry"],"_links":{"self":[{"href":"https:\/\/ready4crisis.eu\/pl\/wp-json\/wp\/v2\/pages\/306","targetHints":{"allow":["GET"]}}],"collection":[{"href":"https:\/\/ready4crisis.eu\/pl\/wp-json\/wp\/v2\/pages"}],"about":[{"href":"https:\/\/ready4crisis.eu\/pl\/wp-json\/wp\/v2\/types\/page"}],"author":[{"embeddable":true,"href":"https:\/\/ready4crisis.eu\/pl\/wp-json\/wp\/v2\/users\/3"}],"replies":[{"embeddable":true,"href":"https:\/\/ready4crisis.eu\/pl\/wp-json\/wp\/v2\/comments?post=306"}],"version-history":[{"count":0,"href":"https:\/\/ready4crisis.eu\/pl\/wp-json\/wp\/v2\/pages\/306\/revisions"}],"wp:attachment":[{"href":"https:\/\/ready4crisis.eu\/pl\/wp-json\/wp\/v2\/media?parent=306"}],"curies":[{"name":"wp","href":"https:\/\/api.w.org\/{rel}","templated":true}]}}