{"id":303,"date":"2023-06-30T16:03:07","date_gmt":"2023-06-30T14:03:07","guid":{"rendered":"https:\/\/ready4crisis.eu\/?page_id=303"},"modified":"2023-06-30T16:03:07","modified_gmt":"2023-06-30T14:03:07","slug":"privacy-policy","status":"publish","type":"page","link":"https:\/\/ready4crisis.eu\/pl\/privacy-policy\/","title":{"rendered":"Polityka prywatno\u015bci"},"content":{"rendered":"<p>Poni\u017csze informacje stanowi\u0105 prosty przegl\u0105d tego, co dzieje si\u0119 z Twoimi danymi osobowymi podczas odwiedzania naszej strony internetowej. Dane osobowe to wszystkie dane, za pomoc\u0105 kt\u00f3rych mo\u017cna Ci\u0119 zidentyfikowa\u0107. Informacje na temat ochrony danych mo\u017cna znale\u017a\u0107 w naszym szczeg\u00f3\u0142owym o\u015bwiadczeniu o ochronie danych osobowych pod tym tekstem.<\/p>\n\n\n\n<p>Za po\u015brednictwem niniejszego dokumentu pragniemy przekaza\u0107 Pa\u0144stwu informacje dotycz\u0105ce:<\/p>\n\n\n\n<p><strong>O nas i naszej roli w odniesieniu do Twoich danych osobowych<\/strong><\/p>\n\n\n\n<p>Projekt \"Ready4Crisis-Innovation of the Monitoring and Crisis Management in the VET Study Programs for an Integrated Rescue System\" jest projektem wsp\u00f3\u0142finansowanym przez Uni\u0119 Europejsk\u0105 w ramach projektu Erasmus+ KA2 Partnerstwo Strategiczne, KA220-VET \u2013 Partnerstwa wsp\u00f3\u0142pracy w zakresie kszta\u0142cenia i szkolenia zawodowego (Numer umowy: 2022-1-DE02-KA220-VET-000089097) na okres trzech lat (od 01.11.2022 r. do 31.10.2025 r.).<\/p>\n\n\n\n<p>Projekt Ready4Crisis ma na celu osi\u0105gni\u0119cie og\u00f3lnego ulepszenia tego bardzo specyficznego i raczej rzadkiego programu studi\u00f3w z zakresu bezpiecze\u0144stwa po\u017carowego i zarz\u0105dzania kryzysowego, a tym samym zwi\u0119kszenie umiej\u0119tno\u015bci, gotowo\u015bci i odporno\u015bci przysz\u0142ych pokole\u0144 personelu s\u0142u\u017cb ratowniczych (stra\u017cy po\u017carnej, jednostek ratowniczych, ratownik\u00f3w medycznych, mened\u017cer\u00f3w kryzysowych, cz\u0142onk\u00f3w si\u0142 obronnych itp.).<\/p>\n\n\n\n<p>Wysoki poziom wykszta\u0142cenia przysz\u0142ego personelu s\u0142u\u017cb ratowniczych ma kluczowe znaczenie dla zdolno\u015bci reagowania na nowo pojawiaj\u0105ce si\u0119 kryzysy i zagro\u017cenia naturalne oraz ratowania \u017cycia. Aby to osi\u0105gn\u0105\u0107, przygotowujemy opracowanie r\u00f3\u017cnych materia\u0142\u00f3w edukacyjnych dla nauczycieli i trener\u00f3w tych przedmiot\u00f3w, aby mogli oni dostarcza\u0107 swoim uczniom i uczniom aktualnych informacji za po\u015brednictwem aktualnych format\u00f3w cyfrowych.<\/p>\n\n\n\n<p>Koordynatorem projektu i organizacj\u0105 upowa\u017cnion\u0105 do komunikowania si\u0119 w imieniu konsorcjum w sprawach zwi\u0105zanych z niniejsz\u0105 stron\u0105 internetow\u0105 jest RegioVision GmbH Schwerin, Niemcy. Kierownik projektu Ready4Crisis: Pan Thomas Blum i mo\u017cna si\u0119 z nim skontaktowa\u0107 pod adresem blum@regiovision-sn.de<\/p>\n\n\n\n<p>Adres pocztowy koordynatora to: RegioVision GmbH, Am Margaretenhof 28, 19057 Schwerin.<\/p>\n\n\n\n<p>Projekt Ready4Crisis, jako operator tej strony internetowej, dzia\u0142a jako administrator danych osobowych, kt\u00f3re udost\u0119pniasz za po\u015brednictwem tej strony internetowej. Bardzo powa\u017cnie podchodzimy do ochrony Pa\u0144stwa danych osobowych. Pa\u0144stwa dane osobowe traktujemy zawsze poufnie i zgodnie z przepisami o ochronie danych osobowych oraz niniejszym o\u015bwiadczeniem o ochronie danych.<\/p>\n\n\n\n<p>Projekt Ready4Crisis, jako operator tej strony internetowej, dzia\u0142a jako administrator danych osobowych, kt\u00f3re udost\u0119pniasz za po\u015brednictwem tej strony internetowej. Bardzo powa\u017cnie podchodzimy do ochrony Pa\u0144stwa danych osobowych. Pa\u0144stwa dane osobowe traktujemy zawsze poufnie i zgodnie z przepisami o ochronie danych osobowych oraz niniejszym o\u015bwiadczeniem o ochronie danych.<\/p>\n\n\n\n<p>Podczas korzystania z tej strony internetowej gromadzone s\u0105 r\u00f3\u017cne dane osobowe. Dane osobowe to dane, za pomoc\u0105 kt\u00f3rych mo\u017cna zidentyfikowa\u0107 u\u017cytkownika. Niniejsza Polityka prywatno\u015bci wyja\u015bnia, jakie dane gromadzimy i do czego je wykorzystujemy. Wyja\u015bnia r\u00f3wnie\u017c, jak i w jakim celu si\u0119 to robi.<\/p>\n\n\n\n<p>Dane osobowe gromadzone za po\u015brednictwem tej strony internetowej s\u0105 przetwarzane zgodnie z og\u00f3lnym rozporz\u0105dzeniem o ochronie danych (UE) 2016\/679), federaln\u0105 ustaw\u0105 o ochronie danych z dnia 30 czerwca 2017 r. (wdra\u017caj\u0105c\u0105 RODO) oraz innymi krajowymi aktami prawnymi i procedurami wewn\u0119trznymi.<\/p>\n\n\n\n<p>Dane osobowe oznaczaj\u0105 wszelkie informacje dotycz\u0105ce osoby fizycznej (\"osoby, kt\u00f3rej dane dotycz\u0105\"), kt\u00f3r\u0105 mo\u017cna zidentyfikowa\u0107, w szczeg\u00f3lno\u015bci na podstawie identyfikatora takiego jak imi\u0119 i nazwisko, numer identyfikacyjny, dane o lokalizacji, identyfikator internetowy lub jeden b\u0105d\u017a kilka szczeg\u00f3lnych czynnik\u00f3w okre\u015blaj\u0105cych fizyczn\u0105, fizjologiczn\u0105, genetyczn\u0105, psychiczn\u0105, ekonomiczn\u0105, kulturow\u0105 lub spo\u0142eczn\u0105 to\u017csamo\u015b\u0107 tej osoby fizycznej. Informacje te mog\u0105 obejmowa\u0107 imi\u0119 i nazwisko osoby, adres e-mail itp.<\/p>\n\n\n\n<p><\/p>\n\n\n\n<p><strong>Jakie dane osobowe przetwarzamy<\/strong><\/p>\n\n\n\n<p>A. Je\u015bli korzystasz z naszej strony internetowej wy\u0142\u0105cznie w celach informacyjnych (tj. dost\u0119p i przegl\u0105danie \u2013 nie rejestrujesz si\u0119 w \u017cadnych funkcjach lub wydarzeniach), pewne informacje s\u0105 automatycznie przesy\u0142ane na serwer, za pomoc\u0105 kt\u00f3rego strona internetowa jest dost\u0119pna przez przegl\u0105dark\u0119 internetow\u0105 u\u017cywan\u0105 na Twoim urz\u0105dzeniu. Informacje te s\u0105 technicznie niezb\u0119dne, aby\u015bmy mogli wy\u015bwietli\u0107 Pa\u0144stwu nasz\u0105 stron\u0119 internetow\u0105 oraz zapewni\u0107 stabilno\u015b\u0107 i bezpiecze\u0144stwo po\u0142\u0105czenia i systemu. W \u017cadnym wypadku nie wykorzystujemy wy\u017cej wymienionych danych w celu wyci\u0105gania wniosk\u00f3w na Pa\u0144stwa temat.<\/p>\n\n\n\n<p>\u0392. Pliki cookie s\u0105 przechowywane na Twoim urz\u0105dzeniu podczas korzystania z naszej strony internetowej, tylko wtedy, gdy s\u0105 wybrane.<\/p>\n\n\n\n<p>Cookies \u2013 to ma\u0142e pliki, kt\u00f3re przegl\u0105darka otrzymuje na urz\u0105dzeniu u\u017cytkownika (komputerze, telefonie lub tablecie) ze strony internetowej, kt\u00f3r\u0105 odwiedza u\u017cytkownik i s\u0105 przechowywane na urz\u0105dzeniu u\u017cytkownika. Pliki cookie s\u0105 wykorzystywane do poprawy funkcjonalno\u015bci, do cel\u00f3w reklamowych, statystycznych i analitycznych (wykorzystywanych do rozr\u00f3\u017cniania odwiedzaj\u0105cego i miejsca pracy, dostarczania bardziej odpowiednich tre\u015bci, do zbierania informacji poprzez analiz\u0119 ruchu na stronie internetowej, zbierania statystyk). Innymi s\u0142owy, pliki cookie umo\u017cliwiaj\u0105 stronie internetowej zapami\u0119tywanie informacji o nawykach przegl\u0105dania, dzia\u0142aniach i ustawieniach u\u017cytkownika.<\/p>\n\n\n\n<p>Na tej konkretnej stronie internetowej u\u017cywane s\u0105 tylko nast\u0119puj\u0105ce pliki cookie:<\/p>\n\n\n\n<p>NIEZB\u0118DNE PLIKI COOKIE:<\/p>\n\n\n\n<p>Niezb\u0119dne pliki cookie s\u0105 absolutnie niezb\u0119dne do prawid\u0142owego funkcjonowania strony internetowej. Ta kategoria obejmuje tylko pliki cookie, kt\u00f3re zapewniaj\u0105 podstawowe funkcje i zabezpieczenia witryny. Te pliki cookie nie przechowuj\u0105 \u017cadnych danych osobowych.<\/p>\n\n\n\n<p>Nazwa\u00a0\u00a0\u00a0\u00a0\u00a0\u00a0\u00a0\u00a0\u00a0 \u00a0\u00a0\u00a0\u00a0\u00a0\u00a0\u00a0\u00a0 \u00a0Opis\u00a0\u00a0\u00a0\u00a0\u00a0\u00a0\u00a0\u00a0\u00a0\u00a0\u00a0\u00a0\u00a0\u00a0\u00a0\u00a0\u00a0\u00a0\u00a0\u00a0\u00a0\u00a0\u00a0\u00a0\u00a0\u00a0\u00a0\u00a0\u00a0\u00a0\u00a0\u00a0\u00a0\u00a0\u00a0\u00a0\u00a0\u00a0\u00a0\u00a0\u00a0\u00a0\u00a0\u00a0\u00a0\u00a0\u00a0\u00a0\u00a0\u00a0\u00a0\u00a0\u00a0\u00a0\u00a0\u00a0 \u00a0\u00a0\u00a0\u00a0\u00a0\u00a0\u00a0\u00a0 Up\u0142ywie terminu wa\u017cno\u015bci<\/p>\n\n\n\n<p>&nbsp;cookielawinfo-checkbox-analityka\u00a0\u00a0\u00a0\u00a0\u00a0\u00a0\u00a0\u00a0\u00a0\u00a0\u00a0 Ten plik cookie jest ustawiany przez wtyczk\u0119 GDPR Cookie Consent WordPress. Plik cookie s\u0142u\u017cy do zapami\u0119tywania zgody u\u017cytkownika na pliki cookie w kategorii \"Analityka\" \u00a0\u00a0\u00a0\u00a0\u00a0 1 rok<\/p>\n\n\n\n<p>&nbsp;cookielawinfo-checkbox-analityka\u00a0\u00a0\u00a0\u00a0\u00a0\u00a0\u00a0\u00a0\u00a0\u00a0\u00a0 Ten plik cookie jest ustawiany przez wtyczk\u0119 GDPR Cookie Consent. Plik cookie s\u0142u\u017cy do przechowywania zgody u\u017cytkownika na pliki cookie w kategorii \"Niezb\u0119dne\".\u00a0\u00a0\u00a0\u00a0\u00a0\u00a0 1 rok<\/p>\n\n\n\n<p>&nbsp;cookielawinfo-pole wyboru-niekonieczne \u00a0Ten plik cookie jest ustawiany przez wtyczk\u0119 GDPR Cookie Consent. Plik cookie s\u0142u\u017cy do przechowywania zgody u\u017cytkownika na pliki cookie w kategorii \"Niepotrzebne\". \u00a0\u00a0\u00a0\u00a0\u00a0\u00a0\u00a0\u00a0\u00a0\u00a0\u00a0\u00a0 1 rok<\/p>\n\n\n\n<p>&nbsp;cookielawinfo-checkbox-wydajno\u015b\u0107 \u00a0\u00a0 \u00a0Ten plik cookie jest ustawiany przez wtyczk\u0119 GDPR Cookie Consent. Plik cookie s\u0142u\u017cy do przechowywania zgody u\u017cytkownika na pliki cookie w kategorii \"Wydajno\u015b\u0107\".\u00a0 1 rok<\/p>\n\n\n\n<p>ANALITYCZNE PLIKI COOKIE:<\/p>\n\n\n\n<p>Analityczne pliki cookie s\u0142u\u017c\u0105 do zrozumienia, w jaki spos\u00f3b odwiedzaj\u0105cy wchodz\u0105 w interakcj\u0119 z witryn\u0105. Te pliki cookie pomagaj\u0105 dostarcza\u0107 informacji o wska\u017anikach, takich jak liczba odwiedzaj\u0105cych, wsp\u00f3\u0142czynnik odrzuce\u0144, \u017ar\u00f3d\u0142o ruchu itp.<\/p>\n\n\n\n<p>&nbsp;Nazwa\u00a0\u00a0 Opis\u00a0\u00a0\u00a0\u00a0\u00a0\u00a0\u00a0\u00a0 Up\u0142ywie terminu wa\u017cno\u015bci<\/p>\n\n\n\n<p>&nbsp;_Ga\u00a0\u00a0\u00a0\u00a0\u00a0\u00a0 Rejestruje unikalny identyfikator, kt\u00f3ry jest u\u017cywany do generowania danych statystycznych dotycz\u0105cych sposobu korzystania z witryny przez odwiedzaj\u0105cego.\u00a0\u00a0\u00a0\u00a0\u00a0\u00a0\u00a0\u00a0\u00a0\u00a0\u00a0\u00a0\u00a0\u00a0 2 lata<\/p>\n\n\n\n<p>&nbsp;_Ga_ #\u00a0\u00a0 U\u017cywany przez Google Analytics do zbierania danych o tym, ile razy u\u017cytkownik odwiedzi\u0142 stron\u0119 internetow\u0105, a tak\u017ce o datach pierwszej i ostatniej wizyty. \u00a0\u00a0\u00a0\u00a0\u00a0\u00a0\u00a0\u00a0\u00a0\u00a0\u00a0\u00a0 2 lata<\/p>\n\n\n\n<p>C. Nasza strona internetowa zapewnia dost\u0119p, poprzez linki wy\u015bwietlane na dole ka\u017cdej strony, do internetowej obecno\u015bci projektu Ready4Crisis w mediach spo\u0142eczno\u015bciowych (Facebook). Nie przechowujemy \u017cadnych informacji na temat tej akcji.<\/p>\n\n\n\n<p><\/p>\n\n\n\n<p><strong>Dlaczego przetwarzamy Twoje dane osobowe<\/strong><\/p>\n\n\n\n<p>Przetwarzamy Twoje dane osobowe przekazane nam w spos\u00f3b opisany powy\u017cej z nast\u0119puj\u0105cych powod\u00f3w:<\/p>\n\n\n\n<p>Informacje dotycz\u0105ce Twojej wizyty na stronie internetowej. Informacje te s\u0105 technicznie niezb\u0119dne, aby\u015bmy mogli wy\u015bwietli\u0107 Pa\u0144stwu nasz\u0105 stron\u0119 internetow\u0105 oraz zapewni\u0107 stabilno\u015b\u0107 i bezpiecze\u0144stwo po\u0142\u0105czenia i systemu.<\/p>\n\n\n\n<p>Pliki cookie s\u0105 przechowywane na Twoim urz\u0105dzeniu podczas korzystania z naszej strony internetowej, w oparciu o Twoje wybory. Wi\u0119cej informacji mo\u017cna znale\u017a\u0107 powy\u017cej. W zale\u017cno\u015bci od wybor\u00f3w dokonanych przez u\u017cytkownika podczas wyra\u017cania zgody na korzystanie z funkcji plik\u00f3w cookie, korzystanie z plik\u00f3w cookie jest: obowi\u0105zkowe dla prawid\u0142owego dzia\u0142ania strony internetowej oraz wizyty i analizy.<\/p>\n\n\n\n<p>Sami zarz\u0105dzamy naszymi mediami spo\u0142eczno\u015bciowymi. Je\u015bli wy\u015blesz nam prywatn\u0105 lub bezpo\u015bredni\u0105 wiadomo\u015b\u0107 za po\u015brednictwem medi\u00f3w spo\u0142eczno\u015bciowych, nie zostanie ona udost\u0119pniona \u017cadnej innej organizacji. Przegl\u0105damy wszystkie te informacje i decydujemy, jak nimi zarz\u0105dza\u0107. Na przyk\u0142ad, je\u015bli wy\u015blesz wiadomo\u015b\u0107 za po\u015brednictwem medi\u00f3w spo\u0142eczno\u015bciowych, kt\u00f3ra wymaga od nas odpowiedzi, mo\u017cemy przetworzy\u0107 j\u0105 jako zapytanie lub skarg\u0119. Kontaktuj\u0105c si\u0119 z nami za po\u015brednictwem platformy medi\u00f3w spo\u0142eczno\u015bciowych, sugerujemy r\u00f3wnie\u017c zapoznanie si\u0119 z informacjami o ochronie prywatno\u015bci tej platformy.<\/p>\n\n\n\n<p><\/p>\n\n\n\n<p><strong>Jak d\u0142ugo b\u0119dziemy przechowywa\u0107 Twoje dane osobowe<\/strong><\/p>\n\n\n\n<p>B\u0119dziemy przechowywa\u0107 informacje podane w punktach A, B i C zgodnie z naszymi procedurami jako\u015bci przez okres nie d\u0142u\u017cszy ni\u017c trzy (3) lata (czas trwania projektu).<\/p>\n\n\n\n<p><\/p>\n\n\n\n<p><strong>Jacy s\u0105 potencjalni odbiorcy Twoich danych osobowych<\/strong><\/p>\n\n\n\n<p>Informacje przekazane nam przez u\u017cytkownika b\u0119d\u0105 przechowywane w g\u0142\u00f3wnym systemie informatycznym i b\u0119d\u0105 przechowywane zgodnie z zasad\u0105 ograniczonego dost\u0119pu.<\/p>\n\n\n\n<p>Dost\u0119p do danych mo\u017ce mie\u0107 upowa\u017cniony personel ka\u017cdego partnera projektu Read4crisis, Unii Europejskiej (personel odpowiedni dla Projekt\u00f3w Europejskich ERASMUS+), w\u0142adzom krajowym ka\u017cdego kraju (je\u015bli zajdzie taka potrzeba), mailchimp (kt\u00f3ry zarz\u0105dza kampaniami mailingowymi), administratorowi strony internetowej, firmie wspieraj\u0105cej platform\u0119 oraz hostowi platformy i infrastruktury.<\/p>\n\n\n\n<p>W przypadku, gdy konieczne b\u0119dzie udost\u0119pnienie Twoich danych innym podmiotom, poinformujemy Ci\u0119 o tym.<\/p>\n\n\n\n<p><\/p>\n\n\n\n<p><strong>Do jakich kraj\u00f3w lub organizacji mi\u0119dzynarodowych zamierzamy przekazywa\u0107 informacje o u\u017cytkowniku<\/strong><\/p>\n\n\n\n<p>Kraje, kt\u00f3re otrzymaj\u0105 Twoje dane osobowe to:<\/p>\n\n\n\n<p>Niemcy, Grecja, Polska, Czechy, W\u0142ochy<\/p>\n\n\n\n<p><\/p>\n\n\n\n<p><strong>W jaki spos\u00f3b b\u0119dziemy przetwarza\u0107 Twoje dane osobowe<\/strong><\/p>\n\n\n\n<p>B\u0119dziemy gromadzi\u0107, rejestrowa\u0107, strukturyzowa\u0107, przechowywa\u0107, konsultowa\u0107, wykorzystywa\u0107, rozpowszechnia\u0107 lub w inny spos\u00f3b udost\u0119pnia\u0107, ogranicza\u0107, usuwa\u0107 lub niszczy\u0107 dane osobowe pozyskane przez Pa\u0144stwa za po\u015brednictwem naszej strony internetowej w oparciu o wy\u017cej wymienione zasady, s\u0142u\u017c\u0105c jednocze\u015bnie okre\u015blonym celom przetwarzania.<\/p>\n\n\n\n<p>Nie b\u0119dziemy wykorzystywa\u0107 Twoich danych do profilowania ani do zautomatyzowanego podejmowania decyzji.<\/p>\n\n\n\n<p><\/p>\n\n\n\n<p><strong>Jakie prawa przys\u0142uguj\u0105 u\u017cytkownikowi w odniesieniu do przetwarzanych przez nas danych osobowych<\/strong><\/p>\n\n\n\n<p>Maj\u0105 Pa\u0144stwo prawo do \u017c\u0105dania dost\u0119pu do przechowywanych danych osobowych oraz ich sprostowania lub ograniczenia przetwarzania, a tak\u017ce do wniesienia sprzeciwu wobec przetwarzania, a tak\u017ce prawo do przenoszenia danych.<\/p>\n\n\n\n<p>Maj\u0105 Pa\u0144stwo prawo do wycofania zgody w dowolnym momencie, po prostu poprzez:<\/p>\n\n\n\n<p>wysy\u0142aj\u0105c do <a href=\"mailto:blum@regiovision-sn.de\">blum@regiovision-sn.de<\/a> wiadomo\u015b\u0107 e-mail  o tytule \"COFNIJ ZGOD\u0118\".<\/p>\n\n\n\n<p>Wycofanie zgody nie ma wp\u0142ywu na zgodno\u015b\u0107 z prawem przetwarzania danych, kt\u00f3rego dokonano przed cofni\u0119ciem zgody.<\/p>\n\n\n\n<p>Maj\u0105 Pa\u0144stwo prawo do wniesienia skargi do organu nadzorczego.<\/p>\n\n\n\n<p>Organem nadzorczym w\u0142a\u015bciwym w sprawach zwi\u0105zanych z ochron\u0105 danych jest Krajowy Inspektorat Ochrony Danych Meklemburgii-Pomorza Przedniego, z kt\u00f3rym mo\u017cna si\u0119 skontaktowa\u0107 pod nast\u0119puj\u0105cym linkiem: https:\/\/www.datenschutz-mv.de<\/p>\n\n\n\n<p>Wi\u0119cej informacji kontaktowych:<\/p>\n\n\n\n<p>Adres: \nDer Landesbeauftragte f\u00fcr Datenschutz und Informationsfreiheit\nZamek Schwerin\nul. Lenn\u00e9stra\u00dfe 1\n19053 Schwerin<\/p>\n\n\n\n<p>Telefon: +49 385 594940<\/p>\n\n\n\n<p>E-mail: info@datenschutz-mv.de<\/p>\n\n\n\n<p><\/p>\n\n\n\n<p><strong>W jaki spos\u00f3b mo\u017cesz skorzysta\u0107 ze swoich praw w odniesieniu do przetwarzanych przez nas Twoich danych osobowych<\/strong><\/p>\n\n\n\n<p>W ka\u017cdej chwili mo\u017cesz si\u0119 z nami skontaktowa\u0107:<\/p>\n\n\n\n<p>za po\u015brednictwem poczty na adres pocztowy koordynatora projektu:<\/p>\n\n\n\n<p>RegioVision GmbH Am Margaretenhof 28 ,19057 Schwerin, Niemcy, do Pana Thomasa Bluma<\/p>\n\n\n\n<p>poczt\u0105 elektroniczn\u0105 do kierownika projektu Thomasa Bluma, pod adresem <a href=\"mailto:blum@regiovision-sn.de\">blum@regiovision-sn.de<\/a><\/p>\n\n\n\n<p><\/p>\n\n\n\n<p><strong>Pozosta\u0142e informacje<\/strong><\/p>\n\n\n\n<p>W przypadku, gdy udost\u0119pniamy linki do stron internetowych innych organizacji, niniejsza informacja o ochronie prywatno\u015bci nie obejmuje sposobu przetwarzania danych osobowych przez t\u0119 organizacj\u0119. Zach\u0119camy do zapoznania si\u0119 z informacjami o ochronie prywatno\u015bci na innych odwiedzanych stronach internetowych.<\/p>\n\n\n\n<p>Regularnie sprawdzamy nasz\u0105 polityk\u0119 prywatno\u015bci, aby upewni\u0107 si\u0119, \u017ce jest aktualna i dok\u0142adna.<\/p>\n\n\n\n<p>Czerwiec 2023 r.<\/p>","protected":false},"excerpt":{"rendered":"<p>The following information provides a simple overview<\/p>","protected":false},"author":3,"featured_media":0,"parent":0,"menu_order":0,"comment_status":"closed","ping_status":"closed","template":"page.php","meta":{"footnotes":""},"class_list":["post-303","page","type-page","status-publish","hentry"],"_links":{"self":[{"href":"https:\/\/ready4crisis.eu\/pl\/wp-json\/wp\/v2\/pages\/303","targetHints":{"allow":["GET"]}}],"collection":[{"href":"https:\/\/ready4crisis.eu\/pl\/wp-json\/wp\/v2\/pages"}],"about":[{"href":"https:\/\/ready4crisis.eu\/pl\/wp-json\/wp\/v2\/types\/page"}],"author":[{"embeddable":true,"href":"https:\/\/ready4crisis.eu\/pl\/wp-json\/wp\/v2\/users\/3"}],"replies":[{"embeddable":true,"href":"https:\/\/ready4crisis.eu\/pl\/wp-json\/wp\/v2\/comments?post=303"}],"version-history":[{"count":0,"href":"https:\/\/ready4crisis.eu\/pl\/wp-json\/wp\/v2\/pages\/303\/revisions"}],"wp:attachment":[{"href":"https:\/\/ready4crisis.eu\/pl\/wp-json\/wp\/v2\/media?parent=303"}],"curies":[{"name":"wp","href":"https:\/\/api.w.org\/{rel}","templated":true}]}}