{"id":252,"date":"2023-06-19T15:17:40","date_gmt":"2023-06-19T13:17:40","guid":{"rendered":"https:\/\/ready4crisis.eu\/?page_id=252"},"modified":"2023-09-05T16:06:33","modified_gmt":"2023-09-05T14:06:33","slug":"learning-enviroment","status":"publish","type":"page","link":"https:\/\/ready4crisis.eu\/pl\/learning-enviroment\/","title":{"rendered":"Platforma edukacyjna"},"content":{"rendered":"<div class=\"wp-block-columns is-layout-flex wp-container-core-columns-is-layout-9d6595d7 wp-block-columns-is-layout-flex\">\n<div class=\"wp-block-column is-layout-flow wp-block-column-is-layout-flow\">\n<figure class=\"wp-block-image size-large\"><a href=\"http:\/\/ready4crisis.eu\/wp-content\/uploads\/2023\/06\/pexels-benjamin-farren-11767301.jpg\"><img fetchpriority=\"high\" decoding=\"async\" width=\"683\" height=\"1024\" src=\"https:\/\/ready4crisis.eu\/wp-content\/uploads\/2023\/06\/pexels-benjamin-farren-11767301-683x1024.jpg\" alt=\"pexels benjamin farren 11767301\" class=\"wp-image-183\" srcset=\"https:\/\/ready4crisis.eu\/wp-content\/uploads\/2023\/06\/pexels-benjamin-farren-11767301-683x1024.jpg 683w, https:\/\/ready4crisis.eu\/wp-content\/uploads\/2023\/06\/pexels-benjamin-farren-11767301-200x300.jpg 200w, https:\/\/ready4crisis.eu\/wp-content\/uploads\/2023\/06\/pexels-benjamin-farren-11767301-768x1151.jpg 768w, https:\/\/ready4crisis.eu\/wp-content\/uploads\/2023\/06\/pexels-benjamin-farren-11767301.jpg 800w\" sizes=\"(max-width: 683px) 100vw, 683px\" \/><\/a><\/figure>\n<\/div>\n\n\n\n<div class=\"wp-block-column is-layout-flow wp-block-column-is-layout-flow\">\n<p>Internetowa platforma wsp\u00f3\u0142pracy to kompleksowe i innowacyjne narz\u0119dzie zaprojektowane w celu u\u0142atwienia wymiany zasob\u00f3w edukacyjnych mi\u0119dzy nauczycielami zawodowymi, trenerami i pedagogami specjalizuj\u0105cymi si\u0119 w programach nauczania dotycz\u0105cych zarz\u0105dzania po\u017carami, bezpiecze\u0144stwa przeciwpo\u017carowego, zarz\u0105dzania kryzysowego i zarz\u0105dzania sytuacjami awaryjnymi. Platforma ta stanowi wyj\u0105tkow\u0105 okazj\u0119 do wsp\u00f3\u0142pracy z innymi specjalistami, rozszerzania istniej\u0105cych materia\u0142\u00f3w edukacyjnych oraz przyczyniania si\u0119 do opracowywania nowych zasob\u00f3w, kt\u00f3re przynios\u0105 korzy\u015bci studentom w zakresie zarz\u0105dzania kryzysowego i ochrony przeciwpo\u017carowej. <\/p>\n\n\n\n<p><br><br><\/p>\n\n\n\n<p><div style=\"height: 0\"><\/div><\/p>\n<\/div>\n<\/div>\n\n\n\n<p><\/p>\n\n\n\n<p><\/p>","protected":false},"excerpt":{"rendered":"<p>The web-based Collaborative Platform is a comprehensive<\/p>","protected":false},"author":3,"featured_media":0,"parent":0,"menu_order":0,"comment_status":"closed","ping_status":"closed","template":"","meta":{"footnotes":""},"class_list":["post-252","page","type-page","status-publish","hentry"],"_links":{"self":[{"href":"https:\/\/ready4crisis.eu\/pl\/wp-json\/wp\/v2\/pages\/252","targetHints":{"allow":["GET"]}}],"collection":[{"href":"https:\/\/ready4crisis.eu\/pl\/wp-json\/wp\/v2\/pages"}],"about":[{"href":"https:\/\/ready4crisis.eu\/pl\/wp-json\/wp\/v2\/types\/page"}],"author":[{"embeddable":true,"href":"https:\/\/ready4crisis.eu\/pl\/wp-json\/wp\/v2\/users\/3"}],"replies":[{"embeddable":true,"href":"https:\/\/ready4crisis.eu\/pl\/wp-json\/wp\/v2\/comments?post=252"}],"version-history":[{"count":0,"href":"https:\/\/ready4crisis.eu\/pl\/wp-json\/wp\/v2\/pages\/252\/revisions"}],"wp:attachment":[{"href":"https:\/\/ready4crisis.eu\/pl\/wp-json\/wp\/v2\/media?parent=252"}],"curies":[{"name":"wp","href":"https:\/\/api.w.org\/{rel}","templated":true}]}}