{"id":234,"date":"2023-06-19T14:26:32","date_gmt":"2023-06-19T12:26:32","guid":{"rendered":"https:\/\/ready4crisis.eu\/?page_id=234"},"modified":"2023-09-05T16:06:53","modified_gmt":"2023-09-05T14:06:53","slug":"objectives","status":"publish","type":"page","link":"https:\/\/ready4crisis.eu\/pl\/objectives\/","title":{"rendered":"Cele"},"content":{"rendered":"<div class=\"wp-block-columns is-layout-flex wp-container-core-columns-is-layout-9d6595d7 wp-block-columns-is-layout-flex\">\n<div class=\"wp-block-column is-layout-flow wp-block-column-is-layout-flow\">\n<figure class=\"wp-block-image size-large\"><a href=\"http:\/\/ready4crisis.eu\/wp-content\/uploads\/2023\/06\/firefighters-gefb0fe56e_1920.jpg\"><img fetchpriority=\"high\" decoding=\"async\" width=\"1024\" height=\"698\" src=\"http:\/\/ready4crisis.eu\/wp-content\/uploads\/2023\/06\/firefighters-gefb0fe56e_1920-1024x698.jpg\" alt=\"firefighters gefb0fe56e 1920\" class=\"wp-image-194\" srcset=\"https:\/\/ready4crisis.eu\/wp-content\/uploads\/2023\/06\/firefighters-gefb0fe56e_1920-1024x698.jpg 1024w, https:\/\/ready4crisis.eu\/wp-content\/uploads\/2023\/06\/firefighters-gefb0fe56e_1920-300x205.jpg 300w, https:\/\/ready4crisis.eu\/wp-content\/uploads\/2023\/06\/firefighters-gefb0fe56e_1920-768x524.jpg 768w, https:\/\/ready4crisis.eu\/wp-content\/uploads\/2023\/06\/firefighters-gefb0fe56e_1920-200x136.jpg 200w, https:\/\/ready4crisis.eu\/wp-content\/uploads\/2023\/06\/firefighters-gefb0fe56e_1920.jpg 1200w\" sizes=\"(max-width: 1024px) 100vw, 1024px\" \/><\/a><\/figure>\n<\/div>\n\n\n\n<div class=\"wp-block-column is-layout-flow wp-block-column-is-layout-flow\">\n<p>Projekt Ready4Crisis ma na celu wyposa\u017cenie nauczycieli w innowacyjne narz\u0119dzia, dzi\u0119ki kt\u00f3rym b\u0119d\u0105 mogli przekazywa\u0107 przysz\u0142ym pracownikom s\u0142u\u017cb zintegrowanego sytemu ratownictwa niezb\u0119dn\u0105 wiedz\u0119 i umiej\u0119tno\u015bci do reagowania na sytuacje kryzysowe w spos\u00f3b pewny i kompetentny. <\/p>\n\n\n\n<p>D\u0105\u017cym do tego, aby opracowane materia\u0142y  w zakresie monitorowania zagro\u017ce\u0144, szybkiego reagowania i zarz\u0105dzania kryzysowego by\u0142y innowacyjne, szczeg\u00f3\u0142owe i kompleksowe i u\u0142atwia\u0142y prac\u0119 nauczycieli, w ramach program\u00f3w edukacyjnych dla przysz\u0142ych profesjonalist\u00f3w, kt\u00f3rzy b\u0119d\u0105 pracowa\u0107 w zintegrowanym systemie ratownictwa.<\/p>\n<\/div>\n<\/div>\n\n\n\n<p> <strong><\/p>W\u015br\u00f3d materia\u0142\u00f3w znajdziesz:<\/strong><\/p>  dodatkowe \u017ar\u00f3d\u0142a informacji do nauki przedmiotu, w tym praktyczne przyk\u0142ady, studia przypadk\u00f3w i rzeczywiste scenariusze, kt\u00f3re umo\u017cliwi\u0105 zaanga\u017cowanie uczni\u00f3w w tematyk\u0119 przedmiot\u00f3w.           . <\/p>\n\n\n\n<p><strong><\/p>W szczeg\u00f3lno\u015bci zak\u0142adamy:<\/strong><\/p> <\/p>\n\n\n\n<p>-dostarczenie nauczycielom dodatkowych materia\u0142\u00f3w dydaktycznych, wspieraj\u0105cych nauk\u0119 przedmiot\u00f3w; <\/p>\n\n\n\n<p>-zapewnienie aktualnych tre\u015bci edukacyjnych, odpowiadaj\u0105cych na bie\u017c\u0105ce potrzeby; <\/p>\n\n\n\n<p>-dostosowanie materia\u0142\u00f3w do potrzeb \u015bwiata cyfrowego - wykorzystanie TIK do publikacji naszych rezultat\u00f3w; <\/p>\n\n\n\n<p>- stworzenia materia\u0142\u00f3w zawieracj\u0105cych podstaw\u0119 teoretyczn\u0105, a tak\u017ce praktyczne wkaz\u00f3wki i konkretne materia\u0142y praktyczne, do wykorzystania na lekcjach. <\/p>\n\n\n\n<p><\/p>\n\n\n\n<p><\/p>","protected":false},"excerpt":{"rendered":"<p>The central focus of this project is<\/p>","protected":false},"author":3,"featured_media":0,"parent":0,"menu_order":0,"comment_status":"closed","ping_status":"closed","template":"","meta":{"footnotes":""},"class_list":["post-234","page","type-page","status-publish","hentry"],"_links":{"self":[{"href":"https:\/\/ready4crisis.eu\/pl\/wp-json\/wp\/v2\/pages\/234","targetHints":{"allow":["GET"]}}],"collection":[{"href":"https:\/\/ready4crisis.eu\/pl\/wp-json\/wp\/v2\/pages"}],"about":[{"href":"https:\/\/ready4crisis.eu\/pl\/wp-json\/wp\/v2\/types\/page"}],"author":[{"embeddable":true,"href":"https:\/\/ready4crisis.eu\/pl\/wp-json\/wp\/v2\/users\/3"}],"replies":[{"embeddable":true,"href":"https:\/\/ready4crisis.eu\/pl\/wp-json\/wp\/v2\/comments?post=234"}],"version-history":[{"count":0,"href":"https:\/\/ready4crisis.eu\/pl\/wp-json\/wp\/v2\/pages\/234\/revisions"}],"wp:attachment":[{"href":"https:\/\/ready4crisis.eu\/pl\/wp-json\/wp\/v2\/media?parent=234"}],"curies":[{"name":"wp","href":"https:\/\/api.w.org\/{rel}","templated":true}]}}