{"id":182,"date":"2023-06-19T13:21:58","date_gmt":"2023-06-19T11:21:58","guid":{"rendered":"https:\/\/ready4crisis.eu\/?page_id=182"},"modified":"2025-11-07T17:05:18","modified_gmt":"2025-11-07T16:05:18","slug":"about-us","status":"publish","type":"page","link":"https:\/\/ready4crisis.eu\/pl\/about-us\/","title":{"rendered":"O nas"},"content":{"rendered":"<div class=\"wp-block-columns is-layout-flex wp-container-core-columns-is-layout-9d6595d7 wp-block-columns-is-layout-flex\">\n<div class=\"wp-block-column is-layout-flow wp-block-column-is-layout-flow\">\n<p><strong>Kim jeste\u015bmy?<\/strong><\/p>\n\n\n\n<p>Jeste\u015bmy zespo\u0142em nauczycieli i pedagog\u00f3w z Polski, Czech, Niemiec, W\u0142och i Grecji, zaanga\u017cowanych w zarz\u0105dzanie kryzysowe i jednostki szybkiego reagowania. Wsp\u00f3lnie realizujemy projekt Ready4Crisis, aby wspiera\u0107 nauczycieli, pedagog\u00f3w i przysz\u0142ych profesjonalist\u00f3w w dziedzinie stra\u017cy po\u017carnej, zarz\u0105dzania kryzysowego i s\u0142u\u017cb ratowniczych.<\/p>\n\n\n\n<p><strong>Czym si\u0119 zajmujemy?<\/strong><\/p>\n\n\n\n<p>Korzystaj\u0105c z najnowszych bada\u0144, wiedzy i technik pracy w wy\u017cej wymienionych obszarach, tworzymy nowoczesne i anga\u017cuj\u0105ce pomoce dydaktyczne dla nauczycieli, d\u0105\u017c\u0105c do poprawy jako\u015bci szkolenia ratownik\u00f3w i stra\u017cak\u00f3w, co ostatecznie prowadzi do skuteczniejszej i wydajniejszej reakcji w sytuacjach kryzysowych.<\/p>\n\n\n\n<p><strong>Dla kogo pracujemy?<\/strong><\/p>\n\n\n\n<p>Ta strona internetowa zosta\u0142a stworzona dla nauczycieli i wychowawc\u00f3w pracuj\u0105cych z m\u0142odymi lud\u017ami przygotowuj\u0105cymi si\u0119 do kariery zwi\u0105zanej z Zintegrowanym Systemem Ratownictwa.<\/p>\n\n\n\n<p><strong>Dlaczego?<\/strong><\/p>\n\n\n\n<p>Naszym celem jest poprawa program\u00f3w kszta\u0142cenia i szkolenia zawodowego (VET) oraz materia\u0142\u00f3w wspieraj\u0105cych edukacj\u0119 w zakresie bezpiecze\u0144stwa przeciwpo\u017carowego, ratownictwa i zarz\u0105dzania kryzysowego. Wspieramy rozw\u00f3j umiej\u0119tno\u015bci i postaw przysz\u0142ych pracownik\u00f3w zintegrowanych s\u0142u\u017cb ratowniczych, aby wzmocni\u0107 ich umiej\u0119tno\u015bci i postawy w reagowaniu na pojawiaj\u0105ce si\u0119 kryzysy i zagro\u017cenia naturalne oraz ratowaniu \u017cycia innych os\u00f3b.<\/p>\n\n\n\n<p><em>Projekt \u201eReady4crisis \u2013 Innowacje w zakresie monitorowania i zarz\u0105dzania kryzysowego w programach kszta\u0142cenia i szkolenia zawodowego na rzecz zintegrowanego systemu ratownictwa\u201d to ambitna i wyj\u0105tkowa trzyletnia inicjatywa wsp\u00f3\u0142finansowana przez Uni\u0119 Europejsk\u0105. Kluczowym elementem tego projektu jest strategiczne partnerstwo Erasmus+ KA2, KA220-VET \u2013 Partnerstwa na rzecz wsp\u00f3\u0142pracy w zakresie kszta\u0142cenia i szkolenia zawodowego. Numer umowy projektowej to 2022-1-DE02-KA220-VET-000089097.<\/em><\/p>\n<\/div>\n<\/div>\n\n\n\n<p><\/p>","protected":false},"excerpt":{"rendered":"<p>Who are we? We are a team<\/p>","protected":false},"author":3,"featured_media":0,"parent":0,"menu_order":0,"comment_status":"closed","ping_status":"closed","template":"","meta":{"footnotes":""},"class_list":["post-182","page","type-page","status-publish","hentry"],"_links":{"self":[{"href":"https:\/\/ready4crisis.eu\/pl\/wp-json\/wp\/v2\/pages\/182","targetHints":{"allow":["GET"]}}],"collection":[{"href":"https:\/\/ready4crisis.eu\/pl\/wp-json\/wp\/v2\/pages"}],"about":[{"href":"https:\/\/ready4crisis.eu\/pl\/wp-json\/wp\/v2\/types\/page"}],"author":[{"embeddable":true,"href":"https:\/\/ready4crisis.eu\/pl\/wp-json\/wp\/v2\/users\/3"}],"replies":[{"embeddable":true,"href":"https:\/\/ready4crisis.eu\/pl\/wp-json\/wp\/v2\/comments?post=182"}],"version-history":[{"count":2,"href":"https:\/\/ready4crisis.eu\/pl\/wp-json\/wp\/v2\/pages\/182\/revisions"}],"predecessor-version":[{"id":2023,"href":"https:\/\/ready4crisis.eu\/pl\/wp-json\/wp\/v2\/pages\/182\/revisions\/2023"}],"wp:attachment":[{"href":"https:\/\/ready4crisis.eu\/pl\/wp-json\/wp\/v2\/media?parent=182"}],"curies":[{"name":"wp","href":"https:\/\/api.w.org\/{rel}","templated":true}]}}