{"id":306,"date":"2023-06-30T16:04:51","date_gmt":"2023-06-30T14:04:51","guid":{"rendered":"https:\/\/ready4crisis.eu\/?page_id=306"},"modified":"2023-06-30T16:04:51","modified_gmt":"2023-06-30T14:04:51","slug":"terms-of-use","status":"publish","type":"page","link":"https:\/\/ready4crisis.eu\/it\/terms-of-use\/","title":{"rendered":"Condizioni d'uso"},"content":{"rendered":"<p>I presenti Termini di servizio regolano il sito web Ready4Crisis, che \u00e8 di propriet\u00e0 e gestito dai membri del Consorzio del progetto READY4CRISIS (di seguito denominati \"Partner\"). L'utente non deve accedere o utilizzare questo sito Web prima di aver letto attentamente e accettato i seguenti Termini di servizio.<\/p>\n\n\n\n<p><strong>Utilizzo del sito web<\/strong><\/p>\n\n\n\n<p>Accedendo a questo sito web, l'utente ha dichiarato di aver letto i presenti termini e di accettare di essere vincolato e di rispettarli. Se non si accetta di essere vincolati da questi termini, si prega di uscire immediatamente dal sito web. I membri si riservano il diritto di modificare questi termini in qualsiasi momento e pubblicheranno avvisi di eventuali modifiche on-line su questo sito web. Continuando ad accedere a questo sito web dopo la pubblicazione dell'avviso di tali modifiche, l'utente accetta di essere vincolato da esse.<\/p>\n\n\n\n<p><strong>Responsabilit\u00e0 per i contenuti<\/strong><\/p>\n\n\n\n<p>In qualit\u00e0 di fornitore di servizi, siamo responsabili dei nostri contenuti su queste pagine in conformit\u00e0 con le leggi pertinenti. Non monitoriamo le informazioni di terze parti trasmesse o memorizzate, n\u00e9 indaghiamo su circostanze che indicano attivit\u00e0 illegali.<\/p>\n\n\n\n<p>Il contenuto di questo sito web appartiene al progetto READY4CRISIS e ai suoi partner, salvo diversa indicazione.<\/p>\n\n\n\n<p><strong>Responsabilit\u00e0 per i link<\/strong><\/p>\n\n\n\n<p>Il nostro sito contiene link a siti web esterni di terze parti, sul cui contenuto non abbiamo alcuna influenza. Per questo motivo, non ci assumiamo alcuna responsabilit\u00e0 per questi contenuti esterni. Il rispettivo fornitore o gestore delle pagine \u00e8 sempre responsabile del contenuto delle pagine collegate. Le pagine collegate sono state controllate per eventuali violazioni legali al momento della creazione del collegamento. Al momento della creazione del link non erano riconoscibili contenuti illegali.<\/p>\n\n\n\n<p>Un controllo permanente del contenuto delle pagine collegate non \u00e8 ragionevole senza prove concrete di una violazione. Non appena verremo a conoscenza di violazioni legali, rimuoveremo immediatamente tali link.<\/p>\n\n\n\n<p><strong>Diritto d\u2019autore<\/strong><\/p>\n\n\n\n<p>I contenuti e le opere di queste pagine create dal gestore del sito sono soggetti alla legge tedesca sul diritto d'autore. La riproduzione, la modifica, la distribuzione e qualsiasi tipo di utilizzo al di fuori dei limiti della legge sul diritto d'autore richiedono il consenso scritto del rispettivo autore o creatore. Il download e la copia di questa pagina sono consentiti solo per uso privato e non commerciale.<\/p>\n\n\n\n<p>Nella misura in cui il contenuto di questa pagina non \u00e8 stato creato dal gestore, vengono rispettati i diritti d'autore di terzi. In particolare, i contenuti di terzi sono contrassegnati come tali. Se tuttavia doveste venire a conoscenza di una violazione del diritto d'autore, vi preghiamo di comunicarcelo. Non appena verremo a conoscenza di violazioni legali, rimuoveremo immediatamente tali contenuti.<\/p>\n\n\n\n<p><strong>Informazioni personali<\/strong><\/p>\n\n\n\n<p>Il sito web contiene informazioni personali dei partner. Queste informazioni sono fornite solo ai fini di questo progetto e non devono in nessun caso essere utilizzate per altri scopi.<\/p>\n\n\n\n<p>Per ulteriori informazioni sul trattamento dei dati personali attraverso questo sito web o il progetto, si prega di contattare RegioVision GmbH Schwerin, Germania. Il responsabile del progetto pertinente \u00e8 il signor Thomas Blum e pu\u00f2 essere contattato all' <a href=\"mailto:blum@regiovision-sn.de\">blum@regiovision-sn.de<\/a> L'indirizzo postale della RegioVision GmbH Schwerin \u00e8 Am Margaretenhof 28 ,19057 Schwerin, Germania, all'attenzione del signor Thomas Blum.<\/p>\n\n\n\n<p><strong>Regole di condotta online&nbsp;<\/strong><\/p>\n\n\n\n<p>L'utente accetta di utilizzare il sito Web in conformit\u00e0 con tutte le leggi applicabili. L'utente accetta inoltre di non inviare e-mail o pubblicare contenuti dannosi o dannosi in qualsiasi punto del sito Web, inclusi, a titolo esemplificativo ma non esaustivo, i seguenti:<\/p>\n\n\n\n<ul class=\"wp-block-list\">\n<li>Contenuti che diffamano o minacciano altri;<\/li>\n\n\n\n<li>Dichiarazioni o contenuti molesti che violano le leggi federali o statali;<\/li>\n\n\n\n<li>Contenuti che discutono di attivit\u00e0 illegali con l'intento di commetterle;<\/li>\n\n\n\n<li>Contenuti che non sono di propriet\u00e0 dell'utente o che violano la propriet\u00e0 intellettuale altrui, inclusi, a titolo esemplificativo ma non esaustivo, diritti d'autore, marchi commerciali o segreti commerciali;<\/li>\n\n\n\n<li>Contenuti relativi ad attivit\u00e0 politiche di parte;<\/li>\n\n\n\n<li>Materiale che contiene linguaggio o immagini oscene (ad esempio pornografiche);<\/li>\n\n\n\n<li>Pubblicit\u00e0 o qualsiasi forma di sollecitazione o promozione commerciale, inclusi collegamenti ad altri siti Web;<\/li>\n\n\n\n<li>Contenuti altrimenti illegali;<\/li>\n\n\n\n<li>Contenuti intenzionalmente incompleti, fuorvianti o imprecisi.<\/li>\n<\/ul>","protected":false},"excerpt":{"rendered":"<p>These Terms of Service govern the Ready4Crisis<\/p>","protected":false},"author":3,"featured_media":0,"parent":0,"menu_order":0,"comment_status":"closed","ping_status":"closed","template":"page.php","meta":{"footnotes":""},"class_list":["post-306","page","type-page","status-publish","hentry"],"_links":{"self":[{"href":"https:\/\/ready4crisis.eu\/it\/wp-json\/wp\/v2\/pages\/306","targetHints":{"allow":["GET"]}}],"collection":[{"href":"https:\/\/ready4crisis.eu\/it\/wp-json\/wp\/v2\/pages"}],"about":[{"href":"https:\/\/ready4crisis.eu\/it\/wp-json\/wp\/v2\/types\/page"}],"author":[{"embeddable":true,"href":"https:\/\/ready4crisis.eu\/it\/wp-json\/wp\/v2\/users\/3"}],"replies":[{"embeddable":true,"href":"https:\/\/ready4crisis.eu\/it\/wp-json\/wp\/v2\/comments?post=306"}],"version-history":[{"count":0,"href":"https:\/\/ready4crisis.eu\/it\/wp-json\/wp\/v2\/pages\/306\/revisions"}],"wp:attachment":[{"href":"https:\/\/ready4crisis.eu\/it\/wp-json\/wp\/v2\/media?parent=306"}],"curies":[{"name":"wp","href":"https:\/\/api.w.org\/{rel}","templated":true}]}}