{"id":306,"date":"2023-06-30T16:04:51","date_gmt":"2023-06-30T14:04:51","guid":{"rendered":"https:\/\/ready4crisis.eu\/?page_id=306"},"modified":"2023-06-30T16:04:51","modified_gmt":"2023-06-30T14:04:51","slug":"terms-of-use","status":"publish","type":"page","link":"https:\/\/ready4crisis.eu\/de\/terms-of-use\/","title":{"rendered":"Nutzungsbedingungen"},"content":{"rendered":"<p>Diese Nutzungsbedingungen gelten f\u00fcr die Ready4Crisis-Website, die Eigentum der Mitglieder des READY4CRISIS Projektkonsortiums ist und von diesen betrieben wird (im Folgenden als \"Partner\" bezeichnet). Sie sollten nicht auf diese Website zugreifen oder diese nutzen, bis Sie die folgenden Nutzungsbedingungen sorgf\u00e4ltig gelesen und ihnen zugestimmt haben.<\/p>\n\n\n\n<p><strong>Nutzung der Website<\/strong><\/p>\n\n\n\n<p>Durch den Zugriff auf diese Website haben Sie angegeben, dass Sie diese Bedingungen gelesen haben und damit einverstanden sind, an sie gebunden zu sein und sie einzuhalten. Wenn Sie nicht damit einverstanden sind, an diese Bedingungen gebunden zu sein, verlassen Sie bitte unverz\u00fcglich die Website. Die Mitglieder behalten sich das Recht vor, diese Bedingungen jederzeit zu \u00e4ndern und werden die Bekanntgabe von \u00c4nderungen online auf dieser Website ver\u00f6ffentlichen. Indem Sie nach der Ver\u00f6ffentlichung der Benachrichtigung \u00fcber solche \u00c4nderungen weiterhin auf diese Website zugreifen, erkl\u00e4ren Sie sich damit einverstanden, an diese gebunden zu sein.<\/p>\n\n\n\n<p><strong>Haftung f\u00fcr Inhalte<\/strong><\/p>\n\n\n\n<p>Als Diensteanbieter sind wir f\u00fcr eigene Inhalte auf diesen Seiten nach den einschl\u00e4gigen Gesetzen verantwortlich. Wir \u00fcberwachen \u00fcbermittelte oder gespeicherte fremde Informationen nicht und untersuchen keine Umst\u00e4nde, die auf eine rechtswidrige T\u00e4tigkeit hinweisen.<\/p>\n\n\n\n<p>Der Inhalt dieser Website geh\u00f6rt, sofern nicht anders angegeben, dem READY4CRISIS project und seinen Partnern.<\/p>\n\n\n\n<p><strong>Haftung f\u00fcr Links<\/strong><\/p>\n\n\n\n<p>Unsere Seite enth\u00e4lt Links zu externen Webseiten Dritter, auf deren Inhalte wir keinen Einfluss haben. Aus diesem Grund k\u00f6nnen wir f\u00fcr diese fremden Inhalte keine Haftung \u00fcbernehmen. F\u00fcr den Inhalt der verlinkten Seiten ist stets der jeweilige Anbieter bzw. Betreiber der Seiten verantwortlich. Die verlinkten Seiten wurden zum Zeitpunkt der Linksetzung auf m\u00f6gliche Rechtsverst\u00f6\u00dfe \u00fcberpr\u00fcft. Zum Zeitpunkt der Linksetzung waren keine illegalen Inhalte erkennbar.<\/p>\n\n\n\n<p>Eine permanente inhaltliche Kontrolle der verlinkten Seiten ist ohne konkrete Anhaltspunkte einer Rechtsverletzung nicht zumutbar. Sobald uns Rechtsverst\u00f6\u00dfe bekannt werden, werden wir derartige Links umgehend entfernen.<\/p>\n\n\n\n<p><strong>Urheberrecht<\/strong><\/p>\n\n\n\n<p>Die durch den Seitenbetreiber erstellten Inhalte und Werke auf diesen Seiten unterliegen dem deutschen Urheberrecht. Die Vervielf\u00e4ltigung, Bearbeitung, Verbreitung und jede Art der Verwertung au\u00dferhalb der Grenzen des Urheberrechtes bed\u00fcrfen der schriftlichen Zustimmung des jeweiligen Autors bzw. Erstellers. Downloads und Kopien dieser Seite sind nur f\u00fcr den privaten, nicht kommerziellen Gebrauch gestattet.<\/p>\n\n\n\n<p>Soweit die Inhalte auf dieser Seite nicht vom Betreiber erstellt wurden, werden die Urheberrechte Dritter beachtet. Insbesondere Inhalte Dritter werden als solche gekennzeichnet. Sollten Sie dennoch auf eine Urheberrechtsverletzung aufmerksam werden, teilen Sie uns dies bitte mit. Sobald uns Rechtsverst\u00f6\u00dfe bekannt werden, werden wir derartige Inhalte umgehend entfernen.<\/p>\n\n\n\n<p><strong>Pers\u00f6nliche Informationen<\/strong><\/p>\n\n\n\n<p>Die Website enth\u00e4lt personenbezogene Daten der Partner. Diese Informationen werden nur f\u00fcr die Zwecke dieses Projekts zur Verf\u00fcgung gestellt und sollten unter keinen Umst\u00e4nden f\u00fcr andere Zwecke verwendet werden.<\/p>\n\n\n\n<p>F\u00fcr weitere Informationen zur Verarbeitung personenbezogener Daten \u00fcber diese Website oder das Projekt wenden Sie sich bitte an die RegioVision GmbH Schwerin, Deutschland. Der zust\u00e4ndige Projektleiter ist Herr Thomas Blum und ist erreichbar unter <a href=\"mailto:blum@regiovision-sn.de\">blum@regiovision-sn.de<\/a> Die Postanschrift der RegioVision GmbH Schwerin lautet Am Margaretenhof 28 ,19057 Schwerin, Deutschland, z.Hd. Herr Thomas Blum.<\/p>\n\n\n\n<p><strong>Regeln f\u00fcr das Online-Verhalten&nbsp;<\/strong><\/p>\n\n\n\n<p>Sie erkl\u00e4ren sich damit einverstanden, die Website in \u00dcbereinstimmung mit allen geltenden Gesetzen zu nutzen. Sie erkl\u00e4ren sich ferner damit einverstanden, dass Sie nirgendwo auf der Website b\u00f6sartige oder sch\u00e4dliche Inhalte per E-Mail versenden oder ver\u00f6ffentlichen, einschlie\u00dflich, aber nicht beschr\u00e4nkt auf die folgenden:<\/p>\n\n\n\n<ul class=\"wp-block-list\">\n<li>Inhalte, die andere diffamieren oder bedrohen;<\/li>\n\n\n\n<li>Bel\u00e4stigende Aussagen oder Inhalte, die gegen Bundes- oder Landesgesetze versto\u00dfen;<\/li>\n\n\n\n<li>Inhalte, in denen illegale Aktivit\u00e4ten mit der Absicht diskutiert werden, diese zu begehen;<\/li>\n\n\n\n<li>Inhalte, die nicht Ihre eigenen sind oder das geistige Eigentum anderer verletzen, einschlie\u00dflich, aber nicht beschr\u00e4nkt auf Urheberrechte, Marken oder Gesch\u00e4ftsgeheimnisse;<\/li>\n\n\n\n<li>Inhalte, die sich auf parteipolitische Aktivit\u00e4ten beziehen;<\/li>\n\n\n\n<li>Material, das obsz\u00f6ne (d. h. pornografische) Sprache oder Bilder enth\u00e4lt;<\/li>\n\n\n\n<li>Werbung oder jede Form von kommerzieller Werbung oder Verkaufsf\u00f6rderung, einschlie\u00dflich Links zu anderen Websites;<\/li>\n\n\n\n<li>Inhalte, die anderweitig rechtswidrig sind;<\/li>\n\n\n\n<li>Absichtlich unvollst\u00e4ndige, irref\u00fchrende oder ungenaue Inhalte.<\/li>\n<\/ul>","protected":false},"excerpt":{"rendered":"<p>These Terms of Service govern the Ready4Crisis<\/p>","protected":false},"author":3,"featured_media":0,"parent":0,"menu_order":0,"comment_status":"closed","ping_status":"closed","template":"page.php","meta":{"footnotes":""},"class_list":["post-306","page","type-page","status-publish","hentry"],"_links":{"self":[{"href":"https:\/\/ready4crisis.eu\/de\/wp-json\/wp\/v2\/pages\/306","targetHints":{"allow":["GET"]}}],"collection":[{"href":"https:\/\/ready4crisis.eu\/de\/wp-json\/wp\/v2\/pages"}],"about":[{"href":"https:\/\/ready4crisis.eu\/de\/wp-json\/wp\/v2\/types\/page"}],"author":[{"embeddable":true,"href":"https:\/\/ready4crisis.eu\/de\/wp-json\/wp\/v2\/users\/3"}],"replies":[{"embeddable":true,"href":"https:\/\/ready4crisis.eu\/de\/wp-json\/wp\/v2\/comments?post=306"}],"version-history":[{"count":0,"href":"https:\/\/ready4crisis.eu\/de\/wp-json\/wp\/v2\/pages\/306\/revisions"}],"wp:attachment":[{"href":"https:\/\/ready4crisis.eu\/de\/wp-json\/wp\/v2\/media?parent=306"}],"curies":[{"name":"wp","href":"https:\/\/api.w.org\/{rel}","templated":true}]}}