{"id":303,"date":"2023-06-30T16:03:07","date_gmt":"2023-06-30T14:03:07","guid":{"rendered":"https:\/\/ready4crisis.eu\/?page_id=303"},"modified":"2023-06-30T16:03:07","modified_gmt":"2023-06-30T14:03:07","slug":"privacy-policy","status":"publish","type":"page","link":"https:\/\/ready4crisis.eu\/de\/privacy-policy\/","title":{"rendered":"Datenschutzerkl\u00e4rung"},"content":{"rendered":"<p>Die folgenden Informationen geben einen einfachen \u00dcberblick dar\u00fcber, was mit Ihren personenbezogenen Daten passiert, wenn Sie unsere Website besuchen. Personenbezogene Daten sind alle Daten, mit denen Sie pers\u00f6nlich identifiziert werden k\u00f6nnen. Informationen zum Datenschutz finden Sie in unserer ausf\u00fchrlichen Datenschutzerkl\u00e4rung unterhalb dieses Textes.<\/p>\n\n\n\n<p>Mit diesem Dokument m\u00f6chten wir Ihnen Informationen zur Verf\u00fcgung stellen \u00fcber:<\/p>\n\n\n\n<p><strong>\u00dcber uns und unsere Rolle in Bezug auf Ihre personenbezogenen Daten<\/strong><\/p>\n\n\n\n<p>Das Projekt \"Ready4Crisis-Innovation of the Monitoring and Crisis Management in the VET Study Programmes for an Integrated Rescue System\" ist ein von der Europ\u00e4ischen Union im Rahmen des Erasmus+ KA2 Strategic Partnership Project, KA220-VET \u2013 Kooperationspartnerschaften in der beruflichen Bildung (Agreement Number: 2022-1-DE02-KA220-VET-000089097) mit einer Laufzeit von drei Jahren (01.11.2022 bis 31.10.2025) kofinanziert wird.<\/p>\n\n\n\n<p>Das Projekt Ready4Crisis zielt darauf ab, eine generelle Verbesserung dieses sehr spezifischen und eher seltenen Studienprogramms f\u00fcr Brandschutz und Krisenmanagement zu erreichen und damit die F\u00e4higkeiten, Bereitschaft und Widerstandsf\u00e4higkeit der zuk\u00fcnftigen Generationen von Einsatzkr\u00e4ften (Feuerwehren, Notfalleinheiten, Sanit\u00e4ter, Krisenmanager, Angeh\u00f6rige der Streitkr\u00e4fte usw.) zu erh\u00f6hen.<\/p>\n\n\n\n<p>Ein hohes Ausbildungsniveau f\u00fcr zuk\u00fcnftige Einsatzkr\u00e4fte ist entscheidend, um auf neu auftretende Krisen und Naturgefahren reagieren zu k\u00f6nnen und Leben zu retten. Um dies zu erreichen, bereiten wir die Entwicklung verschiedener Bildungsmaterialien f\u00fcr die Lehrer und Ausbilder dieser F\u00e4cher vor, damit sie ihren Sch\u00fclern und Sch\u00fclern aktuelle Informationen \u00fcber aktuelle digitale Formate zur Verf\u00fcgung stellen k\u00f6nnen.<\/p>\n\n\n\n<p>Der Koordinator des Projekts und die Organisation, die berechtigt ist, im Namen des Konsortiums in Angelegenheiten im Zusammenhang mit dieser Website zu kommunizieren, ist die RegioVision GmbH Schwerin, Deutschland. Ready4Crisis Projektleiter: Herr Thomas Blum und erreichbar unter blum@regiovision-sn.de<\/p>\n\n\n\n<p>Die Postanschrift des Koordinators lautet RegioVision GmbH Am Margaretenhof 28 ,19057 Schwerin.<\/p>\n\n\n\n<p>Das Projekt Ready4Crisis als Betreiber dieser Website fungiert als Verantwortlicher f\u00fcr die personenbezogenen Daten, die Sie \u00fcber diese Website zur Verf\u00fcgung stellen. Wir nehmen den Schutz Ihrer personenbezogenen Daten sehr ernst. Wir behandeln Ihre personenbezogenen Daten stets vertraulich und entsprechend der datenschutzrechtlichen Bestimmungen und dieser Datenschutzerkl\u00e4rung.<\/p>\n\n\n\n<p>Das Projekt Ready4Crisis als Betreiber dieser Website fungiert als Verantwortlicher f\u00fcr die personenbezogenen Daten, die Sie \u00fcber diese Website zur Verf\u00fcgung stellen. Wir nehmen den Schutz Ihrer personenbezogenen Daten sehr ernst. Wir behandeln Ihre personenbezogenen Daten stets vertraulich und entsprechend der datenschutzrechtlichen Bestimmungen und dieser Datenschutzerkl\u00e4rung.<\/p>\n\n\n\n<p>Bei der Nutzung dieser Website werden verschiedene personenbezogene Daten erhoben. Personenbezogene Daten sind Daten, mit denen Sie pers\u00f6nlich identifiziert werden k\u00f6nnen. In dieser Datenschutzerkl\u00e4rung wird erl\u00e4utert, welche Daten wir sammeln und wof\u00fcr wir sie verwenden. Es wird auch erkl\u00e4rt, wie und zu welchem Zweck dies geschieht.<\/p>\n\n\n\n<p>Personenbezogene Daten, die \u00fcber diese Website erhoben werden, werden in \u00dcbereinstimmung mit der Datenschutz-Grundverordnung (EU) 2016\/679), dem Bundesdatenschutzgesetz vom 30. Juni 2017 (zur Umsetzung der DSGVO) und anderen nationalen Rechtsakten und internen Verfahren verarbeitet.<\/p>\n\n\n\n<p>Personenbezogene Daten sind alle Informationen, die sich auf eine nat\u00fcrliche Person (\"betroffene Person\") beziehen, die identifiziert werden kann, insbesondere durch Bezugnahme auf eine Kennung wie einen Namen, eine Identifikationsnummer, Standortdaten, eine Online-Kennung oder auf einen oder mehrere Faktoren, die f\u00fcr die physische, physiologische, genetische, psychische, wirtschaftliche, kulturelle oder soziale Identit\u00e4t dieser nat\u00fcrlichen Person spezifisch sind. Bei diesen Informationen kann es sich um den Vor- und Nachnamen einer Person, eine E-Mail-Adresse usw. handeln.<\/p>\n\n\n\n<p><\/p>\n\n\n\n<p><strong>Welche personenbezogenen Daten wir verarbeiten<\/strong><\/p>\n\n\n\n<p>Ein. Wenn Sie unsere Website nur zu informatorischen Zwecken nutzen (d.h. Aufrufen und Betrachten \u2013 keine Registrierung bei irgendwelchen Funktionen oder Veranstaltungen), werden bestimmte Informationen automatisch an den Server gesendet, von dem aus der auf Ihrem Endger\u00e4t verwendete Internetbrowser die Website zur Verf\u00fcgung h\u00e4lt. Diese Informationen sind technisch notwendig, damit wir Ihnen unsere Website anzeigen und die Stabilit\u00e4t und Sicherheit der Verbindung und des Systems gew\u00e4hrleisten k\u00f6nnen. In keinem Fall verwenden wir die vorgenannten Daten zu dem Zweck, R\u00fcckschl\u00fcsse auf Ihre Person zu ziehen.<\/p>\n\n\n\n<p>B. Cookies werden nur dann auf Ihrem Ger\u00e4t gespeichert, wenn Sie unsere Website nutzen, wenn sie ausgew\u00e4hlt sind.<\/p>\n\n\n\n<p>Cookies \u2013 sind kleine Dateien, die ein Browser auf dem Ger\u00e4t des Benutzers (Computer, Telefon oder Tablet) von einer Website, die der Benutzer besucht, empf\u00e4ngt und die auf dem Ger\u00e4t des Benutzers gespeichert werden. Cookies werden verwendet, um die Funktionalit\u00e4t zu verbessern, f\u00fcr Werbung, Statistiken und Analysen (um zwischen dem Besucher und dem Arbeitsplatz zu unterscheiden, um relevantere Inhalte bereitzustellen, um Informationen durch Analyse des Website-Verkehrs zu sammeln, um Statistiken zu sammeln). Mit anderen Worten, Cookies erm\u00f6glichen es einer Website, sich Informationen \u00fcber die Surfgewohnheiten, Aktionen und Einstellungen eines Benutzers zu merken.<\/p>\n\n\n\n<p>Auf dieser speziellen Website werden nur die folgenden Cookies verwendet:<\/p>\n\n\n\n<p>NOTWENDIGE COOKIES:<\/p>\n\n\n\n<p>Notwendige Cookies sind f\u00fcr das ordnungsgem\u00e4\u00dfe Funktionieren der Website unbedingt erforderlich. Diese Kategorie umfasst nur Cookies, die grundlegende Funktionalit\u00e4ten und Sicherheitsmerkmale der Website gew\u00e4hrleisten. Diese Cookies speichern keine pers\u00f6nlichen Informationen.<\/p>\n\n\n\n<p>Name\u00a0\u00a0\u00a0\u00a0\u00a0\u00a0\u00a0\u00a0\u00a0 \u00a0\u00a0\u00a0\u00a0\u00a0\u00a0\u00a0\u00a0 \u00a0Beschreibung\u00a0\u00a0\u00a0\u00a0\u00a0\u00a0\u00a0\u00a0\u00a0\u00a0\u00a0\u00a0\u00a0\u00a0\u00a0\u00a0\u00a0\u00a0\u00a0\u00a0\u00a0\u00a0\u00a0\u00a0\u00a0\u00a0\u00a0\u00a0\u00a0\u00a0\u00a0\u00a0\u00a0\u00a0\u00a0\u00a0\u00a0\u00a0\u00a0\u00a0\u00a0\u00a0\u00a0\u00a0\u00a0\u00a0\u00a0\u00a0\u00a0\u00a0\u00a0\u00a0\u00a0\u00a0\u00a0\u00a0 \u00a0\u00a0\u00a0\u00a0\u00a0\u00a0\u00a0\u00a0 Ablauf<\/p>\n\n\n\n<p>&nbsp;cookielawinfo-checkbox-analytics\u00a0\u00a0\u00a0\u00a0\u00a0\u00a0\u00a0\u00a0\u00a0\u00a0\u00a0 Dieses Cookie wird vom GDPR Cookie Consent WordPress Plugin gesetzt. Das Cookie wird verwendet, um die Zustimmung des Benutzers f\u00fcr die Cookies in der Kategorie \"Analytics\" zu speichern \u00a0\u00a0\u00a0\u00a0\u00a0 1 Jahr<\/p>\n\n\n\n<p>&nbsp;cookielawinfo-checkbox-analytics\u00a0\u00a0\u00a0\u00a0\u00a0\u00a0\u00a0\u00a0\u00a0\u00a0\u00a0 Dieses Cookie wird vom GDPR Cookie Consent Plugin gesetzt. Das Cookie wird verwendet, um die Einwilligung des Nutzers f\u00fcr die Cookies in der Kategorie \"Notwendig\" zu speichern.\u00a0\u00a0\u00a0\u00a0\u00a0\u00a0 1 Jahr<\/p>\n\n\n\n<p>&nbsp;cookielawinfo-checkbox-nicht notwendig \u00a0Dieses Cookie wird vom GDPR Cookie Consent Plugin gesetzt. Das Cookie wird verwendet, um die Einwilligung des Nutzers f\u00fcr die Cookies in der Kategorie \"Nicht notwendig\" zu speichern. \u00a0\u00a0\u00a0\u00a0\u00a0\u00a0\u00a0\u00a0\u00a0\u00a0\u00a0\u00a0 1 Jahr<\/p>\n\n\n\n<p>&nbsp;cookielawinfo-checkbox-leistung \u00a0\u00a0 \u00a0Dieses Cookie wird vom GDPR Cookie Consent Plugin gesetzt. Das Cookie wird verwendet, um die Einwilligung des Nutzers f\u00fcr die Cookies in der Kategorie \"Performance\" zu speichern.\u00a0 1 Jahr<\/p>\n\n\n\n<p>ANALYTISCHE COOKIES:<\/p>\n\n\n\n<p>Analytische Cookies werden verwendet, um zu verstehen, wie Besucher mit der Website interagieren. Diese Cookies helfen dabei, Informationen \u00fcber Metriken wie die Anzahl der Besucher, die Absprungrate, die Verkehrsquelle usw. bereitzustellen.<\/p>\n\n\n\n<p>&nbsp;Name\u00a0\u00a0 Beschreibung\u00a0\u00a0\u00a0\u00a0\u00a0\u00a0\u00a0\u00a0 Ablauf<\/p>\n\n\n\n<p>&nbsp;_Ga\u00a0\u00a0\u00a0\u00a0\u00a0\u00a0\u00a0 Registriert eine eindeutige ID, die verwendet wird, um statistische Daten dar\u00fcber zu generieren, wie der Besucher die Website nutzt.\u00a0\u00a0\u00a0\u00a0\u00a0\u00a0\u00a0\u00a0\u00a0\u00a0\u00a0\u00a0\u00a0\u00a0 2 Jahre<\/p>\n\n\n\n<p>&nbsp;_Ga_#\u00a0\u00a0 Wird von Google Analytics verwendet, um Daten dar\u00fcber zu sammeln, wie oft ein Benutzer die Website besucht hat, sowie \u00fcber das Datum des ersten und letzten Besuchs. \u00a0\u00a0\u00a0\u00a0\u00a0\u00a0\u00a0\u00a0\u00a0\u00a0\u00a0\u00a0 2 Jahre<\/p>\n\n\n\n<p>C. Unsere Website erm\u00f6glicht den Zugang \u00fcber die am Ende jeder Seite angezeigten Links zur Online-Pr\u00e4senz des Projekts Ready4Crisis in den sozialen Medien (Facebook). Wir speichern keine Informationen \u00fcber diese Aktion.<\/p>\n\n\n\n<p><\/p>\n\n\n\n<p><strong>Warum wir Ihre personenbezogenen Daten verarbeiten<\/strong><\/p>\n\n\n\n<p>Wir verarbeiten Ihre personenbezogenen Daten, die Sie uns wie oben erw\u00e4hnt zur Verf\u00fcgung stellen, aus folgenden Gr\u00fcnden:<\/p>\n\n\n\n<p>Informationen \u00fcber Ihren Besuch auf der Website. Diese Informationen sind technisch notwendig, damit wir Ihnen unsere Website anzeigen und die Stabilit\u00e4t und Sicherheit der Verbindung und des Systems gew\u00e4hrleisten k\u00f6nnen.<\/p>\n\n\n\n<p>Cookies werden auf Ihrem Ger\u00e4t gespeichert, wenn Sie unsere Website nutzen, basierend auf Ihren Entscheidungen. Weitere Informationen finden Sie oben. Abh\u00e4ngig von den Entscheidungen, die Sie w\u00e4hrend der Zustimmung zu den entsprechenden Cookie-Funktionen treffen, ist die Verwendung der Cookies: obligatorisch f\u00fcr den korrekten Betrieb der Website und Ihren Besuch und Ihre Analyse.<\/p>\n\n\n\n<p>Wir verwalten unsere sozialen Medien selbst. Wenn Sie uns eine private oder direkte Nachricht \u00fcber soziale Medien senden, wird diese nicht an andere Organisationen weitergegeben. Wir \u00fcberpr\u00fcfen all diese Informationen und entscheiden, wie wir sie verwalten. Wenn Sie beispielsweise eine Nachricht \u00fcber soziale Medien senden, die eine Antwort von uns erfordert, k\u00f6nnen wir diese als Anfrage oder Beschwerde bearbeiten. Wenn Sie uns \u00fcber eine Social-Media-Plattform kontaktieren, empfehlen wir Ihnen, sich auch mit den Datenschutzinformationen dieser Plattform vertraut zu machen.<\/p>\n\n\n\n<p><\/p>\n\n\n\n<p><strong>Wie lange speichern wir Ihre personenbezogenen Daten?<\/strong><\/p>\n\n\n\n<p>Wir speichern die unter A, B und C angegebenen Informationen gem\u00e4\u00df unseren Qualit\u00e4tsverfahren f\u00fcr maximal drei (3) Jahre (die Dauer des Projekts).<\/p>\n\n\n\n<p><\/p>\n\n\n\n<p><strong>Welches sind die m\u00f6glichen Empf\u00e4nger Ihrer personenbezogenen Daten?<\/strong><\/p>\n\n\n\n<p>Die Informationen, die Sie uns zur Verf\u00fcgung stellen, werden im Hauptinformationssystem gespeichert und nach dem Need-to-know-Prinzip aufbewahrt.<\/p>\n\n\n\n<p>Der Zugriff auf die Daten kann autorisiertem Personal jedes Partners des Read4crisis-Projekts, der Europ\u00e4ischen Union (Personal, das f\u00fcr die europ\u00e4ischen Projekte ERASMUS+ relevant ist), den nationalen Beh\u00f6rden jedes Landes (falls erforderlich), Mailchimp (das die Mail-Kampagnen verwaltet), dem Website-Administrator, dem Plattform-Support-Unternehmen und dem Plattform- und Infrastruktur-Host gew\u00e4hrt werden.<\/p>\n\n\n\n<p>Falls es notwendig ist, dass Ihre Daten an andere weitergegeben werden, werden wir Sie entsprechend informieren.<\/p>\n\n\n\n<p><\/p>\n\n\n\n<p><strong>An welche L\u00e4nder oder internationalen Organisationen wir Ihre Daten \u00fcbermitteln m\u00f6chten<\/strong><\/p>\n\n\n\n<p>Die L\u00e4nder, die Ihre personenbezogenen Daten erhalten, sind:<\/p>\n\n\n\n<p>Deutschland, Griechenland, Polen, Tschechien, Italien<\/p>\n\n\n\n<p><\/p>\n\n\n\n<p><strong>Wie wir Ihre personenbezogenen Daten verarbeiten<\/strong><\/p>\n\n\n\n<p>Wir werden die von Ihnen \u00fcber unsere Website erworbenen personenbezogenen Daten auf der Grundlage der oben genannten Grunds\u00e4tze erheben, aufzeichnen, strukturieren, speichern, konsultieren, verwenden, verbreiten oder anderweitig zur Verf\u00fcgung stellen, einschr\u00e4nken, l\u00f6schen oder vernichten, w\u00e4hrend sie den spezifischen Verarbeitungszwecken dienen.<\/p>\n\n\n\n<p>Wir werden Ihre Daten nicht f\u00fcr die Erstellung von Profilen oder f\u00fcr automatisierte Entscheidungsfindung verwenden.<\/p>\n\n\n\n<p><\/p>\n\n\n\n<p><strong>Welche Rechte haben Sie in Bezug auf Ihre von uns verarbeiteten personenbezogenen Daten?<\/strong><\/p>\n\n\n\n<p>Sie haben das Recht, Auskunft \u00fcber die gespeicherten personenbezogenen Daten und deren Berichtigung oder L\u00f6schung oder die Einschr\u00e4nkung der Sie betreffenden Verarbeitung zu verlangen oder der Verarbeitung zu widersprechen sowie das Recht auf Daten\u00fcbertragbarkeit.<\/p>\n\n\n\n<p>Sie haben das Recht, Ihre Einwilligung jederzeit zu widerrufen, indem Sie:<\/p>\n\n\n\n<p>indem Sie eine E-Mail an <a href=\"mailto:blum@regiovision-sn.de\">blum@regiovision-sn.de<\/a> mit dem Betreff \"WIDERRUF EINWILLIGUNG\" senden.<\/p>\n\n\n\n<p>Die Rechtm\u00e4\u00dfigkeit der vor dem Widerruf erfolgten Datenverarbeitung bleibt vom Widerruf unber\u00fchrt.<\/p>\n\n\n\n<p>Sie haben das Recht, eine Beschwerde bei einer Aufsichtsbeh\u00f6rde einzureichen.<\/p>\n\n\n\n<p>Zust\u00e4ndige Aufsichtsbeh\u00f6rde f\u00fcr datenschutzrechtliche Fragen ist die Landesdatenschutzaufsichtsbeh\u00f6rde Mecklenburg-Vorpommern, an die Sie sich unter folgendem Link wenden k\u00f6nnen: https:\/\/www.datenschutz-mv.de<\/p>\n\n\n\n<p>Weitere Kontaktinformationen:<\/p>\n\n\n\n<p>Adresse: \nDer Landesbeauftragte f\u00fcr Datenschutz und Informationsfreiheit\nSchloss Schwerin\nLenn\u00e9stra\u00dfe 1\n19053 Schwerin<\/p>\n\n\n\n<p>Telefon: +49 385 594940<\/p>\n\n\n\n<p>E-Mail: info@datenschutz-mv.de<\/p>\n\n\n\n<p><\/p>\n\n\n\n<p><strong>Wie Sie Ihre Rechte in Bezug auf Ihre von uns verarbeiteten personenbezogenen Daten aus\u00fcben k\u00f6nnen<\/strong><\/p>\n\n\n\n<p>Sie k\u00f6nnen uns jederzeit kontaktieren:<\/p>\n\n\n\n<p>per Post an die Postanschrift des Projektkoordinators:<\/p>\n\n\n\n<p>RegioVision GmbH Am Margaretenhof 28 ,19057 Schwerin, Deutschland, z.Hd. Herr Thomas Blum<\/p>\n\n\n\n<p>per E-Mail an den Projektleiter Thomas Blum, bei <a href=\"mailto:blum@regiovision-sn.de\">blum@regiovision-sn.de<\/a><\/p>\n\n\n\n<p><\/p>\n\n\n\n<p><strong>Sonstige Informationen<\/strong><\/p>\n\n\n\n<p>Wenn wir Links zu Websites anderer Organisationen bereitstellen, gilt diese Datenschutzerkl\u00e4rung nicht daf\u00fcr, wie diese Organisation personenbezogene Daten verarbeitet. Wir empfehlen Ihnen, die Datenschutzhinweise auf den anderen Websites, die Sie besuchen, zu lesen.<\/p>\n\n\n\n<p>Wir \u00fcberpr\u00fcfen unsere Datenschutzrichtlinie regelm\u00e4\u00dfig, um sicherzustellen, dass sie auf dem neuesten Stand und korrekt ist.<\/p>\n\n\n\n<p>Juni 2023<\/p>","protected":false},"excerpt":{"rendered":"<p>The following information provides a simple overview<\/p>","protected":false},"author":3,"featured_media":0,"parent":0,"menu_order":0,"comment_status":"closed","ping_status":"closed","template":"page.php","meta":{"footnotes":""},"class_list":["post-303","page","type-page","status-publish","hentry"],"_links":{"self":[{"href":"https:\/\/ready4crisis.eu\/de\/wp-json\/wp\/v2\/pages\/303","targetHints":{"allow":["GET"]}}],"collection":[{"href":"https:\/\/ready4crisis.eu\/de\/wp-json\/wp\/v2\/pages"}],"about":[{"href":"https:\/\/ready4crisis.eu\/de\/wp-json\/wp\/v2\/types\/page"}],"author":[{"embeddable":true,"href":"https:\/\/ready4crisis.eu\/de\/wp-json\/wp\/v2\/users\/3"}],"replies":[{"embeddable":true,"href":"https:\/\/ready4crisis.eu\/de\/wp-json\/wp\/v2\/comments?post=303"}],"version-history":[{"count":0,"href":"https:\/\/ready4crisis.eu\/de\/wp-json\/wp\/v2\/pages\/303\/revisions"}],"wp:attachment":[{"href":"https:\/\/ready4crisis.eu\/de\/wp-json\/wp\/v2\/media?parent=303"}],"curies":[{"name":"wp","href":"https:\/\/api.w.org\/{rel}","templated":true}]}}