{"id":234,"date":"2023-06-19T14:26:32","date_gmt":"2023-06-19T12:26:32","guid":{"rendered":"https:\/\/ready4crisis.eu\/?page_id=234"},"modified":"2023-09-05T16:06:53","modified_gmt":"2023-09-05T14:06:53","slug":"objectives","status":"publish","type":"page","link":"https:\/\/ready4crisis.eu\/de\/objectives\/","title":{"rendered":"Ziele"},"content":{"rendered":"<div class=\"wp-block-columns is-layout-flex wp-container-core-columns-is-layout-9d6595d7 wp-block-columns-is-layout-flex\">\n<div class=\"wp-block-column is-layout-flow wp-block-column-is-layout-flow\">\n<figure class=\"wp-block-image size-large\"><a href=\"http:\/\/ready4crisis.eu\/wp-content\/uploads\/2023\/06\/firefighters-gefb0fe56e_1920.jpg\"><img fetchpriority=\"high\" decoding=\"async\" width=\"1024\" height=\"698\" src=\"http:\/\/ready4crisis.eu\/wp-content\/uploads\/2023\/06\/firefighters-gefb0fe56e_1920-1024x698.jpg\" alt=\"firefighters gefb0fe56e 1920\" class=\"wp-image-194\" srcset=\"https:\/\/ready4crisis.eu\/wp-content\/uploads\/2023\/06\/firefighters-gefb0fe56e_1920-1024x698.jpg 1024w, https:\/\/ready4crisis.eu\/wp-content\/uploads\/2023\/06\/firefighters-gefb0fe56e_1920-300x205.jpg 300w, https:\/\/ready4crisis.eu\/wp-content\/uploads\/2023\/06\/firefighters-gefb0fe56e_1920-768x524.jpg 768w, https:\/\/ready4crisis.eu\/wp-content\/uploads\/2023\/06\/firefighters-gefb0fe56e_1920-200x136.jpg 200w, https:\/\/ready4crisis.eu\/wp-content\/uploads\/2023\/06\/firefighters-gefb0fe56e_1920.jpg 1200w\" sizes=\"(max-width: 1024px) 100vw, 1024px\" \/><\/a><\/figure>\n<\/div>\n\n\n\n<div class=\"wp-block-column is-layout-flow wp-block-column-is-layout-flow\">\n<p>Im Mittelpunkt dieses Projekts steht die Entwicklung von Studienmaterialien, die innovativ, sehr detailliert und umfassend das Thema \u00dcberwachung und Krisenmanagement in der Ausbildung zuk\u00fcnftiger Experten, die im integrierten Rettungssystem t\u00e4tig sein werden, abdecken. Das Projekt zielt darauf ab, eine breite Palette zus\u00e4tzlicher Quellen f\u00fcr Studienmaterialien zum Thema bereitzustellen, einschlie\u00dflich praktischer Beispiele, Fallstudien und realer Szenarien, die es den Auszubildenden erm\u00f6glichen, sich mit dem Material sinnvoll zu besch\u00e4ftigen. Dar\u00fcber hinaus soll das Projekt aktuelle Lerninhalte bereitstellen, die f\u00fcr die aktuellen Herausforderungen des integrierten Rettungssystems und der darin arbeitenden Experten relevant sind <\/p>\n\n\n\n<p>Um sicherzustellen, dass die Studienmaterialien f\u00fcr Lernende im digitalen Zeitalter zug\u00e4nglich sind, zielt das Projekt darauf ab, ein angemessenes Format bereitzustellen, das die neuesten digitalen Technologien und Tools nutzt. Dazu geh\u00f6ren interaktive Elemente wie Quizfragen, Simulationen und Videos, die das aktive Lernen f\u00f6rdern und den Lernenden helfen, das erworbene Wissen zu behalten. Dar\u00fcber hinaus wird das Projekt eine theoretische und praktische Aufteilung der verf\u00fcgbaren Lernmaterialien bieten, um den Lernenden eine umfassendere und ansprechendere Lernerfahrung zu erm\u00f6glichen. Die theoretische Komponente wird ein solides Fundament an Wissen und Verst\u00e4ndnis f\u00fcr die Konzepte und Prinzipien der \u00dcberwachung und des Krisenmanagements vermitteln, w\u00e4hrend die praktische Komponente eine praktische Ausbildung und Erfahrung bietet, die es den Lernenden erm\u00f6glicht, ihr Wissen in realen Situationen anzuwenden.<\/p>\n<\/div>\n<\/div>\n\n\n\n<p> Zusammenfassend l\u00e4sst sich sagen, dass das Projekt darauf abzielt, k\u00fcnftige Experten mit den notwendigen Kenntnissen und F\u00e4higkeiten auszustatten, um Krisen und Notf\u00e4lle selbstbewusst und kompetent zu bew\u00e4ltigen, indem ihnen innovative, detaillierte und umfassende Studienmaterialien in einem f\u00fcr das digitale Zeitalter geeigneten Format zur Verf\u00fcgung gestellt werden. <\/p>\n\n\n\n<p>Zusammengefasst verfolgt das Projekt die folgenden Ziele: <\/p>\n\n\n\n<p>-\tErg\u00e4nzende Quellen f\u00fcr Fachstudienmaterialien anbieten <\/p>\n\n\n\n<p>-\tBereitstellung von aktuellen Lerninhalten <\/p>\n\n\n\n<p>-\tPr\u00e4sentation der Lernmaterialien in einem f\u00fcr die digitale Welt geeigneten Format <\/p>\n\n\n\n<p>-\tUnterteilung der verf\u00fcgbaren Lernmaterialien in theoretische und praktische Abschnitte <\/p>\n\n\n\n<p><\/p>\n\n\n\n<p><\/p>","protected":false},"excerpt":{"rendered":"<p>The central focus of this project is<\/p>","protected":false},"author":3,"featured_media":0,"parent":0,"menu_order":0,"comment_status":"closed","ping_status":"closed","template":"","meta":{"footnotes":""},"class_list":["post-234","page","type-page","status-publish","hentry"],"_links":{"self":[{"href":"https:\/\/ready4crisis.eu\/de\/wp-json\/wp\/v2\/pages\/234","targetHints":{"allow":["GET"]}}],"collection":[{"href":"https:\/\/ready4crisis.eu\/de\/wp-json\/wp\/v2\/pages"}],"about":[{"href":"https:\/\/ready4crisis.eu\/de\/wp-json\/wp\/v2\/types\/page"}],"author":[{"embeddable":true,"href":"https:\/\/ready4crisis.eu\/de\/wp-json\/wp\/v2\/users\/3"}],"replies":[{"embeddable":true,"href":"https:\/\/ready4crisis.eu\/de\/wp-json\/wp\/v2\/comments?post=234"}],"version-history":[{"count":0,"href":"https:\/\/ready4crisis.eu\/de\/wp-json\/wp\/v2\/pages\/234\/revisions"}],"wp:attachment":[{"href":"https:\/\/ready4crisis.eu\/de\/wp-json\/wp\/v2\/media?parent=234"}],"curies":[{"name":"wp","href":"https:\/\/api.w.org\/{rel}","templated":true}]}}