{"id":182,"date":"2023-06-19T13:21:58","date_gmt":"2023-06-19T11:21:58","guid":{"rendered":"https:\/\/ready4crisis.eu\/?page_id=182"},"modified":"2025-11-07T17:05:18","modified_gmt":"2025-11-07T16:05:18","slug":"about-us","status":"publish","type":"page","link":"https:\/\/ready4crisis.eu\/de\/about-us\/","title":{"rendered":"\u00dcber uns"},"content":{"rendered":"<div class=\"wp-block-columns is-layout-flex wp-container-core-columns-is-layout-9d6595d7 wp-block-columns-is-layout-flex\">\n<div class=\"wp-block-column is-layout-flow wp-block-column-is-layout-flow\">\n<p><strong>Wer sind wir?<\/strong><\/p>\n\n\n\n<p>Wir sind ein Team von Lehrern und P\u00e4dagogen aus Polen, der Tschechischen Republik, Deutschland, Italien und Griechenland, die in Krisenmanagement und Schnellreaktionskr\u00e4ften t\u00e4tig sind. Gemeinsam setzen wir das Projekt Ready4Crisis um, um Lehrer, P\u00e4dagogen und angehende Fachkr\u00e4fte in den Bereichen Brandbek\u00e4mpfung, Krisenmanagement und Rettungsdienste zu unterst\u00fctzen.<\/p>\n\n\n\n<p><strong>Was machen wir?<\/strong><\/p>\n\n\n\n<p>Unter Verwendung der neuesten Forschungsergebnisse, Erkenntnisse und Arbeitstechniken in den oben genannten Bereichen erstellen wir moderne und ansprechende Lehrmittel f\u00fcr Lehrer und bem\u00fchen uns, die Qualit\u00e4t der Ausbildung von Rettungskr\u00e4ften und Feuerwehrleuten zu verbessern, was letztendlich zu einer effektiveren und effizienteren Reaktion in Krisensituationen f\u00fchrt.<\/p>\n\n\n\n<p><strong>F\u00fcr wen arbeiten wir?<\/strong><\/p>\n\n\n\n<p>Diese Website wurde f\u00fcr Lehrer und Ausbilder erstellt, die mit jungen Menschen arbeiten, die sich auf eine Karriere im Bereich des integrierten Rettungsdienstes vorbereiten.<\/p>\n\n\n\n<p><strong>Warum?<\/strong><\/p>\n\n\n\n<p>Unser Ziel ist es, die Programme und Materialien der beruflichen Aus- und Weiterbildung (VET) zu verbessern, die die Ausbildung in den Bereichen Brandschutz, Rettung und Krisenmanagement unterst\u00fctzen. Wir f\u00f6rdern die Entwicklung von F\u00e4higkeiten und Einstellungen zuk\u00fcnftiger Mitarbeiter des integrierten Rettungsdienstes, um ihre Kompetenzen und Einstellungen im Umgang mit neu auftretenden Krisen und Naturkatastrophen sowie bei der Rettung von Menschenleben zu st\u00e4rken.<\/p>\n\n\n\n<p><em>Das Projekt \u201eReady4crisis \u2013 Innovation der \u00dcberwachung und des Krisenmanagements in den Berufsbildungsstudieng\u00e4ngen f\u00fcr ein integriertes Rettungssystem\u201c ist eine ehrgeizige und einzigartige dreij\u00e4hrige Initiative, die von der Europ\u00e4ischen Union kofinanziert wird. Das strategische Partnerschaftsprojekt Erasmus+ KA2, KA220-VET \u2013 Partnerschaften f\u00fcr die Zusammenarbeit in der beruflichen Aus- und Weiterbildung, ist ein Schl\u00fcsselelement dieses Projekts. Die Projektvereinbarungsnummer lautet 2022-1-DE02-KA220-VET-000089097.<\/em><\/p>\n<\/div>\n<\/div>\n\n\n\n<p><\/p>","protected":false},"excerpt":{"rendered":"<p>Who are we? We are a team<\/p>","protected":false},"author":3,"featured_media":0,"parent":0,"menu_order":0,"comment_status":"closed","ping_status":"closed","template":"","meta":{"footnotes":""},"class_list":["post-182","page","type-page","status-publish","hentry"],"_links":{"self":[{"href":"https:\/\/ready4crisis.eu\/de\/wp-json\/wp\/v2\/pages\/182","targetHints":{"allow":["GET"]}}],"collection":[{"href":"https:\/\/ready4crisis.eu\/de\/wp-json\/wp\/v2\/pages"}],"about":[{"href":"https:\/\/ready4crisis.eu\/de\/wp-json\/wp\/v2\/types\/page"}],"author":[{"embeddable":true,"href":"https:\/\/ready4crisis.eu\/de\/wp-json\/wp\/v2\/users\/3"}],"replies":[{"embeddable":true,"href":"https:\/\/ready4crisis.eu\/de\/wp-json\/wp\/v2\/comments?post=182"}],"version-history":[{"count":2,"href":"https:\/\/ready4crisis.eu\/de\/wp-json\/wp\/v2\/pages\/182\/revisions"}],"predecessor-version":[{"id":2023,"href":"https:\/\/ready4crisis.eu\/de\/wp-json\/wp\/v2\/pages\/182\/revisions\/2023"}],"wp:attachment":[{"href":"https:\/\/ready4crisis.eu\/de\/wp-json\/wp\/v2\/media?parent=182"}],"curies":[{"name":"wp","href":"https:\/\/api.w.org\/{rel}","templated":true}]}}