{"id":67,"date":"2022-11-04T14:15:36","date_gmt":"2022-11-04T13:15:36","guid":{"rendered":"https:\/\/ready4crisis.eu\/?page_id=67"},"modified":"2025-07-16T15:30:32","modified_gmt":"2025-07-16T13:30:32","slug":"results","status":"publish","type":"page","link":"https:\/\/ready4crisis.eu\/cs\/results\/","title":{"rendered":"V\u00fdsledky"},"content":{"rendered":"<div data-elementor-type=\"wp-page\" data-elementor-id=\"67\" class=\"elementor elementor-67\">\n\t\t\t\t\t\t<section class=\"elementor-section elementor-top-section elementor-element elementor-element-3f7a8a5 elementor-section-boxed elementor-section-height-default elementor-section-height-default\" data-id=\"3f7a8a5\" data-element_type=\"section\" data-e-type=\"section\">\n\t\t\t\t\t\t<div class=\"elementor-container elementor-column-gap-default\">\n\t\t\t\t\t<div class=\"elementor-column elementor-col-100 elementor-top-column elementor-element elementor-element-b15a667\" data-id=\"b15a667\" data-element_type=\"column\" data-e-type=\"column\">\n\t\t\t<div class=\"elementor-widget-wrap elementor-element-populated\">\n\t\t\t\t\t\t<div class=\"elementor-element elementor-element-f774117 elementor-widget elementor-widget-text-editor\" data-id=\"f774117\" data-element_type=\"widget\" data-e-type=\"widget\" data-widget_type=\"text-editor.default\">\n\t\t\t\t<div class=\"elementor-widget-container\">\n\t\t\t\t\t\t\t\t\t<p><strong>C\u00edlem na\u0161eho projektu je dos\u00e1hnout n\u00e1sleduj\u00edc\u00edch v\u00fdsledk\u016f:<\/strong><\/p>\t\t\t\t\t\t\t\t<\/div>\n\t\t\t\t<\/div>\n\t\t\t\t\t<\/div>\n\t\t<\/div>\n\t\t\t\t\t<\/div>\n\t\t<\/section>\n\t\t\t\t<section class=\"elementor-section elementor-top-section elementor-element elementor-element-b5c39f1 elementor-section-boxed elementor-section-height-default elementor-section-height-default\" data-id=\"b5c39f1\" data-element_type=\"section\" data-e-type=\"section\">\n\t\t\t\t\t\t<div class=\"elementor-container elementor-column-gap-default\">\n\t\t\t\t\t<div class=\"elementor-column elementor-col-100 elementor-top-column elementor-element elementor-element-2fbc273\" data-id=\"2fbc273\" data-element_type=\"column\" data-e-type=\"column\">\n\t\t\t<div class=\"elementor-widget-wrap elementor-element-populated\">\n\t\t\t\t\t\t<div class=\"elementor-element elementor-element-261973a elementor-widget elementor-widget-accordion\" data-id=\"261973a\" data-element_type=\"widget\" data-e-type=\"widget\" data-widget_type=\"accordion.default\">\n\t\t\t\t<div class=\"elementor-widget-container\">\n\t\t\t\t\t\t\t<div class=\"elementor-accordion\">\n\t\t\t\t\t\t\t<div class=\"elementor-accordion-item\">\n\t\t\t\t\t<div id=\"elementor-tab-title-3991\" class=\"elementor-tab-title\" data-tab=\"1\" role=\"button\" aria-controls=\"elementor-tab-content-3991\" aria-expanded=\"false\">\n\t\t\t\t\t\t\t\t\t\t\t\t\t<span class=\"elementor-accordion-icon elementor-accordion-icon-left\" aria-hidden=\"true\">\n\t\t\t\t\t\t\t\t\t\t\t\t\t\t\t<span class=\"elementor-accordion-icon-closed\"><i class=\"fas fa-plus\"><\/i><\/span>\n\t\t\t\t\t\t\t\t<span class=\"elementor-accordion-icon-opened\"><i class=\"fas fa-minus\"><\/i><\/span>\n\t\t\t\t\t\t\t\t\t\t\t\t\t\t<\/span>\n\t\t\t\t\t\t\t\t\t\t\t\t<a class=\"elementor-accordion-title\" tabindex=\"0\">Inspirativn\u00ed vzd\u011bl\u00e1vac\u00ed pokyny pro u\u010ditele odborn\u00e9ho vzd\u011bl\u00e1v\u00e1n\u00ed a p\u0159\u00edpravy<\/a>\n\t\t\t\t\t<\/div>\n\t\t\t\t\t<div id=\"elementor-tab-content-3991\" class=\"elementor-tab-content elementor-clearfix\" data-tab=\"1\" role=\"region\" aria-labelledby=\"elementor-tab-title-3991\"><p class=\"translation-block\">Inspirativn\u00ed <a href=\"https:\/\/ready4crisis.eu\/cs\/guidelines\/\" target=\"_self\" role=\"link\">vzd\u011bl\u00e1vac\u00ed pokyny<\/a> pro u\u010ditele a pedagogy odborn\u00e9ho vzd\u011bl\u00e1v\u00e1n\u00ed a p\u0159\u00edpravy poskytnou c\u00edlov\u00e9 skupin\u011b \u0159e\u0161en\u00ed, jak p\u0159ekonat st\u00e1vaj\u00edc\u00ed propast mezi praktick\u00fdm v\u00fdcvikem budouc\u00edch generac\u00ed hasi\u010d\u016f a teori\u00ed a legislativou souvisej\u00edc\u00ed s t\u00edmto povol\u00e1n\u00edm.<\/p><\/div>\n\t\t\t\t<\/div>\n\t\t\t\t\t\t\t<div class=\"elementor-accordion-item\">\n\t\t\t\t\t<div id=\"elementor-tab-title-3992\" class=\"elementor-tab-title\" data-tab=\"2\" role=\"button\" aria-controls=\"elementor-tab-content-3992\" aria-expanded=\"false\">\n\t\t\t\t\t\t\t\t\t\t\t\t\t<span class=\"elementor-accordion-icon elementor-accordion-icon-left\" aria-hidden=\"true\">\n\t\t\t\t\t\t\t\t\t\t\t\t\t\t\t<span class=\"elementor-accordion-icon-closed\"><i class=\"fas fa-plus\"><\/i><\/span>\n\t\t\t\t\t\t\t\t<span class=\"elementor-accordion-icon-opened\"><i class=\"fas fa-minus\"><\/i><\/span>\n\t\t\t\t\t\t\t\t\t\t\t\t\t\t<\/span>\n\t\t\t\t\t\t\t\t\t\t\t\t<a class=\"elementor-accordion-title\" tabindex=\"0\">32 P\u0159\u00edklady osv\u011bd\u010den\u00fdch postup\u016f<\/a>\n\t\t\t\t\t<\/div>\n\t\t\t\t\t<div id=\"elementor-tab-content-3992\" class=\"elementor-tab-content elementor-clearfix\" data-tab=\"2\" role=\"region\" aria-labelledby=\"elementor-tab-title-3992\"><p class=\"translation-block\">Tato sb\u00edrka 32  <a href=\"https:\/\/ready4crisis.eu\/cs\/best-practices\/\" target=\"_self\" role=\"link\">P\u0159\u00edklady dobr\u00e9 praxe\n<\/a> postup\u016f ze v\u0161ech zem\u00ed zapojen\u00fdch do projektu poskytne c\u00edlov\u00e9 skupin\u011b nov\u00e9 poznatky o inovativn\u00edch \u0159e\u0161en\u00edch v oblasti krizov\u00e9ho \u0159\u00edzen\u00ed a monitorov\u00e1n\u00ed, kter\u00e9 se uplat\u0148uj\u00ed p\u0159i sou\u010dasn\u00fdch typech kriz\u00ed a p\u0159\u00edrodn\u00edch katastrof\u00e1ch vyskytuj\u00edc\u00edch se v Evrop\u011b v d\u016fsledku zm\u011bn \u017eivotn\u00edho prost\u0159ed\u00ed a dal\u0161\u00edch nov\u00fdch bezpe\u010dnostn\u00edch situac\u00ed.<\/p><\/div>\n\t\t\t\t<\/div>\n\t\t\t\t\t\t\t<div class=\"elementor-accordion-item\">\n\t\t\t\t\t<div id=\"elementor-tab-title-3993\" class=\"elementor-tab-title\" data-tab=\"3\" role=\"button\" aria-controls=\"elementor-tab-content-3993\" aria-expanded=\"false\">\n\t\t\t\t\t\t\t\t\t\t\t\t\t<span class=\"elementor-accordion-icon elementor-accordion-icon-left\" aria-hidden=\"true\">\n\t\t\t\t\t\t\t\t\t\t\t\t\t\t\t<span class=\"elementor-accordion-icon-closed\"><i class=\"fas fa-plus\"><\/i><\/span>\n\t\t\t\t\t\t\t\t<span class=\"elementor-accordion-icon-opened\"><i class=\"fas fa-minus\"><\/i><\/span>\n\t\t\t\t\t\t\t\t\t\t\t\t\t\t<\/span>\n\t\t\t\t\t\t\t\t\t\t\t\t<a class=\"elementor-accordion-title\" tabindex=\"0\">Jednotky mikrovzd\u011bl\u00e1v\u00e1n\u00ed<\/a>\n\t\t\t\t\t<\/div>\n\t\t\t\t\t<div id=\"elementor-tab-content-3993\" class=\"elementor-tab-content elementor-clearfix\" data-tab=\"3\" role=\"region\" aria-labelledby=\"elementor-tab-title-3993\"><p>24 <a href=\"https:\/\/ready4crisis.eu\/cs\/videos\/\">Mikro-vzd\u011bl\u00e1vac\u00ed jednotky<\/a> ve form\u011b kr\u00e1tk\u00fdch vzd\u011bl\u00e1vac\u00edch vide\u00ed poskytnou c\u00edlov\u00e9 skupin\u011b nov\u00e9 znalosti o inovativn\u00edch \u0159e\u0161en\u00edch pro krizov\u00e9 \u0159\u00edzen\u00ed a monitorovac\u00ed postupy pou\u017e\u00edvan\u00e9 p\u0159i sou\u010dasn\u00fdch typech kriz\u00ed a p\u0159\u00edrodn\u00edch katastrof\u00e1ch, kter\u00e9 se v Evrop\u011b vyskytuj\u00ed v d\u016fsledku zm\u011bn \u017eivotn\u00edho prost\u0159ed\u00ed. Mikro-vzd\u011bl\u00e1vac\u00ed jednotky budou vyvinuty ve form\u011b animovan\u00fdch vide\u00ed, kter\u00e1 budou zobrazovat konkr\u00e9tn\u00ed situace, s nimi\u017e se mohou hasi\u010di setkat, a budou poskytovat zp\u016fsoby, jak k nim p\u0159istupovat a jak je \u0159e\u0161it.<\/p><\/div>\n\t\t\t\t<\/div>\n\t\t\t\t\t\t\t<div class=\"elementor-accordion-item\">\n\t\t\t\t\t<div id=\"elementor-tab-title-3994\" class=\"elementor-tab-title\" data-tab=\"4\" role=\"button\" aria-controls=\"elementor-tab-content-3994\" aria-expanded=\"false\">\n\t\t\t\t\t\t\t\t\t\t\t\t\t<span class=\"elementor-accordion-icon elementor-accordion-icon-left\" aria-hidden=\"true\">\n\t\t\t\t\t\t\t\t\t\t\t\t\t\t\t<span class=\"elementor-accordion-icon-closed\"><i class=\"fas fa-plus\"><\/i><\/span>\n\t\t\t\t\t\t\t\t<span class=\"elementor-accordion-icon-opened\"><i class=\"fas fa-minus\"><\/i><\/span>\n\t\t\t\t\t\t\t\t\t\t\t\t\t\t<\/span>\n\t\t\t\t\t\t\t\t\t\t\t\t<a class=\"elementor-accordion-title\" tabindex=\"0\">Inspirativn\u00ed platforma pro spolupr\u00e1ci a sd\u00edlen\u00ed zdroj\u016f a zku\u0161enost\u00ed <\/a>\n\t\t\t\t\t<\/div>\n\t\t\t\t\t<div id=\"elementor-tab-content-3994\" class=\"elementor-tab-content elementor-clearfix\" data-tab=\"4\" role=\"region\" aria-labelledby=\"elementor-tab-title-3994\"><p>Inspirativn\u00ed webov\u00e1 platforma pro sd\u00edlen\u00ed vzd\u011bl\u00e1vac\u00edch zdroj\u016f s komplexn\u00edmi vzd\u011bl\u00e1vac\u00edmi materi\u00e1ly o inovativn\u00edch \u0159e\u0161en\u00edch monitorov\u00e1n\u00ed a zvl\u00e1d\u00e1n\u00ed kriz\u00ed p\u0159i nov\u011b vznikl\u00fdch a nov\u011b prob\u00edhaj\u00edc\u00edch p\u0159\u00edrodn\u00edch katastrof\u00e1ch a kriz\u00edch.<\/p><\/div>\n\t\t\t\t<\/div>\n\t\t\t\t\t\t\t\t<\/div>\n\t\t\t\t\t\t<\/div>\n\t\t\t\t<\/div>\n\t\t\t\t\t<\/div>\n\t\t<\/div>\n\t\t\t\t\t<\/div>\n\t\t<\/section>\n\t\t\t\t<\/div>","protected":false},"excerpt":{"rendered":"<p>Our project aims at creating the following<\/p>","protected":false},"author":1,"featured_media":0,"parent":0,"menu_order":0,"comment_status":"closed","ping_status":"closed","template":"","meta":{"footnotes":""},"class_list":["post-67","page","type-page","status-publish","hentry"],"_links":{"self":[{"href":"https:\/\/ready4crisis.eu\/cs\/wp-json\/wp\/v2\/pages\/67","targetHints":{"allow":["GET"]}}],"collection":[{"href":"https:\/\/ready4crisis.eu\/cs\/wp-json\/wp\/v2\/pages"}],"about":[{"href":"https:\/\/ready4crisis.eu\/cs\/wp-json\/wp\/v2\/types\/page"}],"author":[{"embeddable":true,"href":"https:\/\/ready4crisis.eu\/cs\/wp-json\/wp\/v2\/users\/1"}],"replies":[{"embeddable":true,"href":"https:\/\/ready4crisis.eu\/cs\/wp-json\/wp\/v2\/comments?post=67"}],"version-history":[{"count":3,"href":"https:\/\/ready4crisis.eu\/cs\/wp-json\/wp\/v2\/pages\/67\/revisions"}],"predecessor-version":[{"id":1842,"href":"https:\/\/ready4crisis.eu\/cs\/wp-json\/wp\/v2\/pages\/67\/revisions\/1842"}],"wp:attachment":[{"href":"https:\/\/ready4crisis.eu\/cs\/wp-json\/wp\/v2\/media?parent=67"}],"curies":[{"name":"wp","href":"https:\/\/api.w.org\/{rel}","templated":true}]}}