{"id":31,"date":"2022-11-04T14:03:59","date_gmt":"2022-11-04T13:03:59","guid":{"rendered":"https:\/\/ready4crisis.eu\/?page_id=31"},"modified":"2023-09-05T16:03:58","modified_gmt":"2023-09-05T14:03:58","slug":"project","status":"publish","type":"page","link":"https:\/\/ready4crisis.eu\/cs\/project\/","title":{"rendered":"Projekt"},"content":{"rendered":"<p>V\u00edtejte na ofici\u00e1ln\u00edch str\u00e1nk\u00e1ch projektu Erasmus+ \u201eReady4Crisis\u201c. Na na\u0161em projektu spolupracuje osm partner\u016f z p\u011bti zem\u00ed: Polska, \u0158ecka, \u010cesk\u00e9 republiky, N\u011bmecka a It\u00e1lie. Na\u0161\u00edm c\u00edlem je vyvinout inovativn\u00ed a \u0161pi\u010dkov\u00e9 v\u00fdukov\u00e9 materi\u00e1ly, kter\u00e9 zlep\u0161\u00ed v\u00fdcvik z\u00e1chran\u00e1\u0159\u016f v integrovan\u00e9m z\u00e1chrann\u00e9m syst\u00e9mu. N\u00e1\u0161 projekt potrv\u00e1 t\u0159i roky, od listopadu 2022 do \u0159\u00edjna 2025, a jsme odhodl\u00e1ni spolupracovat na dosa\u017een\u00ed spole\u010dn\u00e9ho c\u00edle. <\/p>\n\n\n\n<p>N\u00e1\u0161 projekt vyu\u017eije nejnov\u011bj\u0161\u00ed v\u00fdzkum a techniky v oblasti z\u00e1chran\u00e1\u0159stv\u00ed k vytvo\u0159en\u00ed komplexn\u00edch a poutav\u00fdch \u0161kolic\u00edch materi\u00e1l\u016f. Zam\u011b\u0159\u00edme se na v\u00fdvoj modul\u016f, kter\u00e9 pokryj\u00ed \u0161irokou \u0161k\u00e1lu t\u00e9mat, v\u010detn\u011b p\u00e1trac\u00edch a z\u00e1chrann\u00fdch akc\u00ed, zdravotnick\u00e9 z\u00e1chrann\u00e9 slu\u017eby a z\u00e1sah\u016f p\u0159i po\u017e\u00e1rech a nebezpe\u010dn\u00fdch materi\u00e1lech. T\u00edmto zp\u016fsobem chceme zlep\u0161it kvalitu \u0161kolen\u00ed z\u00e1chran\u00e1\u0159\u016f, co\u017e v kone\u010dn\u00e9m d\u016fsledku povede k efektivn\u011bj\u0161\u00ed a \u00fa\u010dinn\u011bj\u0161\u00ed reakci na mimo\u0159\u00e1dn\u00e9 ud\u00e1losti. <\/p>\n\n\n\n<p>Jsme nad\u0161eni, \u017ee se m\u016f\u017eeme tohoto projektu z\u00fa\u010dastnit, a netrp\u011bliv\u011b o\u010dek\u00e1v\u00e1me, a\u017e v\u00e1s budeme informovat o na\u0161em pokroku. D\u011bkujeme, \u017ee jste nav\u0161t\u00edvili na\u0161e webov\u00e9 str\u00e1nky, a douf\u00e1me, \u017ee informace zde uveden\u00e9 jsou pro v\u00e1s pou\u010dn\u00e9 a cenn\u00e9.<\/p>\n\n\n\n<hr class=\"wp-block-separator has-alpha-channel-opacity\"\/>","protected":false},"excerpt":{"rendered":"<p>Welcome to the official website of the<\/p>","protected":false},"author":1,"featured_media":0,"parent":0,"menu_order":0,"comment_status":"closed","ping_status":"closed","template":"","meta":{"footnotes":""},"class_list":["post-31","page","type-page","status-publish","hentry"],"_links":{"self":[{"href":"https:\/\/ready4crisis.eu\/cs\/wp-json\/wp\/v2\/pages\/31","targetHints":{"allow":["GET"]}}],"collection":[{"href":"https:\/\/ready4crisis.eu\/cs\/wp-json\/wp\/v2\/pages"}],"about":[{"href":"https:\/\/ready4crisis.eu\/cs\/wp-json\/wp\/v2\/types\/page"}],"author":[{"embeddable":true,"href":"https:\/\/ready4crisis.eu\/cs\/wp-json\/wp\/v2\/users\/1"}],"replies":[{"embeddable":true,"href":"https:\/\/ready4crisis.eu\/cs\/wp-json\/wp\/v2\/comments?post=31"}],"version-history":[{"count":0,"href":"https:\/\/ready4crisis.eu\/cs\/wp-json\/wp\/v2\/pages\/31\/revisions"}],"wp:attachment":[{"href":"https:\/\/ready4crisis.eu\/cs\/wp-json\/wp\/v2\/media?parent=31"}],"curies":[{"name":"wp","href":"https:\/\/api.w.org\/{rel}","templated":true}]}}