{"id":306,"date":"2023-06-30T16:04:51","date_gmt":"2023-06-30T14:04:51","guid":{"rendered":"https:\/\/ready4crisis.eu\/?page_id=306"},"modified":"2023-06-30T16:04:51","modified_gmt":"2023-06-30T14:04:51","slug":"terms-of-use","status":"publish","type":"page","link":"https:\/\/ready4crisis.eu\/cs\/terms-of-use\/","title":{"rendered":"Podm\u00ednky pou\u017eit\u00ed"},"content":{"rendered":"<p>Tyto podm\u00ednky slu\u017eby upravuj\u00ed webov\u00e9 str\u00e1nky Ready4Crisis, kter\u00e9 vlastn\u00ed a provozuj\u00ed \u010dlenov\u00e9 konsorcia projektu READY4CRISIS (d\u00e1le jen \"partne\u0159i\"). Na tyto webov\u00e9 str\u00e1nky byste nem\u011bli vstupovat ani je pou\u017e\u00edvat, dokud si pe\u010dliv\u011b nep\u0159e\u010dtete n\u00e1sleduj\u00edc\u00ed podm\u00ednky slu\u017eby a nesouhlas\u00edte s nimi.<\/p>\n\n\n\n<p><strong>Pou\u017e\u00edv\u00e1n\u00ed webov\u00fdch str\u00e1nek<\/strong><\/p>\n\n\n\n<p>Vstupem na tyto webov\u00e9 str\u00e1nky jste dali najevo, \u017ee jste si p\u0159e\u010detli tyto podm\u00ednky a souhlas\u00edte s t\u00edm, \u017ee jimi budete v\u00e1z\u00e1ni a budete je dodr\u017eovat. Pokud nesouhlas\u00edte s t\u00edm, \u017ee budete v\u00e1z\u00e1ni t\u011bmito podm\u00ednkami, neprodlen\u011b opus\u0165te webov\u00e9 str\u00e1nky. \u010clenov\u00e9 si vyhrazuj\u00ed pr\u00e1vo tyto podm\u00ednky kdykoli zm\u011bnit a ozn\u00e1men\u00ed o jak\u00fdchkoli zm\u011bn\u00e1ch zve\u0159ejn\u00ed online na t\u00e9to webov\u00e9 str\u00e1nce. Pokra\u010dov\u00e1n\u00edm v p\u0159\u00edstupu na tyto webov\u00e9 str\u00e1nky po zve\u0159ejn\u011bn\u00ed ozn\u00e1men\u00ed o takov\u00fdch \u00faprav\u00e1ch vyjad\u0159ujete sv\u016fj souhlas s t\u00edm, \u017ee jimi budete v\u00e1z\u00e1ni.<\/p>\n\n\n\n<p><strong>Odpov\u011bdnost za obsah<\/strong><\/p>\n\n\n\n<p>Jako poskytovatel slu\u017eeb jsme v souladu s p\u0159\u00edslu\u0161n\u00fdmi z\u00e1kony odpov\u011bdn\u00ed za vlastn\u00ed obsah na t\u011bchto str\u00e1nk\u00e1ch. Nesledujeme p\u0159en\u00e1\u0161en\u00e9 nebo ulo\u017een\u00e9 informace t\u0159et\u00edch stran ani nevy\u0161et\u0159ujeme okolnosti, kter\u00e9 nazna\u010duj\u00ed nez\u00e1konnou \u010dinnost.<\/p>\n\n\n\n<p>Obsah t\u011bchto webov\u00fdch str\u00e1nek pat\u0159\u00ed projektu READY4CRISIS a jeho partner\u016fm, pokud nen\u00ed uvedeno jinak.<\/p>\n\n\n\n<p><strong>Odpov\u011bdnost za odkazy<\/strong><\/p>\n\n\n\n<p>Na\u0161e str\u00e1nky obsahuj\u00ed odkazy na extern\u00ed webov\u00e9 str\u00e1nky t\u0159et\u00edch stran, na jejich\u017e obsah nem\u00e1me \u017e\u00e1dn\u00fd vliv. Z tohoto d\u016fvodu nem\u016f\u017eeme za tento ciz\u00ed obsah p\u0159evz\u00edt \u017e\u00e1dnou odpov\u011bdnost. Za obsah odkazovan\u00fdch str\u00e1nek je v\u017edy odpov\u011bdn\u00fd p\u0159\u00edslu\u0161n\u00fd poskytovatel nebo provozovatel str\u00e1nek. Odkazovan\u00e9 str\u00e1nky byly v dob\u011b vytvo\u0159en\u00ed odkazu zkontrolov\u00e1ny z hlediska mo\u017en\u00e9ho poru\u0161en\u00ed z\u00e1kona. V dob\u011b vytvo\u0159en\u00ed odkazu nebyl rozpoznateln\u00fd \u017e\u00e1dn\u00fd nez\u00e1konn\u00fd obsah.<\/p>\n\n\n\n<p>Trval\u00e1 kontrola obsahu odkazovan\u00fdch str\u00e1nek nen\u00ed bez konkr\u00e9tn\u00edch d\u016fkaz\u016f o poru\u0161en\u00ed pr\u00e1v mo\u017en\u00e1. Jakmile se dozv\u00edme o poru\u0161en\u00ed z\u00e1kona, takov\u00e9 odkazy okam\u017eit\u011b odstran\u00edme.<\/p>\n\n\n\n<p><strong>Autorsk\u00e9 pr\u00e1vo<\/strong><\/p>\n\n\n\n<p>Obsah a d\u00edla na t\u011bchto str\u00e1nk\u00e1ch vytvo\u0159en\u00e1 provozovatelem str\u00e1nek podl\u00e9haj\u00ed n\u011bmeck\u00e9mu autorsk\u00e9mu pr\u00e1vu. Rozmno\u017eov\u00e1n\u00ed, zpracov\u00e1n\u00ed, \u0161\u00ed\u0159en\u00ed a jak\u00fdkoli druh pou\u017eit\u00ed mimo hranice autorsk\u00e9ho pr\u00e1va vy\u017eaduj\u00ed p\u00edsemn\u00fd souhlas p\u0159\u00edslu\u0161n\u00e9ho autora nebo tv\u016frce. Stahov\u00e1n\u00ed a kop\u00edrov\u00e1n\u00ed t\u00e9to str\u00e1nky je povoleno pouze pro soukrom\u00e9, nekomer\u010dn\u00ed pou\u017eit\u00ed.<\/p>\n\n\n\n<p>Pokud obsah na t\u00e9to str\u00e1nce nebyl vytvo\u0159en provozovatelem, jsou respektov\u00e1na autorsk\u00e1 pr\u00e1va t\u0159et\u00edch stran. Zejm\u00e9na jsou jako takov\u00e9 ozna\u010deny obsahy t\u0159et\u00edch stran. Pokud byste se p\u0159esto dozv\u011bd\u011bli o poru\u0161en\u00ed autorsk\u00fdch pr\u00e1v, dejte n\u00e1m pros\u00edm v\u011bd\u011bt. Jakmile se dozv\u00edme o poru\u0161en\u00ed z\u00e1kona, okam\u017eit\u011b takov\u00fd obsah odstran\u00edme.<\/p>\n\n\n\n<p><strong>Osobn\u00ed \u00fadaje<\/strong><\/p>\n\n\n\n<p>Webov\u00e9 str\u00e1nky obsahuj\u00ed osobn\u00ed \u00fadaje partner\u016f. Tyto informace jsou poskytov\u00e1ny pouze pro \u00fa\u010dely tohoto projektu a za \u017e\u00e1dn\u00fdch okolnost\u00ed by nem\u011bly b\u00fdt pou\u017eity pro \u017e\u00e1dn\u00e9 jin\u00e9 \u00fa\u010dely.<\/p>\n\n\n\n<p>Pro v\u00edce informac\u00ed o zpracov\u00e1n\u00ed osobn\u00edch \u00fadaj\u016f prost\u0159ednictv\u00edm t\u011bchto webov\u00fdch str\u00e1nek nebo projektu kontaktujte RegioVision GmbH Schwerin, N\u011bmecko. P\u0159\u00edslu\u0161n\u00fdm projektov\u00fdm mana\u017eerem je pan Thomas Blum a je k zasti\u017een\u00ed na adrese <a href=\"mailto:blum@regiovision-sn.de\">blum@regiovision-sn.de<\/a> Po\u0161tovn\u00ed adresa spole\u010dnosti RegioVision GmbH Schwerin je Am Margaretenhof 28 ,19057 Schwerin, N\u011bmecko, k ruk\u00e1m pana Thomase Bluma.<\/p>\n\n\n\n<p><strong>Pravidla pro chov\u00e1n\u00ed na internetu&nbsp;<\/strong><\/p>\n\n\n\n<p>Souhlas\u00edte s t\u00edm, \u017ee budete pou\u017e\u00edvat webov\u00e9 str\u00e1nky v souladu se v\u0161emi platn\u00fdmi z\u00e1kony. D\u00e1le souhlas\u00edte s t\u00edm, \u017ee nikde na webov\u00fdch str\u00e1nk\u00e1ch nebudete pos\u00edlat e-mailem ani zve\u0159ej\u0148ovat \u0161kodliv\u00fd nebo \u0161kodliv\u00fd obsah, mimo jin\u00e9 v\u010detn\u011b n\u00e1sleduj\u00edc\u00edho:<\/p>\n\n\n\n<ul class=\"wp-block-list\">\n<li>Obsah, kter\u00fd pomlouv\u00e1 nebo vyhro\u017euje ostatn\u00edm;<\/li>\n\n\n\n<li>Obt\u011b\u017euj\u00edc\u00ed prohl\u00e1\u0161en\u00ed nebo obsah, kter\u00fd poru\u0161uje feder\u00e1ln\u00ed nebo st\u00e1tn\u00ed z\u00e1kony;<\/li>\n\n\n\n<li>Obsah, kter\u00fd pojedn\u00e1v\u00e1 o nez\u00e1konn\u00fdch aktivit\u00e1ch s \u00famyslem je sp\u00e1chat;<\/li>\n\n\n\n<li>Obsah, kter\u00fd nen\u00ed va\u0161\u00edm vlastn\u00edm nebo poru\u0161uje du\u0161evn\u00ed vlastnictv\u00ed jin\u00fdch osob, mimo jin\u00e9 v\u010detn\u011b autorsk\u00fdch pr\u00e1v, ochrann\u00fdch zn\u00e1mek nebo obchodn\u00edch tajemstv\u00ed;<\/li>\n\n\n\n<li>Obsah souvisej\u00edc\u00ed se stranick\u00fdmi politick\u00fdmi aktivitami;<\/li>\n\n\n\n<li>Materi\u00e1l, kter\u00fd obsahuje obsc\u00e9nn\u00ed (tj. pornografick\u00fd) jazyk nebo obr\u00e1zky;<\/li>\n\n\n\n<li>Reklama nebo jak\u00e1koli forma komer\u010dn\u00edho z\u00edsk\u00e1v\u00e1n\u00ed nebo propagace, v\u010detn\u011b odkaz\u016f na jin\u00e9 webov\u00e9 str\u00e1nky;<\/li>\n\n\n\n<li>Obsah, kter\u00fd je jinak nez\u00e1konn\u00fd;<\/li>\n\n\n\n<li>Z\u00e1m\u011brn\u011b ne\u00fapln\u00fd, zav\u00e1d\u011bj\u00edc\u00ed nebo nep\u0159esn\u00fd obsah.<\/li>\n<\/ul>","protected":false},"excerpt":{"rendered":"<p>These Terms of Service govern the Ready4Crisis<\/p>","protected":false},"author":3,"featured_media":0,"parent":0,"menu_order":0,"comment_status":"closed","ping_status":"closed","template":"page.php","meta":{"footnotes":""},"class_list":["post-306","page","type-page","status-publish","hentry"],"_links":{"self":[{"href":"https:\/\/ready4crisis.eu\/cs\/wp-json\/wp\/v2\/pages\/306","targetHints":{"allow":["GET"]}}],"collection":[{"href":"https:\/\/ready4crisis.eu\/cs\/wp-json\/wp\/v2\/pages"}],"about":[{"href":"https:\/\/ready4crisis.eu\/cs\/wp-json\/wp\/v2\/types\/page"}],"author":[{"embeddable":true,"href":"https:\/\/ready4crisis.eu\/cs\/wp-json\/wp\/v2\/users\/3"}],"replies":[{"embeddable":true,"href":"https:\/\/ready4crisis.eu\/cs\/wp-json\/wp\/v2\/comments?post=306"}],"version-history":[{"count":0,"href":"https:\/\/ready4crisis.eu\/cs\/wp-json\/wp\/v2\/pages\/306\/revisions"}],"wp:attachment":[{"href":"https:\/\/ready4crisis.eu\/cs\/wp-json\/wp\/v2\/media?parent=306"}],"curies":[{"name":"wp","href":"https:\/\/api.w.org\/{rel}","templated":true}]}}