{"id":303,"date":"2023-06-30T16:03:07","date_gmt":"2023-06-30T14:03:07","guid":{"rendered":"https:\/\/ready4crisis.eu\/?page_id=303"},"modified":"2023-06-30T16:03:07","modified_gmt":"2023-06-30T14:03:07","slug":"privacy-policy","status":"publish","type":"page","link":"https:\/\/ready4crisis.eu\/cs\/privacy-policy\/","title":{"rendered":"Z\u00e1sady ochrany osobn\u00edch \u00fadaj\u016f"},"content":{"rendered":"<p>N\u00e1sleduj\u00edc\u00ed informace poskytuj\u00ed jednoduch\u00fd p\u0159ehled o tom, co se d\u011bje s va\u0161imi osobn\u00edmi \u00fadaji, kdy\u017e nav\u0161t\u00edv\u00edte na\u0161e webov\u00e9 str\u00e1nky. Osobn\u00ed \u00fadaje jsou v\u0161echny \u00fadaje, pomoc\u00ed kter\u00fdch m\u016f\u017eete b\u00fdt osobn\u011b identifikov\u00e1ni. Informace o ochran\u011b osobn\u00edch \u00fadaj\u016f naleznete v na\u0161em podrobn\u00e9m prohl\u00e1\u0161en\u00ed o ochran\u011b osobn\u00edch \u00fadaj\u016f pod t\u00edmto textem.<\/p>\n\n\n\n<p>Prost\u0159ednictv\u00edm tohoto dokumentu bychom v\u00e1m r\u00e1di poskytli informace t\u00fdkaj\u00edc\u00ed se:<\/p>\n\n\n\n<p><strong>O n\u00e1s a na\u0161\u00ed roli t\u00fdkaj\u00edc\u00ed se va\u0161ich osobn\u00edch \u00fadaj\u016f<\/strong><\/p>\n\n\n\n<p>Projekt \"Ready4Crisis - Inovace monitoringu a krizov\u00e9ho \u0159\u00edzen\u00ed ve studijn\u00edch programech odborn\u00e9ho vzd\u011bl\u00e1v\u00e1n\u00ed pro integrovan\u00fd z\u00e1chrann\u00fd syst\u00e9m\" je projekt spolufinancovan\u00fd Evropskou uni\u00ed v r\u00e1mci projektu strategick\u00e9ho partnerstv\u00ed Erasmus+ KA2, KA220-VET \u2013 Partnerstv\u00ed spolupr\u00e1ce v odborn\u00e9m vzd\u011bl\u00e1v\u00e1n\u00ed a p\u0159\u00edprav\u011b (\u010d\u00edslo dohody: 2022-1-DE02-KA220-VET-000089097) s dobou trv\u00e1n\u00ed t\u0159\u00ed let (01.11.2022 a\u017e 31.10.2025).<\/p>\n\n\n\n<p>Projekt Ready4Crisis si klade za c\u00edl dos\u00e1hnout celkov\u00e9ho zdokonalen\u00ed tohoto velmi specifick\u00e9ho a pom\u011brn\u011b vz\u00e1cn\u00e9ho studijn\u00edho programu po\u017e\u00e1rn\u00ed bezpe\u010dnosti a krizov\u00e9ho \u0159\u00edzen\u00ed a t\u00edm zv\u00fd\u0161it dovednosti, p\u0159ipravenost a odolnost budouc\u00edch generac\u00ed pracovn\u00edk\u016f z\u00e1chrann\u00fdch slu\u017eeb (hasi\u010di, z\u00e1chrann\u00e9 jednotky, zdravotn\u00edci, krizov\u00ed mana\u017ee\u0159i, p\u0159\u00edslu\u0161n\u00edci obrann\u00fdch sil atd.<\/p>\n\n\n\n<p>Vysok\u00e1 \u00farove\u0148 vzd\u011bl\u00e1n\u00ed pro budouc\u00ed person\u00e1l z\u00e1chrann\u00fdch slu\u017eeb je z\u00e1sadn\u00ed pro schopnost reagovat na nov\u011b vznikaj\u00edc\u00ed krize a p\u0159\u00edrodn\u00ed rizika a zachra\u0148ovat \u017eivoty. Za t\u00edmto \u00fa\u010delem p\u0159ipravujeme v\u00fdvoj r\u016fzn\u00fdch vzd\u011bl\u00e1vac\u00edch materi\u00e1l\u016f pro u\u010ditele a \u0161kolitele t\u011bchto p\u0159edm\u011bt\u016f tak, aby mohli sv\u00fdm student\u016fm a \u017e\u00e1k\u016fm poskytovat aktu\u00e1ln\u00ed informace prost\u0159ednictv\u00edm aktu\u00e1ln\u00edch digit\u00e1ln\u00edch form\u00e1t\u016f.<\/p>\n\n\n\n<p>Koordin\u00e1torem projektu a organizac\u00ed opr\u00e1vn\u011bnou komunikovat jm\u00e9nem konsorcia v z\u00e1le\u017eitostech souvisej\u00edc\u00edch s t\u011bmito webov\u00fdmi str\u00e1nkami je spole\u010dnost RegioVision GmbH Schwerin, N\u011bmecko. Projektov\u00fd mana\u017eer Ready4Crisis: Thomas Blum a je k zasti\u017een\u00ed na blum@regiovision-sn.de<\/p>\n\n\n\n<p>Po\u0161tovn\u00ed adresa koordin\u00e1tora je RegioVision GmbH Am Margaretenhof 28 ,19057 Schwerin.<\/p>\n\n\n\n<p>Projekt Ready4Crisis jako provozovatel t\u011bchto webov\u00fdch str\u00e1nek vystupuje jako spr\u00e1vce osobn\u00edch \u00fadaj\u016f, kter\u00e9 poskytujete prost\u0159ednictv\u00edm t\u011bchto webov\u00fdch str\u00e1nek. Ochranu va\u0161ich osobn\u00edch \u00fadaj\u016f bereme velmi v\u00e1\u017en\u011b. S va\u0161imi osobn\u00edmi \u00fadaji v\u017edy zach\u00e1z\u00edme d\u016fv\u011brn\u011b a v souladu s p\u0159edpisy o ochran\u011b osobn\u00edch \u00fadaj\u016f a t\u00edmto prohl\u00e1\u0161en\u00edm o ochran\u011b osobn\u00edch \u00fadaj\u016f.<\/p>\n\n\n\n<p>Projekt Ready4Crisis jako provozovatel t\u011bchto webov\u00fdch str\u00e1nek vystupuje jako spr\u00e1vce osobn\u00edch \u00fadaj\u016f, kter\u00e9 poskytujete prost\u0159ednictv\u00edm t\u011bchto webov\u00fdch str\u00e1nek. Ochranu va\u0161ich osobn\u00edch \u00fadaj\u016f bereme velmi v\u00e1\u017en\u011b. S va\u0161imi osobn\u00edmi \u00fadaji v\u017edy zach\u00e1z\u00edme d\u016fv\u011brn\u011b a v souladu s p\u0159edpisy o ochran\u011b osobn\u00edch \u00fadaj\u016f a t\u00edmto prohl\u00e1\u0161en\u00edm o ochran\u011b osobn\u00edch \u00fadaj\u016f.<\/p>\n\n\n\n<p>P\u0159i pou\u017e\u00edv\u00e1n\u00ed t\u00e9to webov\u00e9 str\u00e1nky jsou shroma\u017e\u010fov\u00e1ny r\u016fzn\u00e9 osobn\u00ed \u00fadaje. Osobn\u00ed \u00fadaje jsou \u00fadaje, pomoc\u00ed kter\u00fdch m\u016f\u017eete b\u00fdt osobn\u011b identifikov\u00e1ni. Tyto z\u00e1sady ochrany osobn\u00edch \u00fadaj\u016f vysv\u011btluj\u00ed, jak\u00e9 \u00fadaje shroma\u017e\u010fujeme a k \u010demu je pou\u017e\u00edv\u00e1me. Vysv\u011btluje tak\u00e9, jak a za jak\u00fdm \u00fa\u010delem se to d\u011bl\u00e1.<\/p>\n\n\n\n<p>Osobn\u00ed \u00fadaje shrom\u00e1\u017ed\u011bn\u00e9 prost\u0159ednictv\u00edm t\u00e9to webov\u00e9 str\u00e1nky jsou zpracov\u00e1v\u00e1ny v souladu s obecn\u00fdm na\u0159\u00edzen\u00edm o ochran\u011b osobn\u00edch \u00fadaj\u016f (EU) 2016\/679), feder\u00e1ln\u00edm z\u00e1konem o ochran\u011b osobn\u00edch \u00fadaj\u016f ze dne 30. \u010dervna 2017 (implementuj\u00edc\u00edm GDPR) a dal\u0161\u00edmi vnitrost\u00e1tn\u00edmi pr\u00e1vn\u00edmi akty a intern\u00edmi postupy.<\/p>\n\n\n\n<p>Osobn\u00edmi \u00fadaji se rozum\u00ed ve\u0161ker\u00e9 informace o fyzick\u00e9 osob\u011b (d\u00e1le jen \"subjekt \u00fadaj\u016f\"), kterou lze identifikovat, zejm\u00e9na odkazem na identifik\u00e1tor, jako je jm\u00e9no, identifika\u010dn\u00ed \u010d\u00edslo, \u00fadaje o poloze, online identifik\u00e1tor nebo na jeden \u010di v\u00edce faktor\u016f specifick\u00fdch pro fyzickou, fyziologickou, genetickou, psychickou, ekonomickou, kulturn\u00ed nebo soci\u00e1ln\u00ed identitu t\u00e9to fyzick\u00e9 osoby. T\u011bmito informacemi mohou b\u00fdt jm\u00e9no a p\u0159\u00edjmen\u00ed osoby, e-mailov\u00e1 adresa atd.<\/p>\n\n\n\n<p><\/p>\n\n\n\n<p><strong>Jak\u00e9 osobn\u00ed \u00fadaje zpracov\u00e1v\u00e1me<\/strong><\/p>\n\n\n\n<p>A. Pokud pou\u017e\u00edv\u00e1te na\u0161e webov\u00e9 str\u00e1nky pouze pro informa\u010dn\u00ed \u00fa\u010dely (tj. p\u0159\u00edstup a prohl\u00ed\u017een\u00ed \u2013 neregistrujete se do \u017e\u00e1dn\u00fdch funkc\u00ed nebo ud\u00e1lost\u00ed), jsou ur\u010dit\u00e9 informace automaticky odes\u00edl\u00e1ny na server, pomoc\u00ed kter\u00e9ho jsou webov\u00e9 str\u00e1nky udr\u017eov\u00e1ny dostupn\u00e9 internetov\u00fdm prohl\u00ed\u017ee\u010dem pou\u017e\u00edvan\u00fdm ve va\u0161em za\u0159\u00edzen\u00ed. Tyto informace jsou pro n\u00e1s technicky nezbytn\u00e9, abychom v\u00e1m mohli zobrazit na\u0161e webov\u00e9 str\u00e1nky a zajistit stabilitu a bezpe\u010dnost p\u0159ipojen\u00ed a syst\u00e9mu. V\u00fd\u0161e uveden\u00e9 \u00fadaje v \u017e\u00e1dn\u00e9m p\u0159\u00edpad\u011b nepou\u017e\u00edv\u00e1me k tomu, abychom o v\u00e1s osobn\u011b vyvodili z\u00e1v\u011bry.<\/p>\n\n\n\n<p>\u0392. Soubory cookie se ukl\u00e1daj\u00ed do va\u0161eho za\u0159\u00edzen\u00ed, kdy\u017e pou\u017e\u00edv\u00e1te na\u0161e webov\u00e9 str\u00e1nky, pouze pokud jsou vybr\u00e1ny.<\/p>\n\n\n\n<p>Cookies \u2013 jsou mal\u00e9 soubory, kter\u00e9 prohl\u00ed\u017ee\u010d p\u0159ij\u00edm\u00e1 do za\u0159\u00edzen\u00ed u\u017eivatele (po\u010d\u00edta\u010de, telefonu nebo tabletu) z webov\u00e9 str\u00e1nky, kterou u\u017eivatel nav\u0161t\u00edv\u00ed, a jsou ulo\u017eeny v za\u0159\u00edzen\u00ed u\u017eivatele. Cookies se pou\u017e\u00edvaj\u00ed ke zlep\u0161en\u00ed funk\u010dnosti, k reklam\u011b, statistik\u00e1m a anal\u00fdz\u00e1m (slou\u017e\u00ed k rozli\u0161en\u00ed mezi n\u00e1v\u0161t\u011bvn\u00edkem a pracovi\u0161t\u011bm, k poskytov\u00e1n\u00ed relevantn\u011bj\u0161\u00edho obsahu, ke shroma\u017e\u010fov\u00e1n\u00ed informac\u00ed anal\u00fdzou n\u00e1v\u0161t\u011bvnosti webov\u00fdch str\u00e1nek, ke shroma\u017e\u010fov\u00e1n\u00ed statistik). Jin\u00fdmi slovy, soubory cookie umo\u017e\u0148uj\u00ed webov\u00fdm str\u00e1nk\u00e1m zapamatovat si informace o zvyc\u00edch, akc\u00edch a nastaven\u00ed u\u017eivatele p\u0159i prohl\u00ed\u017een\u00ed.<\/p>\n\n\n\n<p>Na t\u00e9to konkr\u00e9tn\u00ed webov\u00e9 str\u00e1nce se pou\u017e\u00edvaj\u00ed pouze n\u00e1sleduj\u00edc\u00ed soubory cookie:<\/p>\n\n\n\n<p>NEZBYTN\u00c9 SOUBORY COOKIE:<\/p>\n\n\n\n<p>Nezbytn\u00e9 soubory cookie jsou naprosto nezbytn\u00e9 pro spr\u00e1vn\u00e9 fungov\u00e1n\u00ed webov\u00fdch str\u00e1nek. Tato kategorie zahrnuje pouze soubory cookie, kter\u00e9 zaji\u0161\u0165uj\u00ed z\u00e1kladn\u00ed funkce a bezpe\u010dnostn\u00ed funkce webov\u00fdch str\u00e1nek. Tyto soubory cookie neukl\u00e1daj\u00ed \u017e\u00e1dn\u00e9 osobn\u00ed \u00fadaje.<\/p>\n\n\n\n<p>Jm\u00e9no\u00a0\u00a0\u00a0\u00a0\u00a0\u00a0\u00a0\u00a0 \u00a0\u00a0\u00a0\u00a0\u00a0\u00a0\u00a0\u00a0 \u00a0Popis\u00a0\u00a0\u00a0\u00a0\u00a0\u00a0\u00a0\u00a0\u00a0\u00a0\u00a0\u00a0\u00a0\u00a0\u00a0\u00a0\u00a0\u00a0\u00a0\u00a0\u00a0\u00a0\u00a0\u00a0\u00a0\u00a0\u00a0\u00a0\u00a0\u00a0\u00a0\u00a0\u00a0\u00a0\u00a0\u00a0\u00a0\u00a0\u00a0\u00a0\u00a0\u00a0\u00a0\u00a0\u00a0\u00a0\u00a0\u00a0\u00a0\u00a0\u00a0\u00a0\u00a0\u00a0\u00a0\u00a0 \u00a0\u00a0\u00a0\u00a0\u00a0\u00a0\u00a0\u00a0 Vypr\u0161en\u00ed<\/p>\n\n\n\n<p>&nbsp;cookielawinfo-checkbox-analytics\u00a0\u00a0\u00a0\u00a0\u00a0\u00a0\u00a0\u00a0\u00a0\u00a0\u00a0 Tento soubor cookie je nastaven pluginem WordPress Consent GDPR Cookie. Soubor cookie se pou\u017e\u00edv\u00e1 k zapamatov\u00e1n\u00ed souhlasu u\u017eivatele se soubory cookie v kategorii \"Analytics\" \u00a0\u00a0\u00a0\u00a0\u00a0 1 rok<\/p>\n\n\n\n<p>&nbsp;cookielawinfo-checkbox-analytics\u00a0\u00a0\u00a0\u00a0\u00a0\u00a0\u00a0\u00a0\u00a0\u00a0\u00a0 Tento soubor cookie je nastaven pluginem GDPR Cookie Consent. Soubor cookie se pou\u017e\u00edv\u00e1 k ulo\u017een\u00ed souhlasu u\u017eivatele se soubory cookie v kategorii \"Nezbytn\u00e9\".\u00a0\u00a0\u00a0\u00a0\u00a0\u00a0 1 rok<\/p>\n\n\n\n<p>&nbsp;cookielawinfo-checkbox-non-necessary \u00a0Tento soubor cookie je nastaven pluginem GDPR Cookie Consent. Soubor cookie se pou\u017e\u00edv\u00e1 k ulo\u017een\u00ed souhlasu u\u017eivatele s cookies v kategorii \"Nepot\u0159ebn\u00e9\". \u00a0\u00a0\u00a0\u00a0\u00a0\u00a0\u00a0\u00a0\u00a0\u00a0\u00a0\u00a0 1 rok<\/p>\n\n\n\n<p>&nbsp;cookielawinfo-checkbox-v\u00fdkon \u00a0\u00a0 \u00a0Tento soubor cookie je nastaven pluginem GDPR Cookie Consent. Soubor cookie se pou\u017e\u00edv\u00e1 k ulo\u017een\u00ed souhlasu u\u017eivatele se soubory cookie v kategorii \"V\u00fdkon\".\u00a0 1 rok<\/p>\n\n\n\n<p>ANALYTICK\u00c9 SOUBORY COOKIE:<\/p>\n\n\n\n<p>Analytick\u00e9 soubory cookie se pou\u017e\u00edvaj\u00ed k pochopen\u00ed toho, jak n\u00e1v\u0161t\u011bvn\u00edci interaguj\u00ed s webov\u00fdmi str\u00e1nkami. Tyto soubory cookie pom\u00e1haj\u00ed poskytovat informace o metrik\u00e1ch po\u010dtu n\u00e1v\u0161t\u011bvn\u00edk\u016f, m\u00ed\u0159e okam\u017eit\u00e9ho opu\u0161t\u011bn\u00ed, zdroji n\u00e1v\u0161t\u011bvnosti atd.<\/p>\n\n\n\n<p>&nbsp;Jm\u00e9no\u00a0\u00a0 Popis\u00a0\u00a0\u00a0\u00a0\u00a0\u00a0\u00a0\u00a0 Vypr\u0161en\u00ed<\/p>\n\n\n\n<p>&nbsp;_ga\u00a0\u00a0\u00a0\u00a0\u00a0\u00a0\u00a0 Registruje jedine\u010dn\u00e9 ID, kter\u00e9 se pou\u017e\u00edv\u00e1 ke generov\u00e1n\u00ed statistick\u00fdch \u00fadaj\u016f o tom, jak n\u00e1v\u0161t\u011bvn\u00edk pou\u017e\u00edv\u00e1 webov\u00e9 str\u00e1nky.\u00a0\u00a0\u00a0\u00a0\u00a0\u00a0\u00a0\u00a0\u00a0\u00a0\u00a0\u00a0\u00a0\u00a0 2 roky<\/p>\n\n\n\n<p>&nbsp;_ga_#\u00a0\u00a0 Pou\u017e\u00edvaj\u00ed se slu\u017ebou Google Analytics ke shroma\u017e\u010fov\u00e1n\u00ed \u00fadaj\u016f o tom, kolikr\u00e1t u\u017eivatel nav\u0161t\u00edvil webovou str\u00e1nku, a tak\u00e9 o datech prvn\u00ed a posledn\u00ed n\u00e1v\u0161t\u011bvy. \u00a0\u00a0\u00a0\u00a0\u00a0\u00a0\u00a0\u00a0\u00a0\u00a0\u00a0\u00a0 2 roky<\/p>\n\n\n\n<p>C. Na\u0161e webov\u00e9 str\u00e1nky poskytuj\u00ed p\u0159\u00edstup prost\u0159ednictv\u00edm odkaz\u016f zobrazen\u00fdch v doln\u00ed \u010d\u00e1sti ka\u017ed\u00e9 str\u00e1nky k online prezentaci projektu Ready4Crisis na soci\u00e1ln\u00edch s\u00edt\u00edch (Facebook). O t\u00e9to akci neuchov\u00e1v\u00e1me \u017e\u00e1dn\u00e9 informace.<\/p>\n\n\n\n<p><\/p>\n\n\n\n<p><strong>Pro\u010d zpracov\u00e1v\u00e1me va\u0161e osobn\u00ed \u00fadaje<\/strong><\/p>\n\n\n\n<p>Va\u0161e osobn\u00ed \u00fadaje, kter\u00e9 n\u00e1m byly poskytnuty, zpracov\u00e1v\u00e1me v\u00fd\u0161e uveden\u00fdm zp\u016fsobem z n\u00e1sleduj\u00edc\u00edch d\u016fvod\u016f:<\/p>\n\n\n\n<p>Informace t\u00fdkaj\u00edc\u00ed se va\u0161\u00ed n\u00e1v\u0161t\u011bvy webov\u00fdch str\u00e1nek. Tyto informace jsou pro n\u00e1s technicky nezbytn\u00e9, abychom v\u00e1m mohli zobrazit na\u0161e webov\u00e9 str\u00e1nky a zajistit stabilitu a bezpe\u010dnost p\u0159ipojen\u00ed a syst\u00e9mu.<\/p>\n\n\n\n<p>Soubory cookie se ukl\u00e1daj\u00ed do va\u0161eho za\u0159\u00edzen\u00ed, kdy\u017e pou\u017e\u00edv\u00e1te na\u0161e webov\u00e9 str\u00e1nky, na z\u00e1klad\u011b va\u0161ich voleb. V\u00edce informac\u00ed naleznete v\u00fd\u0161e. V z\u00e1vislosti na volb\u00e1ch, kter\u00e9 provedete b\u011bhem p\u0159\u00edslu\u0161n\u00e9ho souhlasu s funkc\u00ed soubor\u016f cookie, je pou\u017eit\u00ed soubor\u016f cookie: povinn\u00e9 pro spr\u00e1vn\u00e9 fungov\u00e1n\u00ed webov\u00fdch str\u00e1nek a va\u0161i n\u00e1v\u0161t\u011bvu a anal\u00fdzu.<\/p>\n\n\n\n<p>Na\u0161e soci\u00e1ln\u00ed s\u00edt\u011b spravujeme sami. Pokud n\u00e1m po\u0161lete soukromou nebo p\u0159\u00edmou zpr\u00e1vu prost\u0159ednictv\u00edm soci\u00e1ln\u00edch m\u00e9di\u00ed, nebude sd\u00edlena s \u017e\u00e1dnou jinou organizac\u00ed. V\u0161echny tyto informace zkontrolujeme a rozhodneme, jak s nimi nakl\u00e1dat. Pokud nap\u0159\u00edklad po\u0161lete zpr\u00e1vu prost\u0159ednictv\u00edm soci\u00e1ln\u00edch m\u00e9di\u00ed, kter\u00e1 od n\u00e1s vy\u017eaduje odpov\u011b\u010f, m\u016f\u017eeme ji zpracovat jako dotaz nebo st\u00ed\u017enost. Kdy\u017e n\u00e1s kontaktujete prost\u0159ednictv\u00edm platformy soci\u00e1ln\u00edch m\u00e9di\u00ed, doporu\u010dujeme v\u00e1m tak\u00e9 sezn\u00e1mit se s informacemi o ochran\u011b osobn\u00edch \u00fadaj\u016f t\u00e9to platformy.<\/p>\n\n\n\n<p><\/p>\n\n\n\n<p><strong>Jak dlouho budeme va\u0161e osobn\u00ed \u00fadaje uchov\u00e1vat<\/strong><\/p>\n\n\n\n<p>Informace uveden\u00e9 v bodech A, B a C na z\u00e1klad\u011b na\u0161ich postup\u016f kvality budeme uchov\u00e1vat nejd\u00e9le t\u0159i (3) roky (doba trv\u00e1n\u00ed projektu).<\/p>\n\n\n\n<p><\/p>\n\n\n\n<p><strong>Kte\u0159\u00ed jsou mo\u017en\u00ed p\u0159\u00edjemci va\u0161ich osobn\u00edch \u00fadaj\u016f<\/strong><\/p>\n\n\n\n<p>Informace, kter\u00e9 n\u00e1m poskytnete, budou ulo\u017eeny v hlavn\u00edm informa\u010dn\u00edm syst\u00e9mu a budou uchov\u00e1v\u00e1ny v nezbytn\u011b nutn\u00e9m rozsahu.<\/p>\n\n\n\n<p>P\u0159\u00edstup k dat\u016fm m\u016f\u017ee b\u00fdt poskytnut opr\u00e1vn\u011bn\u00fdm pracovn\u00edk\u016fm ka\u017ed\u00e9ho partnera projektu Read4crisis, Evropsk\u00e9 unii (pracovn\u00edk\u016fm p\u0159\u00edslu\u0161n\u00fdm pro evropsk\u00e9 projekty ERASMUS+), n\u00e1rodn\u00edm org\u00e1n\u016fm ka\u017ed\u00e9 zem\u011b (v p\u0159\u00edpad\u011b pot\u0159eby), mailchimpu (kter\u00fd spravuje po\u0161tovn\u00ed kampan\u011b), spr\u00e1vci webov\u00fdch str\u00e1nek, spole\u010dnosti poskytuj\u00edc\u00ed podporu platformy a hostiteli platformy a infrastruktury.<\/p>\n\n\n\n<p>V p\u0159\u00edpad\u011b, \u017ee bude nutn\u00e9, aby va\u0161e informace byly sd\u00edleny s ostatn\u00edmi, budeme v\u00e1s o tom informovat.<\/p>\n\n\n\n<p><\/p>\n\n\n\n<p><strong>Do kter\u00fdch zem\u00ed nebo mezin\u00e1rodn\u00edch organizac\u00ed hodl\u00e1me va\u0161e \u00fadaje p\u0159ed\u00e1vat<\/strong><\/p>\n\n\n\n<p>Zem\u011b, kter\u00e9 obdr\u017e\u00ed va\u0161e osobn\u00ed \u00fadaje, jsou:<\/p>\n\n\n\n<p>N\u011bmecko, \u0158ecko, Polsko, \u010cesk\u00e1 republika, It\u00e1lie<\/p>\n\n\n\n<p><\/p>\n\n\n\n<p><strong>Jak budeme zpracov\u00e1vat va\u0161e osobn\u00ed \u00fadaje<\/strong><\/p>\n\n\n\n<p>Osobn\u00ed \u00fadaje, kter\u00e9 jste z\u00edskali prost\u0159ednictv\u00edm na\u0161ich webov\u00fdch str\u00e1nek, budeme shroma\u017e\u010fovat, zaznamen\u00e1vat, strukturovat, uchov\u00e1vat, konzultovat, pou\u017e\u00edvat, \u0161\u00ed\u0159it nebo jinak zp\u0159\u00edstup\u0148ovat, omezovat, mazat nebo ni\u010dit na z\u00e1klad\u011b v\u00fd\u0161e uveden\u00fdch z\u00e1sad a z\u00e1rove\u0148 slou\u017eit konkr\u00e9tn\u00edm \u00fa\u010del\u016fm zpracov\u00e1n\u00ed.<\/p>\n\n\n\n<p>Va\u0161e \u00fadaje nebudeme pou\u017e\u00edvat k profilov\u00e1n\u00ed ani k automatizovan\u00e9mu rozhodov\u00e1n\u00ed.<\/p>\n\n\n\n<p><\/p>\n\n\n\n<p><strong>Jak\u00e1 jsou va\u0161e pr\u00e1va t\u00fdkaj\u00edc\u00ed se va\u0161ich osobn\u00edch \u00fadaj\u016f, kter\u00e9 zpracov\u00e1v\u00e1me<\/strong><\/p>\n\n\n\n<p>M\u00e1te pr\u00e1vo po\u017eadovat p\u0159\u00edstup k uchov\u00e1van\u00fdm osobn\u00edm \u00fadaj\u016fm, jejich opravu nebo v\u00fdmaz nebo omezen\u00ed zpracov\u00e1n\u00ed, kter\u00e9 se v\u00e1s t\u00fdk\u00e1, nebo vzn\u00e9st n\u00e1mitku proti zpracov\u00e1n\u00ed, jako\u017e i pr\u00e1vo na p\u0159enositelnost \u00fadaj\u016f.<\/p>\n\n\n\n<p>M\u00e1te pr\u00e1vo kdykoli odvolat sv\u016fj souhlas, a to jednodu\u0161e t\u00edm, \u017ee:<\/p>\n\n\n\n<p>zasl\u00e1n\u00edm e-mailu na <a href=\"mailto:blum@regiovision-sn.de\">blum@regiovision-sn.de<\/a> s n\u00e1zvem \"ODVOLAT SOUHLAS\".<\/p>\n\n\n\n<p>Z\u00e1konnost zpracov\u00e1n\u00ed \u00fadaj\u016f proveden\u00e9ho p\u0159ed odvol\u00e1n\u00edm z\u016fst\u00e1v\u00e1 odvol\u00e1n\u00edm nedot\u010dena.<\/p>\n\n\n\n<p>M\u00e1te pr\u00e1vo podat st\u00ed\u017enost u dozorov\u00e9ho \u00fa\u0159adu.<\/p>\n\n\n\n<p>Odpov\u011bdn\u00fdm dozorov\u00fdm \u00fa\u0159adem pro ot\u00e1zky ochrany \u00fadaj\u016f je St\u00e1tn\u00ed inspektor\u00e1t pro ochranu osobn\u00edch \u00fadaj\u016f Meklenbursko-P\u0159edn\u00ed Pomo\u0159ansko, na kter\u00fd se m\u016f\u017eete obr\u00e1tit na n\u00e1sleduj\u00edc\u00edm odkazu: https:\/\/www.datenschutz-mv.de<\/p>\n\n\n\n<p>Dal\u0161\u00ed kontaktn\u00ed informace:<\/p>\n\n\n\n<p>Adresa: \nDer Landesbeauftragte f\u00fcr Datenschutz und Informationsfreiheit\nSchloss Schwerin\nLenn\u00e9stra\u00dfe 1\n19053 Schwerin<\/p>\n\n\n\n<p>Telefon: +49 385 594940<\/p>\n\n\n\n<p>E-mail: info@datenschutz-mv.de<\/p>\n\n\n\n<p><\/p>\n\n\n\n<p><strong>Jak m\u016f\u017eete uplatnit sv\u00e1 pr\u00e1va t\u00fdkaj\u00edc\u00ed se va\u0161ich osobn\u00edch \u00fadaj\u016f, kter\u00e9 zpracov\u00e1v\u00e1me<\/strong><\/p>\n\n\n\n<p>M\u016f\u017eete n\u00e1s kdykoli kontaktovat:<\/p>\n\n\n\n<p>po\u0161tou na po\u0161tovn\u00ed adresu koordin\u00e1tora projektu:<\/p>\n\n\n\n<p>RegioVision GmbH Am Margaretenhof 28 ,19057 Schwerin, N\u011bmecko, k ruk\u00e1m pana Thomase Bluma<\/p>\n\n\n\n<p>e-mailem projektov\u00e9mu mana\u017eerovi Thomasi Blumovi, na adrese <a href=\"mailto:blum@regiovision-sn.de\">blum@regiovision-sn.de<\/a><\/p>\n\n\n\n<p><\/p>\n\n\n\n<p><strong>Dal\u0161\u00ed informace<\/strong><\/p>\n\n\n\n<p>Pokud poskytujeme odkazy na webov\u00e9 str\u00e1nky jin\u00fdch organizac\u00ed, toto ozn\u00e1men\u00ed o ochran\u011b osobn\u00edch \u00fadaj\u016f se nevztahuje na to, jak tato organizace zpracov\u00e1v\u00e1 osobn\u00ed \u00fadaje. Doporu\u010dujeme v\u00e1m, abyste si p\u0159e\u010detli ozn\u00e1men\u00ed o ochran\u011b osobn\u00edch \u00fadaj\u016f na ostatn\u00edch webov\u00fdch str\u00e1nk\u00e1ch, kter\u00e9 nav\u0161t\u011bvujete.<\/p>\n\n\n\n<p>Na\u0161e z\u00e1sady ochrany osobn\u00edch \u00fadaj\u016f pravideln\u011b kontrolujeme, abychom se ujistili, \u017ee jsou aktu\u00e1ln\u00ed a p\u0159esn\u00e9.<\/p>\n\n\n\n<p>\u010cerven 2023<\/p>","protected":false},"excerpt":{"rendered":"<p>The following information provides a simple overview<\/p>","protected":false},"author":3,"featured_media":0,"parent":0,"menu_order":0,"comment_status":"closed","ping_status":"closed","template":"page.php","meta":{"footnotes":""},"class_list":["post-303","page","type-page","status-publish","hentry"],"_links":{"self":[{"href":"https:\/\/ready4crisis.eu\/cs\/wp-json\/wp\/v2\/pages\/303","targetHints":{"allow":["GET"]}}],"collection":[{"href":"https:\/\/ready4crisis.eu\/cs\/wp-json\/wp\/v2\/pages"}],"about":[{"href":"https:\/\/ready4crisis.eu\/cs\/wp-json\/wp\/v2\/types\/page"}],"author":[{"embeddable":true,"href":"https:\/\/ready4crisis.eu\/cs\/wp-json\/wp\/v2\/users\/3"}],"replies":[{"embeddable":true,"href":"https:\/\/ready4crisis.eu\/cs\/wp-json\/wp\/v2\/comments?post=303"}],"version-history":[{"count":0,"href":"https:\/\/ready4crisis.eu\/cs\/wp-json\/wp\/v2\/pages\/303\/revisions"}],"wp:attachment":[{"href":"https:\/\/ready4crisis.eu\/cs\/wp-json\/wp\/v2\/media?parent=303"}],"curies":[{"name":"wp","href":"https:\/\/api.w.org\/{rel}","templated":true}]}}