{"id":252,"date":"2023-06-19T15:17:40","date_gmt":"2023-06-19T13:17:40","guid":{"rendered":"https:\/\/ready4crisis.eu\/?page_id=252"},"modified":"2023-09-05T16:06:33","modified_gmt":"2023-09-05T14:06:33","slug":"learning-enviroment","status":"publish","type":"page","link":"https:\/\/ready4crisis.eu\/cs\/learning-enviroment\/","title":{"rendered":"Learning Enviroment"},"content":{"rendered":"<div class=\"wp-block-columns is-layout-flex wp-container-core-columns-is-layout-9d6595d7 wp-block-columns-is-layout-flex\">\n<div class=\"wp-block-column is-layout-flow wp-block-column-is-layout-flow\">\n<figure class=\"wp-block-image size-large\"><a href=\"http:\/\/ready4crisis.eu\/wp-content\/uploads\/2023\/06\/pexels-benjamin-farren-11767301.jpg\"><img fetchpriority=\"high\" decoding=\"async\" width=\"683\" height=\"1024\" src=\"https:\/\/ready4crisis.eu\/wp-content\/uploads\/2023\/06\/pexels-benjamin-farren-11767301-683x1024.jpg\" alt=\"pexels benjamin farren 11767301\" class=\"wp-image-183\" srcset=\"https:\/\/ready4crisis.eu\/wp-content\/uploads\/2023\/06\/pexels-benjamin-farren-11767301-683x1024.jpg 683w, https:\/\/ready4crisis.eu\/wp-content\/uploads\/2023\/06\/pexels-benjamin-farren-11767301-200x300.jpg 200w, https:\/\/ready4crisis.eu\/wp-content\/uploads\/2023\/06\/pexels-benjamin-farren-11767301-768x1151.jpg 768w, https:\/\/ready4crisis.eu\/wp-content\/uploads\/2023\/06\/pexels-benjamin-farren-11767301.jpg 800w\" sizes=\"(max-width: 683px) 100vw, 683px\" \/><\/a><\/figure>\n<\/div>\n\n\n\n<div class=\"wp-block-column is-layout-flow wp-block-column-is-layout-flow\">\n<p>Webov\u00e1 platforma pro spolupr\u00e1ci je komplexn\u00ed a inovativn\u00ed n\u00e1stroj, kter\u00fd usnad\u0148uje sd\u00edlen\u00ed vzd\u011bl\u00e1vac\u00edch zdroj\u016f mezi u\u010diteli odborn\u00fdch \u0161kol, \u0161koliteli a pedagogy specializuj\u00edc\u00edmi se na studijn\u00ed programy v oblasti po\u017e\u00e1rn\u00ed ochrany, po\u017e\u00e1rn\u00ed bezpe\u010dnosti, krizov\u00e9ho \u0159\u00edzen\u00ed a \u0159\u00edzen\u00ed mimo\u0159\u00e1dn\u00fdch ud\u00e1lost\u00ed. Tato platforma poskytuje jedine\u010dnou p\u0159\u00edle\u017eitost spolupracovat s dal\u0161\u00edmi odborn\u00edky, roz\u0161i\u0159ovat st\u00e1vaj\u00edc\u00ed vzd\u011bl\u00e1vac\u00ed materi\u00e1ly a p\u0159isp\u00edvat k v\u00fdvoji nov\u00fdch zdroj\u016f, kter\u00e9 budou p\u0159\u00ednosem pro studenty v oblasti krizov\u00e9ho \u0159\u00edzen\u00ed a po\u017e\u00e1rn\u00ed ochrany. <\/p>\n\n\n\n<p><br><br><\/p>\n\n\n\n<p><div style=\"height: 0\"><\/div><\/p>\n<\/div>\n<\/div>\n\n\n\n<p><\/p>\n\n\n\n<p><\/p>","protected":false},"excerpt":{"rendered":"<p>The web-based Collaborative Platform is a comprehensive<\/p>","protected":false},"author":3,"featured_media":0,"parent":0,"menu_order":0,"comment_status":"closed","ping_status":"closed","template":"","meta":{"footnotes":""},"class_list":["post-252","page","type-page","status-publish","hentry"],"_links":{"self":[{"href":"https:\/\/ready4crisis.eu\/cs\/wp-json\/wp\/v2\/pages\/252","targetHints":{"allow":["GET"]}}],"collection":[{"href":"https:\/\/ready4crisis.eu\/cs\/wp-json\/wp\/v2\/pages"}],"about":[{"href":"https:\/\/ready4crisis.eu\/cs\/wp-json\/wp\/v2\/types\/page"}],"author":[{"embeddable":true,"href":"https:\/\/ready4crisis.eu\/cs\/wp-json\/wp\/v2\/users\/3"}],"replies":[{"embeddable":true,"href":"https:\/\/ready4crisis.eu\/cs\/wp-json\/wp\/v2\/comments?post=252"}],"version-history":[{"count":0,"href":"https:\/\/ready4crisis.eu\/cs\/wp-json\/wp\/v2\/pages\/252\/revisions"}],"wp:attachment":[{"href":"https:\/\/ready4crisis.eu\/cs\/wp-json\/wp\/v2\/media?parent=252"}],"curies":[{"name":"wp","href":"https:\/\/api.w.org\/{rel}","templated":true}]}}