{"id":234,"date":"2023-06-19T14:26:32","date_gmt":"2023-06-19T12:26:32","guid":{"rendered":"https:\/\/ready4crisis.eu\/?page_id=234"},"modified":"2023-09-05T16:06:53","modified_gmt":"2023-09-05T14:06:53","slug":"objectives","status":"publish","type":"page","link":"https:\/\/ready4crisis.eu\/cs\/objectives\/","title":{"rendered":"C\u00edle"},"content":{"rendered":"<div class=\"wp-block-columns is-layout-flex wp-container-core-columns-is-layout-9d6595d7 wp-block-columns-is-layout-flex\">\n<div class=\"wp-block-column is-layout-flow wp-block-column-is-layout-flow\">\n<figure class=\"wp-block-image size-large\"><a href=\"http:\/\/ready4crisis.eu\/wp-content\/uploads\/2023\/06\/firefighters-gefb0fe56e_1920.jpg\"><img fetchpriority=\"high\" decoding=\"async\" width=\"1024\" height=\"698\" src=\"http:\/\/ready4crisis.eu\/wp-content\/uploads\/2023\/06\/firefighters-gefb0fe56e_1920-1024x698.jpg\" alt=\"firefighters gefb0fe56e 1920\" class=\"wp-image-194\" srcset=\"https:\/\/ready4crisis.eu\/wp-content\/uploads\/2023\/06\/firefighters-gefb0fe56e_1920-1024x698.jpg 1024w, https:\/\/ready4crisis.eu\/wp-content\/uploads\/2023\/06\/firefighters-gefb0fe56e_1920-300x205.jpg 300w, https:\/\/ready4crisis.eu\/wp-content\/uploads\/2023\/06\/firefighters-gefb0fe56e_1920-768x524.jpg 768w, https:\/\/ready4crisis.eu\/wp-content\/uploads\/2023\/06\/firefighters-gefb0fe56e_1920-200x136.jpg 200w, https:\/\/ready4crisis.eu\/wp-content\/uploads\/2023\/06\/firefighters-gefb0fe56e_1920.jpg 1200w\" sizes=\"(max-width: 1024px) 100vw, 1024px\" \/><\/a><\/figure>\n<\/div>\n\n\n\n<div class=\"wp-block-column is-layout-flow wp-block-column-is-layout-flow\">\n<p>Hlavn\u00edm c\u00edlem tohoto projektu je vytvo\u0159it studijn\u00ed materi\u00e1ly, kter\u00e9 budou inovativn\u00ed, velmi podrobn\u00e9 a komplexn\u011b pokr\u00fdvat problematiku monitorov\u00e1n\u00ed a krizov\u00e9ho \u0159\u00edzen\u00ed v r\u00e1mci studijn\u00edch program\u016f budouc\u00edch odborn\u00edk\u016f, kte\u0159\u00ed budou pracovat v integrovan\u00e9m z\u00e1chrann\u00e9m syst\u00e9mu. C\u00edlem projektu je poskytnout \u0161irokou \u0161k\u00e1lu dal\u0161\u00edch zdroj\u016f pro p\u0159edm\u011btn\u00e9 studijn\u00ed materi\u00e1ly, v\u010detn\u011b praktick\u00fdch p\u0159\u00edklad\u016f, p\u0159\u00edpadov\u00fdch studi\u00ed a sc\u00e9n\u00e1\u0159\u016f z re\u00e1ln\u00e9ho sv\u011bta, kter\u00e9 student\u016fm umo\u017en\u00ed smyslupln\u011bj\u0161\u00ed zapojen\u00ed do l\u00e1tky. Krom\u011b toho se projekt sna\u017e\u00ed poskytnout aktu\u00e1ln\u00ed studijn\u00ed obsah odpov\u00eddaj\u00edc\u00ed sou\u010dasn\u00fdm v\u00fdzv\u00e1m, kter\u00fdm \u010del\u00ed integrovan\u00fd z\u00e1chrann\u00fd syst\u00e9m a odborn\u00edci, kte\u0159\u00ed v n\u011bm pracuj\u00ed. <\/p>\n\n\n\n<p>Aby byly studijn\u00ed materi\u00e1ly p\u0159\u00edstupn\u00e9 student\u016fm i v digit\u00e1ln\u00edm v\u011bku, je c\u00edlem projektu zajistit odpov\u00eddaj\u00edc\u00ed form\u00e1t vyu\u017e\u00edvaj\u00edc\u00ed nejnov\u011bj\u0161\u00ed digit\u00e1ln\u00ed technologie a n\u00e1stroje. To bude zahrnovat interaktivn\u00ed prvky, jako jsou kv\u00edzy, simulace a videa, kter\u00e9 podporuj\u00ed aktivn\u00ed u\u010den\u00ed a pom\u00e1haj\u00ed student\u016fm udr\u017eet si z\u00edskan\u00e9 znalosti. Krom\u011b toho projekt poskytne teoretick\u00e9 a praktick\u00e9 rozd\u011blen\u00ed dostupn\u00fdch v\u00fdukov\u00fdch materi\u00e1l\u016f, aby student\u016fm poskytl komplexn\u011bj\u0161\u00ed a poutav\u011bj\u0161\u00ed v\u00fduku. Teoretick\u00e1 slo\u017eka poskytne solidn\u00ed z\u00e1klady znalost\u00ed a pochopen\u00ed koncept\u016f a z\u00e1sad monitorov\u00e1n\u00ed a krizov\u00e9ho \u0159\u00edzen\u00ed, zat\u00edmco praktick\u00e1 slo\u017eka nab\u00eddne praktick\u00fd v\u00fdcvik a zku\u0161enosti, kter\u00e9 student\u016fm umo\u017en\u00ed aplikovat jejich znalosti v re\u00e1ln\u00fdch situac\u00edch.<\/p>\n<\/div>\n<\/div>\n\n\n\n<p> Z\u00e1v\u011brem lze \u0159\u00edci, \u017ee c\u00edlem projektu je vybavit budouc\u00ed odborn\u00edky pot\u0159ebn\u00fdmi znalostmi a dovednostmi, aby mohli sebev\u011bdom\u011b a kvalifikovan\u011b zvl\u00e1dat krizov\u00e9 situace a mimo\u0159\u00e1dn\u00e9 ud\u00e1losti, a to t\u00edm, \u017ee jim budou poskytnuty inovativn\u00ed, podrobn\u00e9 a komplexn\u00ed studijn\u00ed materi\u00e1ly ve form\u00e1tu vhodn\u00e9m pro digit\u00e1ln\u00ed \u00e9ru. <\/p>\n\n\n\n<p>Souhrnn\u011b lze \u0159\u00edci, \u017ee projekt m\u00e1 tyto c\u00edle: <\/p>\n\n\n\n<p>- Nab\u00eddka dopl\u0148kov\u00fdch zdroj\u016f studijn\u00edch materi\u00e1l\u016f k p\u0159edm\u011bt\u016fm. <\/p>\n\n\n\n<p>- Poskytov\u00e1n\u00ed aktu\u00e1ln\u00edho vzd\u011bl\u00e1vac\u00edho obsahu. <\/p>\n\n\n\n<p>- Prezentovat studijn\u00ed materi\u00e1ly ve form\u00e1tu vhodn\u00e9m pro digit\u00e1ln\u00ed sv\u011bt. <\/p>\n\n\n\n<p>- Rozd\u011blte dostupn\u00e9 v\u00fdukov\u00e9 materi\u00e1ly na teoretickou a praktickou \u010d\u00e1st. <\/p>\n\n\n\n<p><\/p>\n\n\n\n<p><\/p>","protected":false},"excerpt":{"rendered":"<p>The central focus of this project is<\/p>","protected":false},"author":3,"featured_media":0,"parent":0,"menu_order":0,"comment_status":"closed","ping_status":"closed","template":"","meta":{"footnotes":""},"class_list":["post-234","page","type-page","status-publish","hentry"],"_links":{"self":[{"href":"https:\/\/ready4crisis.eu\/cs\/wp-json\/wp\/v2\/pages\/234","targetHints":{"allow":["GET"]}}],"collection":[{"href":"https:\/\/ready4crisis.eu\/cs\/wp-json\/wp\/v2\/pages"}],"about":[{"href":"https:\/\/ready4crisis.eu\/cs\/wp-json\/wp\/v2\/types\/page"}],"author":[{"embeddable":true,"href":"https:\/\/ready4crisis.eu\/cs\/wp-json\/wp\/v2\/users\/3"}],"replies":[{"embeddable":true,"href":"https:\/\/ready4crisis.eu\/cs\/wp-json\/wp\/v2\/comments?post=234"}],"version-history":[{"count":0,"href":"https:\/\/ready4crisis.eu\/cs\/wp-json\/wp\/v2\/pages\/234\/revisions"}],"wp:attachment":[{"href":"https:\/\/ready4crisis.eu\/cs\/wp-json\/wp\/v2\/media?parent=234"}],"curies":[{"name":"wp","href":"https:\/\/api.w.org\/{rel}","templated":true}]}}