{"id":182,"date":"2023-06-19T13:21:58","date_gmt":"2023-06-19T11:21:58","guid":{"rendered":"https:\/\/ready4crisis.eu\/?page_id=182"},"modified":"2025-11-07T17:05:18","modified_gmt":"2025-11-07T16:05:18","slug":"about-us","status":"publish","type":"page","link":"https:\/\/ready4crisis.eu\/cs\/about-us\/","title":{"rendered":"O n\u00e1s"},"content":{"rendered":"<div class=\"wp-block-columns is-layout-flex wp-container-core-columns-is-layout-9d6595d7 wp-block-columns-is-layout-flex\">\n<div class=\"wp-block-column is-layout-flow wp-block-column-is-layout-flow\">\n<p><strong>Kdo jsme?<\/strong><\/p>\n\n\n\n<p>Jsme t\u00fdm u\u010ditel\u016f a pedagog\u016f z Polska, \u010cesk\u00e9 republiky, N\u011bmecka, It\u00e1lie a \u0158ecka, kte\u0159\u00ed se zab\u00fdvaj\u00ed krizov\u00fdm \u0159\u00edzen\u00edm a jednotkami rychl\u00e9 reakce. Spole\u010dn\u011b realizujeme projekt Ready4Crisis na podporu u\u010ditel\u016f, pedagog\u016f a budouc\u00edch profesion\u00e1l\u016f v oblastech ha\u0161en\u00ed po\u017e\u00e1r\u016f, krizov\u00e9ho \u0159\u00edzen\u00ed a z\u00e1chrann\u00fdch slu\u017eeb.<\/p>\n\n\n\n<p><strong>Co d\u011bl\u00e1me?<\/strong><\/p>\n\n\n\n<p>S vyu\u017eit\u00edm nejnov\u011bj\u0161\u00edch v\u00fdzkum\u016f, poznatk\u016f a pracovn\u00edch technik v v\u00fd\u0161e uveden\u00fdch oblastech vytv\u00e1\u0159\u00edme modern\u00ed a poutav\u00e9 v\u00fdukov\u00e9 pom\u016fcky pro u\u010ditele a sna\u017e\u00edme se zlep\u0161ovat kvalitu v\u00fdcviku z\u00e1chran\u00e1\u0159\u016f a hasi\u010d\u016f, co\u017e v kone\u010dn\u00e9m d\u016fsledku vede k efektivn\u011bj\u0161\u00ed a \u00fa\u010dinn\u011bj\u0161\u00ed reakci v krizov\u00fdch situac\u00edch.<\/p>\n\n\n\n<p><strong>Pro koho pracujeme?<\/strong><\/p>\n\n\n\n<p>Tato webov\u00e1 str\u00e1nka byla vytvo\u0159ena pro u\u010ditele a pedagogy, kte\u0159\u00ed pracuj\u00ed s mlad\u00fdmi lidmi p\u0159ipravuj\u00edc\u00edmi se na kari\u00e9ru v integrovan\u00e9m z\u00e1chrann\u00e9m syst\u00e9mu.<\/p>\n\n\n\n<p><strong>Pro\u010d?<\/strong><\/p>\n\n\n\n<p>Na\u0161\u00edm c\u00edlem je zlep\u0161it programy a materi\u00e1ly odborn\u00e9ho vzd\u011bl\u00e1v\u00e1n\u00ed a p\u0159\u00edpravy (OVP) podporuj\u00edc\u00ed vzd\u011bl\u00e1v\u00e1n\u00ed v oblasti po\u017e\u00e1rn\u00ed bezpe\u010dnosti, z\u00e1chrany a krizov\u00e9ho \u0159\u00edzen\u00ed. Podporujeme rozvoj dovednost\u00ed a postoj\u016f budouc\u00edch pracovn\u00edk\u016f integrovan\u00fdch z\u00e1chrann\u00fdch slu\u017eeb, aby pos\u00edlili sv\u00e9 dovednosti a postoje p\u0159i reagov\u00e1n\u00ed na vznikaj\u00edc\u00ed krize a p\u0159\u00edrodn\u00ed katastrofy a p\u0159i z\u00e1chran\u011b \u017eivot\u016f ostatn\u00edch.<\/p>\n\n\n\n<p><em>Projekt \u201eReady4crisis \u2013 Inovace monitoringu a krizov\u00e9ho \u0159\u00edzen\u00ed ve studijn\u00edch programech odborn\u00e9ho vzd\u011bl\u00e1v\u00e1n\u00ed pro integrovan\u00fd z\u00e1chrann\u00fd syst\u00e9m\u201c je ambici\u00f3zn\u00ed a jedine\u010dn\u00e1 t\u0159\u00edlet\u00e1 iniciativa spolufinancovan\u00e1 Evropskou uni\u00ed. Kl\u00ed\u010dov\u00fdm prvkem tohoto projektu je strategick\u00e9 partnerstv\u00ed Erasmus+ KA2, KA220-VET \u2013 Partnerstv\u00ed pro spolupr\u00e1ci v oblasti odborn\u00e9ho vzd\u011bl\u00e1v\u00e1n\u00ed a p\u0159\u00edpravy. \u010c\u00edslo projektov\u00e9 smlouvy je 2022-1-DE02-KA220-VET-000089097.<\/em><\/p>\n<\/div>\n<\/div>\n\n\n\n<p><\/p>","protected":false},"excerpt":{"rendered":"<p>Who are we? We are a team<\/p>","protected":false},"author":3,"featured_media":0,"parent":0,"menu_order":0,"comment_status":"closed","ping_status":"closed","template":"","meta":{"footnotes":""},"class_list":["post-182","page","type-page","status-publish","hentry"],"_links":{"self":[{"href":"https:\/\/ready4crisis.eu\/cs\/wp-json\/wp\/v2\/pages\/182","targetHints":{"allow":["GET"]}}],"collection":[{"href":"https:\/\/ready4crisis.eu\/cs\/wp-json\/wp\/v2\/pages"}],"about":[{"href":"https:\/\/ready4crisis.eu\/cs\/wp-json\/wp\/v2\/types\/page"}],"author":[{"embeddable":true,"href":"https:\/\/ready4crisis.eu\/cs\/wp-json\/wp\/v2\/users\/3"}],"replies":[{"embeddable":true,"href":"https:\/\/ready4crisis.eu\/cs\/wp-json\/wp\/v2\/comments?post=182"}],"version-history":[{"count":2,"href":"https:\/\/ready4crisis.eu\/cs\/wp-json\/wp\/v2\/pages\/182\/revisions"}],"predecessor-version":[{"id":2023,"href":"https:\/\/ready4crisis.eu\/cs\/wp-json\/wp\/v2\/pages\/182\/revisions\/2023"}],"wp:attachment":[{"href":"https:\/\/ready4crisis.eu\/cs\/wp-json\/wp\/v2\/media?parent=182"}],"curies":[{"name":"wp","href":"https:\/\/api.w.org\/{rel}","templated":true}]}}