{"id":169,"date":"2023-06-19T12:31:44","date_gmt":"2023-06-19T10:31:44","guid":{"rendered":"https:\/\/ready4crisis.eu\/?page_id=169"},"modified":"2025-10-10T16:31:38","modified_gmt":"2025-10-10T14:31:38","slug":"home","status":"publish","type":"page","link":"https:\/\/ready4crisis.eu\/cs\/","title":{"rendered":"Domovsk\u00e1 str\u00e1nka"},"content":{"rendered":"<div data-elementor-type=\"wp-page\" data-elementor-id=\"169\" class=\"elementor elementor-169\">\n\t\t\t\t\t\t<section class=\"elementor-section elementor-top-section elementor-element elementor-element-fb5093a elementor-section-content-middle elementor-section-stretched elementor-section-boxed elementor-section-height-default elementor-section-height-default\" data-id=\"fb5093a\" data-element_type=\"section\" data-e-type=\"section\" data-settings=\"{&quot;stretch_section&quot;:&quot;section-stretched&quot;}\">\n\t\t\t\t\t\t\t<div class=\"elementor-background-overlay\"><\/div>\n\t\t\t\t\t\t\t<div class=\"elementor-container elementor-column-gap-extended\">\n\t\t\t\t\t<div class=\"elementor-column elementor-col-50 elementor-top-column elementor-element elementor-element-2ef1b50\" data-id=\"2ef1b50\" data-element_type=\"column\" data-e-type=\"column\">\n\t\t\t<div class=\"elementor-widget-wrap elementor-element-populated\">\n\t\t\t\t\t\t<div class=\"elementor-element elementor-element-beacf9e elementor-widget elementor-widget-image\" data-id=\"beacf9e\" data-element_type=\"widget\" data-e-type=\"widget\" data-widget_type=\"image.default\">\n\t\t\t\t<div class=\"elementor-widget-container\">\n\t\t\t\t\t\t\t\t\t\t\t\t\t\t\t<img fetchpriority=\"high\" decoding=\"async\" width=\"1024\" height=\"698\" src=\"https:\/\/ready4crisis.eu\/wp-content\/uploads\/2023\/06\/firefighters-gefb0fe56e_1920-1024x698.jpg\" class=\"attachment-large size-large wp-image-194\" alt=\"firefighters gefb0fe56e 1920\" srcset=\"https:\/\/ready4crisis.eu\/wp-content\/uploads\/2023\/06\/firefighters-gefb0fe56e_1920-1024x698.jpg 1024w, https:\/\/ready4crisis.eu\/wp-content\/uploads\/2023\/06\/firefighters-gefb0fe56e_1920-300x205.jpg 300w, https:\/\/ready4crisis.eu\/wp-content\/uploads\/2023\/06\/firefighters-gefb0fe56e_1920-768x524.jpg 768w, https:\/\/ready4crisis.eu\/wp-content\/uploads\/2023\/06\/firefighters-gefb0fe56e_1920-200x136.jpg 200w, https:\/\/ready4crisis.eu\/wp-content\/uploads\/2023\/06\/firefighters-gefb0fe56e_1920.jpg 1200w\" sizes=\"(max-width: 1024px) 100vw, 1024px\" \/>\t\t\t\t\t\t\t\t\t\t\t\t\t\t\t<\/div>\n\t\t\t\t<\/div>\n\t\t\t\t\t<\/div>\n\t\t<\/div>\n\t\t\t\t<div class=\"elementor-column elementor-col-50 elementor-top-column elementor-element elementor-element-07cf018\" data-id=\"07cf018\" data-element_type=\"column\" data-e-type=\"column\">\n\t\t\t<div class=\"elementor-widget-wrap elementor-element-populated\">\n\t\t\t\t\t\t<div class=\"elementor-element elementor-element-6456dc4 elementor-widget elementor-widget-heading\" data-id=\"6456dc4\" data-element_type=\"widget\" data-e-type=\"widget\" data-widget_type=\"heading.default\">\n\t\t\t\t<div class=\"elementor-widget-container\">\n\t\t\t\t\t<h2 class=\"elementor-heading-title elementor-size-default\">O n\u00e1s<\/h2>\t\t\t\t<\/div>\n\t\t\t\t<\/div>\n\t\t\t\t<div class=\"elementor-element elementor-element-f3211aa elementor-widget elementor-widget-text-editor\" data-id=\"f3211aa\" data-element_type=\"widget\" data-e-type=\"widget\" data-widget_type=\"text-editor.default\">\n\t\t\t\t<div class=\"elementor-widget-container\">\n\t\t\t\t\t\t\t\t\t<p>C\u00edlem projektu Ready4crisis je zlep\u0161it studijn\u00ed programy odborn\u00e9ho vzd\u011bl\u00e1v\u00e1n\u00ed a p\u0159\u00edpravy v oblasti po\u017e\u00e1rn\u00ed bezpe\u010dnosti a krizov\u00e9ho \u0159\u00edzen\u00ed. Tyto studijn\u00ed programy jsou vz\u00e1cn\u00e9, ale nezbytn\u00e9 pro budouc\u00ed generace pracovn\u00edk\u016f z\u00e1chrann\u00fdch slu\u017eeb, jako jsou hasi\u010di, z\u00e1chrann\u00e9 jednotky, zdravotn\u00edci, krizov\u00ed mana\u017ee\u0159i, p\u0159\u00edslu\u0161n\u00edci obrann\u00fdch slo\u017eek a dal\u0161\u00ed. C\u00edlem tohoto projektu je zlep\u0161it dovednosti, p\u0159ipravenost a odolnost person\u00e1lu, aby mohl l\u00e9pe reagovat na vznikaj\u00edc\u00ed krize a p\u0159\u00edrodn\u00ed nebezpe\u010d\u00ed a zachra\u0148ovat \u017eivoty.<\/p>\t\t\t\t\t\t\t\t<\/div>\n\t\t\t\t<\/div>\n\t\t\t\t<div class=\"elementor-element elementor-element-398f0e1 elementor-widget elementor-widget-button\" data-id=\"398f0e1\" data-element_type=\"widget\" data-e-type=\"widget\" data-widget_type=\"button.default\">\n\t\t\t\t<div class=\"elementor-widget-container\">\n\t\t\t\t\t\t\t\t\t<div class=\"elementor-button-wrapper\">\n\t\t\t\t\t<a class=\"elementor-button elementor-button-link elementor-size-sm\" href=\"https:\/\/ready4crisis.eu\/cs\/about-us\/\">\n\t\t\t\t\t\t<span class=\"elementor-button-content-wrapper\">\n\t\t\t\t\t\t\t\t\t<span class=\"elementor-button-text\">P\u0159e\u010dt\u011bte si v\u00edce<\/span>\n\t\t\t\t\t<\/span>\n\t\t\t\t\t<\/a>\n\t\t\t\t<\/div>\n\t\t\t\t\t\t\t\t<\/div>\n\t\t\t\t<\/div>\n\t\t\t\t\t<\/div>\n\t\t<\/div>\n\t\t\t\t\t<\/div>\n\t\t<\/section>\n\t\t\t\t<section class=\"elementor-section elementor-top-section elementor-element elementor-element-e36cbe5 elementor-section-boxed elementor-section-height-default elementor-section-height-default\" data-id=\"e36cbe5\" data-element_type=\"section\" data-e-type=\"section\">\n\t\t\t\t\t\t<div class=\"elementor-container elementor-column-gap-default\">\n\t\t\t\t\t<div class=\"elementor-column elementor-col-25 elementor-top-column elementor-element elementor-element-dca430f\" data-id=\"dca430f\" data-element_type=\"column\" data-e-type=\"column\">\n\t\t\t<div class=\"elementor-widget-wrap elementor-element-populated\">\n\t\t\t\t\t\t<div class=\"elementor-element elementor-element-af1baad elementor-widget elementor-widget-image\" data-id=\"af1baad\" data-element_type=\"widget\" data-e-type=\"widget\" data-widget_type=\"image.default\">\n\t\t\t\t<div class=\"elementor-widget-container\">\n\t\t\t\t\t\t\t\t\t\t\t\t\t\t\t\t<a href=\"https:\/\/www.regiovision-schwerin.de\/en\/%20\" target=\"_blank\">\n\t\t\t\t\t\t\t<img decoding=\"async\" width=\"250\" height=\"150\" src=\"https:\/\/ready4crisis.eu\/wp-content\/uploads\/2023\/06\/p3.png\" class=\"attachment-large size-large wp-image-220\" alt=\"p3\" srcset=\"https:\/\/ready4crisis.eu\/wp-content\/uploads\/2023\/06\/p3.png 250w, https:\/\/ready4crisis.eu\/wp-content\/uploads\/2023\/06\/p3-200x120.png 200w\" sizes=\"(max-width: 250px) 100vw, 250px\" \/>\t\t\t\t\t\t\t\t<\/a>\n\t\t\t\t\t\t\t\t\t\t\t\t\t\t\t<\/div>\n\t\t\t\t<\/div>\n\t\t\t\t\t<\/div>\n\t\t<\/div>\n\t\t\t\t<div class=\"elementor-column elementor-col-25 elementor-top-column elementor-element elementor-element-5ed90d2\" data-id=\"5ed90d2\" data-element_type=\"column\" data-e-type=\"column\">\n\t\t\t<div class=\"elementor-widget-wrap elementor-element-populated\">\n\t\t\t\t\t\t<div class=\"elementor-element elementor-element-8e91d24 elementor-widget elementor-widget-image\" data-id=\"8e91d24\" data-element_type=\"widget\" data-e-type=\"widget\" data-widget_type=\"image.default\">\n\t\t\t\t<div class=\"elementor-widget-container\">\n\t\t\t\t\t\t\t\t\t\t\t\t\t\t\t\t<a href=\"https:\/\/www.linkedin.com\/company\/sial-s-a-s-sicurezza-e-lavoro\/?originalSubdomain=it\" target=\"_blank\">\n\t\t\t\t\t\t\t<img decoding=\"async\" width=\"150\" height=\"150\" src=\"https:\/\/ready4crisis.eu\/wp-content\/uploads\/2025\/06\/SIAL-logo-150x150.jpg\" class=\"attachment-thumbnail size-thumbnail wp-image-1812\" alt=\"SIAL logo\" srcset=\"https:\/\/ready4crisis.eu\/wp-content\/uploads\/2025\/06\/SIAL-logo-150x150.jpg 150w, https:\/\/ready4crisis.eu\/wp-content\/uploads\/2025\/06\/SIAL-logo-11x12.jpg 11w\" sizes=\"(max-width: 150px) 100vw, 150px\" \/>\t\t\t\t\t\t\t\t<\/a>\n\t\t\t\t\t\t\t\t\t\t\t\t\t\t\t<\/div>\n\t\t\t\t<\/div>\n\t\t\t\t\t<\/div>\n\t\t<\/div>\n\t\t\t\t<div class=\"elementor-column elementor-col-25 elementor-top-column elementor-element elementor-element-c02273b\" data-id=\"c02273b\" data-element_type=\"column\" data-e-type=\"column\">\n\t\t\t<div class=\"elementor-widget-wrap elementor-element-populated\">\n\t\t\t\t\t\t<div class=\"elementor-element elementor-element-c8a5b0f elementor-widget elementor-widget-image\" data-id=\"c8a5b0f\" data-element_type=\"widget\" data-e-type=\"widget\" data-widget_type=\"image.default\">\n\t\t\t\t<div class=\"elementor-widget-container\">\n\t\t\t\t\t\t\t\t\t\t\t\t\t\t\t\t<a href=\"https:\/\/www.i2000.cz\/%20\" target=\"_blank\">\n\t\t\t\t\t\t\t<img loading=\"lazy\" decoding=\"async\" width=\"250\" height=\"150\" src=\"https:\/\/ready4crisis.eu\/wp-content\/uploads\/2023\/06\/p1.png\" class=\"attachment-large size-large wp-image-222\" alt=\"p1\" srcset=\"https:\/\/ready4crisis.eu\/wp-content\/uploads\/2023\/06\/p1.png 250w, https:\/\/ready4crisis.eu\/wp-content\/uploads\/2023\/06\/p1-200x120.png 200w\" sizes=\"(max-width: 250px) 100vw, 250px\" \/>\t\t\t\t\t\t\t\t<\/a>\n\t\t\t\t\t\t\t\t\t\t\t\t\t\t\t<\/div>\n\t\t\t\t<\/div>\n\t\t\t\t\t<\/div>\n\t\t<\/div>\n\t\t\t\t<div class=\"elementor-column elementor-col-25 elementor-top-column elementor-element elementor-element-bf8a11f\" data-id=\"bf8a11f\" data-element_type=\"column\" data-e-type=\"column\">\n\t\t\t<div class=\"elementor-widget-wrap elementor-element-populated\">\n\t\t\t\t\t\t<div class=\"elementor-element elementor-element-d067051 elementor-widget elementor-widget-image\" data-id=\"d067051\" data-element_type=\"widget\" data-e-type=\"widget\" data-widget_type=\"image.default\">\n\t\t\t\t<div class=\"elementor-widget-container\">\n\t\t\t\t\t\t\t\t\t\t\t\t\t\t\t\t<a href=\"https:\/\/dscaslav.cz\/%20\" target=\"_blank\">\n\t\t\t\t\t\t\t<img loading=\"lazy\" decoding=\"async\" width=\"250\" height=\"150\" src=\"https:\/\/ready4crisis.eu\/wp-content\/uploads\/2023\/06\/p8.png\" class=\"attachment-large size-large wp-image-215\" alt=\"p8\" srcset=\"https:\/\/ready4crisis.eu\/wp-content\/uploads\/2023\/06\/p8.png 250w, https:\/\/ready4crisis.eu\/wp-content\/uploads\/2023\/06\/p8-200x120.png 200w\" sizes=\"(max-width: 250px) 100vw, 250px\" \/>\t\t\t\t\t\t\t\t<\/a>\n\t\t\t\t\t\t\t\t\t\t\t\t\t\t\t<\/div>\n\t\t\t\t<\/div>\n\t\t\t\t\t<\/div>\n\t\t<\/div>\n\t\t\t\t\t<\/div>\n\t\t<\/section>\n\t\t\t\t<section class=\"elementor-section elementor-top-section elementor-element elementor-element-5fed267 elementor-section-boxed elementor-section-height-default elementor-section-height-default\" data-id=\"5fed267\" data-element_type=\"section\" data-e-type=\"section\">\n\t\t\t\t\t\t<div class=\"elementor-container elementor-column-gap-default\">\n\t\t\t\t\t<div class=\"elementor-column elementor-col-25 elementor-top-column elementor-element elementor-element-3322411\" data-id=\"3322411\" data-element_type=\"column\" data-e-type=\"column\">\n\t\t\t<div class=\"elementor-widget-wrap elementor-element-populated\">\n\t\t\t\t\t\t<div class=\"elementor-element elementor-element-6bff4c7 elementor-widget elementor-widget-image\" data-id=\"6bff4c7\" data-element_type=\"widget\" data-e-type=\"widget\" data-widget_type=\"image.default\">\n\t\t\t\t<div class=\"elementor-widget-container\">\n\t\t\t\t\t\t\t\t\t\t\t\t\t\t\t<img loading=\"lazy\" decoding=\"async\" width=\"250\" height=\"150\" src=\"https:\/\/ready4crisis.eu\/wp-content\/uploads\/2023\/06\/p2.png\" class=\"attachment-large size-large wp-image-221\" alt=\"p2\" srcset=\"https:\/\/ready4crisis.eu\/wp-content\/uploads\/2023\/06\/p2.png 250w, https:\/\/ready4crisis.eu\/wp-content\/uploads\/2023\/06\/p2-200x120.png 200w\" sizes=\"(max-width: 250px) 100vw, 250px\" \/>\t\t\t\t\t\t\t\t\t\t\t\t\t\t\t<\/div>\n\t\t\t\t<\/div>\n\t\t\t\t\t<\/div>\n\t\t<\/div>\n\t\t\t\t<div class=\"elementor-column elementor-col-25 elementor-top-column elementor-element elementor-element-80e763d\" data-id=\"80e763d\" data-element_type=\"column\" data-e-type=\"column\">\n\t\t\t<div class=\"elementor-widget-wrap elementor-element-populated\">\n\t\t\t\t\t\t<div class=\"elementor-element elementor-element-40febe4 elementor-widget elementor-widget-image\" data-id=\"40febe4\" data-element_type=\"widget\" data-e-type=\"widget\" data-widget_type=\"image.default\">\n\t\t\t\t<div class=\"elementor-widget-container\">\n\t\t\t\t\t\t\t\t\t\t\t\t\t\t\t\t<a href=\"https:\/\/www.zspkrosno.edu.pl\/%20%20\" target=\"_blank\">\n\t\t\t\t\t\t\t<img loading=\"lazy\" decoding=\"async\" width=\"250\" height=\"150\" src=\"https:\/\/ready4crisis.eu\/wp-content\/uploads\/2023\/06\/p4.png\" class=\"attachment-large size-large wp-image-216\" alt=\"p4\" srcset=\"https:\/\/ready4crisis.eu\/wp-content\/uploads\/2023\/06\/p4.png 250w, https:\/\/ready4crisis.eu\/wp-content\/uploads\/2023\/06\/p4-200x120.png 200w\" sizes=\"(max-width: 250px) 100vw, 250px\" \/>\t\t\t\t\t\t\t\t<\/a>\n\t\t\t\t\t\t\t\t\t\t\t\t\t\t\t<\/div>\n\t\t\t\t<\/div>\n\t\t\t\t\t<\/div>\n\t\t<\/div>\n\t\t\t\t<div class=\"elementor-column elementor-col-25 elementor-top-column elementor-element elementor-element-94fc684\" data-id=\"94fc684\" data-element_type=\"column\" data-e-type=\"column\">\n\t\t\t<div class=\"elementor-widget-wrap elementor-element-populated\">\n\t\t\t\t\t\t<div class=\"elementor-element elementor-element-420f178 elementor-widget elementor-widget-image\" data-id=\"420f178\" data-element_type=\"widget\" data-e-type=\"widget\" data-widget_type=\"image.default\">\n\t\t\t\t<div class=\"elementor-widget-container\">\n\t\t\t\t\t\t\t\t\t\t\t\t\t\t\t\t<a href=\"https:\/\/read-lab.eu\/%20\" target=\"_blank\">\n\t\t\t\t\t\t\t<img loading=\"lazy\" decoding=\"async\" width=\"250\" height=\"150\" src=\"https:\/\/ready4crisis.eu\/wp-content\/uploads\/2023\/06\/p7.png\" class=\"attachment-large size-large wp-image-217\" alt=\"p7\" srcset=\"https:\/\/ready4crisis.eu\/wp-content\/uploads\/2023\/06\/p7.png 250w, https:\/\/ready4crisis.eu\/wp-content\/uploads\/2023\/06\/p7-200x120.png 200w\" sizes=\"(max-width: 250px) 100vw, 250px\" \/>\t\t\t\t\t\t\t\t<\/a>\n\t\t\t\t\t\t\t\t\t\t\t\t\t\t\t<\/div>\n\t\t\t\t<\/div>\n\t\t\t\t\t<\/div>\n\t\t<\/div>\n\t\t\t\t<div class=\"elementor-column elementor-col-25 elementor-top-column elementor-element elementor-element-530bc28\" data-id=\"530bc28\" data-element_type=\"column\" data-e-type=\"column\">\n\t\t\t<div class=\"elementor-widget-wrap elementor-element-populated\">\n\t\t\t\t\t\t<div class=\"elementor-element elementor-element-d3de1da elementor-widget elementor-widget-image\" data-id=\"d3de1da\" data-element_type=\"widget\" data-e-type=\"widget\" data-widget_type=\"image.default\">\n\t\t\t\t<div class=\"elementor-widget-container\">\n\t\t\t\t\t\t\t\t\t\t\t\t\t\t\t\t<a href=\"https:\/\/crisis.med.uoa.gr\/%20\" target=\"_blank\">\n\t\t\t\t\t\t\t<img loading=\"lazy\" decoding=\"async\" width=\"1024\" height=\"296\" src=\"https:\/\/ready4crisis.eu\/wp-content\/uploads\/2025\/10\/NKUA-cyan-left-eng-1-1-1024x296.jpg\" class=\"attachment-large size-large wp-image-1875\" alt=\"cyan left eng\" srcset=\"https:\/\/ready4crisis.eu\/wp-content\/uploads\/2025\/10\/NKUA-cyan-left-eng-1-1-1024x296.jpg 1024w, https:\/\/ready4crisis.eu\/wp-content\/uploads\/2025\/10\/NKUA-cyan-left-eng-1-1-300x87.jpg 300w, https:\/\/ready4crisis.eu\/wp-content\/uploads\/2025\/10\/NKUA-cyan-left-eng-1-1-768x222.jpg 768w, https:\/\/ready4crisis.eu\/wp-content\/uploads\/2025\/10\/NKUA-cyan-left-eng-1-1-1536x444.jpg 1536w, https:\/\/ready4crisis.eu\/wp-content\/uploads\/2025\/10\/NKUA-cyan-left-eng-1-1-2048x591.jpg 2048w, https:\/\/ready4crisis.eu\/wp-content\/uploads\/2025\/10\/NKUA-cyan-left-eng-1-1-18x5.jpg 18w, https:\/\/ready4crisis.eu\/wp-content\/uploads\/2025\/10\/NKUA-cyan-left-eng-1-1-200x58.jpg 200w, https:\/\/ready4crisis.eu\/wp-content\/uploads\/2025\/10\/NKUA-cyan-left-eng-1-1-350x100.jpg 350w\" sizes=\"(max-width: 1024px) 100vw, 1024px\" \/>\t\t\t\t\t\t\t\t<\/a>\n\t\t\t\t\t\t\t\t\t\t\t\t\t\t\t<\/div>\n\t\t\t\t<\/div>\n\t\t\t\t<div class=\"elementor-element elementor-element-676c550 elementor-widget elementor-widget-image\" data-id=\"676c550\" data-element_type=\"widget\" data-e-type=\"widget\" data-widget_type=\"image.default\">\n\t\t\t\t<div class=\"elementor-widget-container\">\n\t\t\t\t\t\t\t\t\t\t\t\t\t\t\t\t<a href=\"https:\/\/crisis.med.uoa.gr\/%20\" target=\"_blank\">\n\t\t\t\t\t\t\t<img loading=\"lazy\" decoding=\"async\" width=\"1024\" height=\"475\" src=\"https:\/\/ready4crisis.eu\/wp-content\/uploads\/2025\/10\/NKUA-MSc-color-logo-1-1024x475.jpg\" class=\"attachment-large size-large wp-image-1874\" alt=\"NKUA MSc color logo (1)\" srcset=\"https:\/\/ready4crisis.eu\/wp-content\/uploads\/2025\/10\/NKUA-MSc-color-logo-1-1024x475.jpg 1024w, https:\/\/ready4crisis.eu\/wp-content\/uploads\/2025\/10\/NKUA-MSc-color-logo-1-300x139.jpg 300w, https:\/\/ready4crisis.eu\/wp-content\/uploads\/2025\/10\/NKUA-MSc-color-logo-1-768x356.jpg 768w, https:\/\/ready4crisis.eu\/wp-content\/uploads\/2025\/10\/NKUA-MSc-color-logo-1-1536x712.jpg 1536w, https:\/\/ready4crisis.eu\/wp-content\/uploads\/2025\/10\/NKUA-MSc-color-logo-1-18x8.jpg 18w, https:\/\/ready4crisis.eu\/wp-content\/uploads\/2025\/10\/NKUA-MSc-color-logo-1-200x93.jpg 200w, https:\/\/ready4crisis.eu\/wp-content\/uploads\/2025\/10\/NKUA-MSc-color-logo-1.jpg 1654w\" sizes=\"(max-width: 1024px) 100vw, 1024px\" \/>\t\t\t\t\t\t\t\t<\/a>\n\t\t\t\t\t\t\t\t\t\t\t\t\t\t\t<\/div>\n\t\t\t\t<\/div>\n\t\t\t\t\t<\/div>\n\t\t<\/div>\n\t\t\t\t\t<\/div>\n\t\t<\/section>\n\t\t\t\t<\/div>","protected":false},"excerpt":{"rendered":"<p>About Us The Ready4crisis project aims to<\/p>","protected":false},"author":3,"featured_media":0,"parent":0,"menu_order":0,"comment_status":"closed","ping_status":"closed","template":"page.php","meta":{"footnotes":""},"class_list":["post-169","page","type-page","status-publish","hentry"],"_links":{"self":[{"href":"https:\/\/ready4crisis.eu\/cs\/wp-json\/wp\/v2\/pages\/169","targetHints":{"allow":["GET"]}}],"collection":[{"href":"https:\/\/ready4crisis.eu\/cs\/wp-json\/wp\/v2\/pages"}],"about":[{"href":"https:\/\/ready4crisis.eu\/cs\/wp-json\/wp\/v2\/types\/page"}],"author":[{"embeddable":true,"href":"https:\/\/ready4crisis.eu\/cs\/wp-json\/wp\/v2\/users\/3"}],"replies":[{"embeddable":true,"href":"https:\/\/ready4crisis.eu\/cs\/wp-json\/wp\/v2\/comments?post=169"}],"version-history":[{"count":15,"href":"https:\/\/ready4crisis.eu\/cs\/wp-json\/wp\/v2\/pages\/169\/revisions"}],"predecessor-version":[{"id":1893,"href":"https:\/\/ready4crisis.eu\/cs\/wp-json\/wp\/v2\/pages\/169\/revisions\/1893"}],"wp:attachment":[{"href":"https:\/\/ready4crisis.eu\/cs\/wp-json\/wp\/v2\/media?parent=169"}],"curies":[{"name":"wp","href":"https:\/\/api.w.org\/{rel}","templated":true}]}}